{"id":931,"date":"2024-10-22T20:07:27","date_gmt":"2024-10-22T18:07:27","guid":{"rendered":"http:\/\/locaperche.fr\/?post_type=product&#038;p=931"},"modified":"2025-03-09T01:09:27","modified_gmt":"2025-03-09T00:09:27","slug":"chauvet-intimidator-110","status":"publish","type":"product","link":"https:\/\/locaperche.fr\/index.php\/produit\/chauvet-intimidator-110\/","title":{"rendered":"CHAUVET INTIMIDATOR 110"},"content":{"rendered":"<div class=\"content content-block\">\n<div class=\"content content-block\">\n<p>Faisceau mobile petit mais puissant ! L\u2019Intimidator Scan 110 est un scanner LED extr\u00eamement compact et l\u00e9ger, id\u00e9al pour les applications mobiles. Animez n\u2019importe quelle piste de danse avec des mouvements rapides et pr\u00e9cis \u00e0 l\u2019aide de programmes activ\u00e9s par le son qui bougent au rythme de la musique ou d\u2019une\u00a0<a href=\"https:\/\/fr.chauvetdj.com\/products\/irc-6\" target=\"_blank\" rel=\"noopener noreferrer\">t\u00e9l\u00e9commande IRC-6<\/a>\u00a0en option, sans fil, pratique et non DMX. L\u2019Intimidator Scan 110 vous fait gagner du temps ! Les macros de mouvement int\u00e9gr\u00e9es et les fonctionnalit\u00e9s de d\u00e9placement dans le noir rendent la programmation rapide et facile et vous permettent de gagner du temps avec les c\u00e2bles et les rallonges \u00e9lectriques en connectant plusieurs unit\u00e9s. \u00a0Rangement optimal dans le\u00a0<a href=\"https:\/\/fr.chauvetdj.com\/products\/chs-40\/\" target=\"_blank\" rel=\"noopener noreferrer\">sac de transport CHS-40 VIP<\/a>.<\/p>\n<\/div>\n<div class=\"video featured box\">\n<div class=\"specs box\">\n<ul class=\"list fontface\">\n<li><span class=\"fontface bold\">Canaux DMX:<\/span>5 ou 11<\/li>\n<li><span class=\"fontface bold\">Connecteurs DMX:<\/span> XLR 3 broches<\/li>\n<li><span class=\"fontface bold\">Pan et tilt:<\/span>180\u00b0\/45\u00b0<\/li>\n<li><span class=\"fontface bold\">Source lumineuse:<\/span> 1 LED (blanc froid) 10 W (2 A) 50 000 heures de dur\u00e9e de vie<\/li>\n<li><span class=\"fontface bold\">Fr\u00e9quence stroboscopique:<\/span>0 \u00e0 18 Hz<\/li>\n<li><span class=\"fontface bold\">Angle de faisceau:<\/span>13\u00b0<\/li>\n<li><span class=\"fontface bold\">\u00c9clairement lumineux:<\/span>1 110 lux \u00e0 2 m<\/li>\n<li><span class=\"fontface bold\">Raccordement \u00e9lectrique:<\/span>17 unit\u00e9s \u00e0 120 V; 31 unit\u00e9s \u00e0 230 V<\/li>\n<li><span class=\"fontface bold\">Tension d&#8217;entr\u00e9e:<\/span>100 \u00e0 240 VCA, 50\/60 Hz (r\u00e9gulation automatique)<\/li>\n<li><span class=\"fontface bold\">Puissance et intensit\u00e9:<\/span>30 W, 0,5 A \u00e0 120 V, 60 Hz<br \/>\n30 W, 0,3 A \u00e0 230 V, 50 Hz<\/li>\n<li><span class=\"fontface bold\">Poids:<\/span>2,1 kg (4,6 livres)<\/li>\n<li><span class=\"fontface bold\">Dimensions:<\/span>190,5 x 119,3 x 269 mm (7,5 x 4,7 x 10,6 po)<\/li>\n<li><span class=\"fontface bold\">Homologations:<\/span>CE<\/li>\n<li><span class=\"fontface bold\">Combinaisons combin\u00e9es de couleurs et de gobos:<\/span> 8 mod\u00e8les + ouvert<\/li>\n<li><span class=\"fontface bold\">Contr\u00f4leurs en option:<\/span> <a href=\"https:\/\/fr.chauvetdj.com\/products\/irc-6\/\">IRC-6<\/a><\/li>\n<\/ul>\n<\/div>\n<\/div>\n<\/div>\n<h3><\/h3>\n","protected":false},"excerpt":{"rendered":"<p>Faisceau mobile petit mais puissant ! L\u2019Intimidator Scan 110 est un scanner LED extr\u00eamement compact et l\u00e9ger, id\u00e9al pour les applications mobiles. Animez n\u2019importe quelle piste de danse avec des mouvements rapides et pr\u00e9cis \u00e0 l\u2019aide de programmes activ\u00e9s par le son qui bougent au rythme de la musique ou d\u2019une\u00a0t\u00e9l\u00e9commande IRC-6\u00a0en option, sans fil, [&hellip;]<\/p>\n","protected":false},"featured_media":933,"comment_status":"open","ping_status":"closed","template":"","meta":[],"product_cat":[17],"product_tag":[],"class_list":["post-931","product","type-product","status-publish","has-post-thumbnail","hentry","product_cat-lyre-et-scan"],"_links":{"self":[{"href":"https:\/\/locaperche.fr\/index.php\/wp-json\/wp\/v2\/product\/931","targetHints":{"allow":["GET"]}}],"collection":[{"href":"https:\/\/locaperche.fr\/index.php\/wp-json\/wp\/v2\/product"}],"about":[{"href":"https:\/\/locaperche.fr\/index.php\/wp-json\/wp\/v2\/types\/product"}],"replies":[{"embeddable":true,"href":"https:\/\/locaperche.fr\/index.php\/wp-json\/wp\/v2\/comments?post=931"}],"wp:featuredmedia":[{"embeddable":true,"href":"https:\/\/locaperche.fr\/index.php\/wp-json\/wp\/v2\/media\/933"}],"wp:attachment":[{"href":"https:\/\/locaperche.fr\/index.php\/wp-json\/wp\/v2\/media?parent=931"}],"wp:term":[{"taxonomy":"product_cat","embeddable":true,"href":"https:\/\/locaperche.fr\/index.php\/wp-json\/wp\/v2\/product_cat?post=931"},{"taxonomy":"product_tag","embeddable":true,"href":"https:\/\/locaperche.fr\/index.php\/wp-json\/wp\/v2\/product_tag?post=931"}],"curies":[{"name":"wp","href":"https:\/\/api.w.org\/{rel}","templated":true}]}}