{"id":925,"date":"2024-10-22T17:12:40","date_gmt":"2024-10-22T15:12:40","guid":{"rendered":"http:\/\/locaperche.fr\/?post_type=product&#038;p=925"},"modified":"2024-10-24T00:53:08","modified_gmt":"2024-10-23T22:53:08","slug":"malone-uhf-452","status":"publish","type":"product","link":"https:\/\/locaperche.fr\/index.php\/produit\/malone-uhf-452\/","title":{"rendered":"MALONE UHF 452"},"content":{"rendered":"<p><span class=\"a-text-bold\">Set de micros sans fil 2 canaux avec deux micros \u00e0 main tr\u00e8s pratique. <\/span><\/p>\n<p class=\"a-text-bold\"><span class=\"a-text-bold\">Sortie AUX et XLR pour une connexion c\u00e2bl\u00e9e.<br \/>\n<\/span><\/p>\n<p class=\"a-text-bold\"><span class=\"a-text-bold\">Valise de transport matelass\u00e9e incluse.<br \/>\n<\/span><\/p>\n<p class=\"a-text-bold\"><span class=\"a-text-bold\">Le <\/span><span class=\"a-text-bold\">Malone <\/span><span class=\"a-text-bold\">UHF-450 Duo1 est un <\/span><span class=\"a-text-bold\">set de micros sans fil <\/span><span class=\"a-text-bold\">pour la sc\u00e8ne<br \/>\nqui r\u00e9pond aux exigences quotidiennes des organisateurs d\u2019\u00e9v\u00e9nements de mani\u00e8re<br \/>\nparticuli\u00e8rement versatile et comp\u00e9tente.<br \/>\n<\/span><\/p>\n<p class=\"a-text-bold\"><span class=\"a-text-bold\">Le set de micros sans fil se compose pour ce faire de deux <\/span><span class=\"a-text-bold\">micros main <\/span><span class=\"a-text-bold\">\u00e0<br \/>\nm\u00eame de satisfaire le r\u00e9pertoire des chanteurs, orateurs, vendeurs \u00e0 la cri\u00e9e et<br \/>\nautres professions qui n\u00e9cessitent une qualit\u00e9 performative irr\u00e9prochable. <\/span><\/p>\n<p class=\"a-text-bold\"><span class=\"a-text-bold\">Caract\u00e9ristiques:<\/span><\/p>\n<p class=\"a-text-bold\"><span class=\"a-text-bold\">\u2022 Connexions r\u00e9cepteur: 2 x sortie XLR micro, sortie jack 6,3 mm<br \/>\n\u2022 Bande de fr\u00e9quences: 823-832MHz<br \/>\n\u2022 Contr\u00f4le du volume<br \/>\n\u2022 Boutons bande de fr\u00e9quence<br \/>\n\u2022 Mode muet<br \/>\n\u2022 S\u00e9lecteur de mode<br \/>\n\u2022 LED d\u2019alimentation<br \/>\n\u2022 LED d\u2019\u00e9tat<br \/>\n\u2022 Ecran LCD r\u00e9tro-\u00e9clair\u00e9 bleu<br \/>\n\u2022 Pieds<br \/>\n\u2022 Antennes droite sur le r\u00e9cepteur<br \/>\n\u2022 Antenne flexible sur l\u2019\u00e9metteur de poche<br \/>\n\u2022 Interrupteur ON\/OFF sur \u201d\u2039\u201d\u2039le micro<br \/>\n\u2022 Puissance micro mains: 2 x piles AA (incluses)<br \/>\n\u2022 Alimentation du r\u00e9cepteur: AC 230V, 50Hz, DC 13-15V, 500mA (adaptateur secteur<br \/>\ninclus)<br \/>\n<\/span><\/p>\n<p class=\"a-text-bold\"><span class=\"a-text-bold\">Inclus dans la livraison:<\/span><\/p>\n<p class=\"a-text-bold\"><span class=\"a-text-bold\">\u2022 R\u00e9cepteur<br \/>\n\u2022 C\u00e2ble alimentation<br \/>\n\u2022 2 x Microphones \u00e0 main<br \/>\n\u2022 C\u00e2ble jack<br \/>\n\u2022 4 x Piles<br \/>\n\u2022 \u00c9tui<br \/>\n<\/span><\/p>\n<p class=\"a-text-bold\"><span class=\"a-text-bold\">Dimensions:<\/span><\/p>\n<p class=\"a-text-bold\"><span class=\"a-text-bold\">\u2022 R\u00e9cepteur: 18,5 x 4,5 x 12cm (LxHxP)<br \/>\n\u2022 Poids r\u00e9cepteur: env. 330g<\/span><\/p>\n","protected":false},"excerpt":{"rendered":"<p>Set de micros sans fil 2 canaux avec deux micros \u00e0 main tr\u00e8s pratique. Sortie AUX et XLR pour une connexion c\u00e2bl\u00e9e. Valise de transport matelass\u00e9e incluse. Le Malone UHF-450 Duo1 est un set de micros sans fil pour la sc\u00e8ne qui r\u00e9pond aux exigences quotidiennes des organisateurs d\u2019\u00e9v\u00e9nements de mani\u00e8re particuli\u00e8rement versatile et comp\u00e9tente. [&hellip;]<\/p>\n","protected":false},"featured_media":926,"comment_status":"open","ping_status":"closed","template":"","meta":[],"product_cat":[51],"product_tag":[],"class_list":["post-925","product","type-product","status-publish","has-post-thumbnail","hentry","product_cat-casque-et-micro"],"_links":{"self":[{"href":"https:\/\/locaperche.fr\/index.php\/wp-json\/wp\/v2\/product\/925","targetHints":{"allow":["GET"]}}],"collection":[{"href":"https:\/\/locaperche.fr\/index.php\/wp-json\/wp\/v2\/product"}],"about":[{"href":"https:\/\/locaperche.fr\/index.php\/wp-json\/wp\/v2\/types\/product"}],"replies":[{"embeddable":true,"href":"https:\/\/locaperche.fr\/index.php\/wp-json\/wp\/v2\/comments?post=925"}],"wp:featuredmedia":[{"embeddable":true,"href":"https:\/\/locaperche.fr\/index.php\/wp-json\/wp\/v2\/media\/926"}],"wp:attachment":[{"href":"https:\/\/locaperche.fr\/index.php\/wp-json\/wp\/v2\/media?parent=925"}],"wp:term":[{"taxonomy":"product_cat","embeddable":true,"href":"https:\/\/locaperche.fr\/index.php\/wp-json\/wp\/v2\/product_cat?post=925"},{"taxonomy":"product_tag","embeddable":true,"href":"https:\/\/locaperche.fr\/index.php\/wp-json\/wp\/v2\/product_tag?post=925"}],"curies":[{"name":"wp","href":"https:\/\/api.w.org\/{rel}","templated":true}]}}