{"id":817,"date":"2024-10-21T14:24:11","date_gmt":"2024-10-21T12:24:11","guid":{"rendered":"http:\/\/locaperche.fr\/?post_type=product&#038;p=817"},"modified":"2025-03-11T17:49:13","modified_gmt":"2025-03-11T16:49:13","slug":"contest-water","status":"publish","type":"product","link":"https:\/\/locaperche.fr\/index.php\/produit\/contest-water\/","title":{"rendered":"EFFET EAU &#8211; LAGON &#8211; FLAMME"},"content":{"rendered":"<p>Il s&#8217;agit d&#8217;un <strong>projecteur<\/strong> qui diffuse en continu un <strong>effet d&#8217;\u00e9clairage simulateur d&#8217;eau, de lagon ou de flamme <\/strong>sur la piste. Il est id\u00e9al pour r\u00e9aliser une d\u00e9coration dans une salle. Il peut \u00e9galement \u00eatre utilis\u00e9 pour cr\u00e9er une ambiance de soir\u00e9e sur le dancefloor.<\/p>\n<p>Les effets se contr\u00f4lent via un switch \u00e0 l&#8217;arri\u00e8re de l&#8217;appareil, afin de choisir entre une couleur fixe ou un d\u00e9filement automatique des 5 couleurs variables par roue ind\u00e9pendante (ouverture de faisceau \u00e0 44\u00b0)<\/p>\n<p>3 Modeles disponibles :<\/p>\n<p>ADJ 12W LED<\/p>\n<p>CONTEST 50W LED<\/p>\n<p>CONTEST 250W ELC<\/p>\n","protected":false},"excerpt":{"rendered":"<p>Il s&#8217;agit d&#8217;un projecteur qui diffuse en continu un effet d&#8217;\u00e9clairage simulateur d&#8217;eau, de lagon ou de flamme sur la piste. Il est id\u00e9al pour r\u00e9aliser une d\u00e9coration dans une salle. Il peut \u00e9galement \u00eatre utilis\u00e9 pour cr\u00e9er une ambiance de soir\u00e9e sur le dancefloor. Les effets se contr\u00f4lent via un switch \u00e0 l&#8217;arri\u00e8re de [&hellip;]<\/p>\n","protected":false},"featured_media":59,"comment_status":"open","ping_status":"closed","template":"","meta":[],"product_cat":[52],"product_tag":[],"class_list":["post-817","product","type-product","status-publish","has-post-thumbnail","hentry","product_cat-effets-speciaux"],"_links":{"self":[{"href":"https:\/\/locaperche.fr\/index.php\/wp-json\/wp\/v2\/product\/817","targetHints":{"allow":["GET"]}}],"collection":[{"href":"https:\/\/locaperche.fr\/index.php\/wp-json\/wp\/v2\/product"}],"about":[{"href":"https:\/\/locaperche.fr\/index.php\/wp-json\/wp\/v2\/types\/product"}],"replies":[{"embeddable":true,"href":"https:\/\/locaperche.fr\/index.php\/wp-json\/wp\/v2\/comments?post=817"}],"wp:featuredmedia":[{"embeddable":true,"href":"https:\/\/locaperche.fr\/index.php\/wp-json\/wp\/v2\/media\/59"}],"wp:attachment":[{"href":"https:\/\/locaperche.fr\/index.php\/wp-json\/wp\/v2\/media?parent=817"}],"wp:term":[{"taxonomy":"product_cat","embeddable":true,"href":"https:\/\/locaperche.fr\/index.php\/wp-json\/wp\/v2\/product_cat?post=817"},{"taxonomy":"product_tag","embeddable":true,"href":"https:\/\/locaperche.fr\/index.php\/wp-json\/wp\/v2\/product_tag?post=817"}],"curies":[{"name":"wp","href":"https:\/\/api.w.org\/{rel}","templated":true}]}}