{"id":81,"date":"2023-08-13T15:40:37","date_gmt":"2023-08-13T13:40:37","guid":{"rendered":"http:\/\/locaperche.fr\/?post_type=product&#038;p=81"},"modified":"2025-03-12T01:16:58","modified_gmt":"2025-03-12T00:16:58","slug":"astro-led","status":"publish","type":"product","link":"https:\/\/locaperche.fr\/index.php\/produit\/astro-led\/","title":{"rendered":"ASTRO LED"},"content":{"rendered":"<p class=\"ficheproduit\">2 modes de fonctionnement : Automatique et activation audio<br \/>\n<img decoding=\"async\" src=\"https:\/\/www.lotronic.net\/skin\/frontend\/Kartparadigm\/default\/images\/bullet_produit.gif\" \/>6 couleurs : Rouge-vert-bleu-blanc-ambre-violet<br \/>\n<img decoding=\"async\" src=\"https:\/\/www.lotronic.net\/skin\/frontend\/Kartparadigm\/default\/images\/bullet_produit.gif\" \/>Longue dur\u00e9e de vie, pas besoin de changer des ampoules<br \/>\n<img decoding=\"async\" src=\"https:\/\/www.lotronic.net\/skin\/frontend\/Kartparadigm\/default\/images\/bullet_produit.gif\" \/>Faible chaleur, faible consommation de courant,<br \/>\n<img decoding=\"async\" src=\"https:\/\/www.lotronic.net\/skin\/frontend\/Kartparadigm\/default\/images\/bullet_produit.gif\" \/>Fonctionnement continu sans interruption pendant des heures<br \/>\n<img decoding=\"async\" src=\"https:\/\/www.lotronic.net\/skin\/frontend\/Kartparadigm\/default\/images\/bullet_produit.gif\" \/>Id\u00e9al pour les clubs, pubs, f\u00eates et DJ mobiles.<\/p>\n<p class=\"ficheproduit\">Alimentation90-240Vac 50\/60Hz<\/p>\n<p class=\"ficheproduit\">LED6 LED RVBBAV de 1W<\/p>\n<p class=\"ficheproduit\">Dim.185 x 185 x 150mm<\/p>\n<p class=\"ficheproduit\">Poids500g<\/p>\n","protected":false},"excerpt":{"rendered":"<p>Effet lumineux populaire qui envoie 200 rayons de lumi\u00e8re \u00e0 travers ses lentilles transparentes qui ressemblent \u00e0 des fleurs en mouvement.<\/p>\n","protected":false},"featured_media":83,"comment_status":"open","ping_status":"closed","template":"","meta":[],"product_cat":[58],"product_tag":[],"class_list":["post-81","product","type-product","status-publish","has-post-thumbnail","hentry","product_cat-mushroom"],"_links":{"self":[{"href":"https:\/\/locaperche.fr\/index.php\/wp-json\/wp\/v2\/product\/81","targetHints":{"allow":["GET"]}}],"collection":[{"href":"https:\/\/locaperche.fr\/index.php\/wp-json\/wp\/v2\/product"}],"about":[{"href":"https:\/\/locaperche.fr\/index.php\/wp-json\/wp\/v2\/types\/product"}],"replies":[{"embeddable":true,"href":"https:\/\/locaperche.fr\/index.php\/wp-json\/wp\/v2\/comments?post=81"}],"wp:featuredmedia":[{"embeddable":true,"href":"https:\/\/locaperche.fr\/index.php\/wp-json\/wp\/v2\/media\/83"}],"wp:attachment":[{"href":"https:\/\/locaperche.fr\/index.php\/wp-json\/wp\/v2\/media?parent=81"}],"wp:term":[{"taxonomy":"product_cat","embeddable":true,"href":"https:\/\/locaperche.fr\/index.php\/wp-json\/wp\/v2\/product_cat?post=81"},{"taxonomy":"product_tag","embeddable":true,"href":"https:\/\/locaperche.fr\/index.php\/wp-json\/wp\/v2\/product_tag?post=81"}],"curies":[{"name":"wp","href":"https:\/\/api.w.org\/{rel}","templated":true}]}}