{"id":808,"date":"2024-10-20T21:17:16","date_gmt":"2024-10-20T19:17:16","guid":{"rendered":"http:\/\/locaperche.fr\/?post_type=product&#038;p=808"},"modified":"2025-03-11T17:39:39","modified_gmt":"2025-03-11T16:39:39","slug":"kaleido","status":"publish","type":"product","link":"https:\/\/locaperche.fr\/index.php\/produit\/kaleido\/","title":{"rendered":"EFFET KALEIDOSCOPE"},"content":{"rendered":"<p>Le Kaleido Tech sauvage est un effet de d\u00e9co qui projette un affichage jamais variable des patrons psych\u00e9d\u00e9liques. Il est sortie brillant et images nettes de rasoir ajouter un \u00e9l\u00e9ment unique pour tout spectacle, club ou parti.<\/p>\n<p><b>Sp\u00e9cifications<\/b><\/p>\n<ul>\n<li>Effet kal\u00e9idoscopique unique qui projette un essaim de patrons tourbillonnantes<\/li>\n<li>Excellents programmes int\u00e9gr\u00e9s avec mouvement automatique, d\u00e9clench\u00e9e par le microphone interne<\/li>\n<li>Plusieurs unit\u00e9s peuvent \u00eatre li\u00e9es pour les spectacles de lumi\u00e8re synchrones<\/li>\n<li>Optique pr\u00e9cis avec une roue de gobos\/couleurs sp\u00e9ciales.<\/li>\n<li>Parfait pour les projections de la paroi arri\u00e8re-plan<\/li>\n<li>Facultatif contr\u00f4leur CA-8 disponible<\/li>\n<li>Alimentation alimentation 230v<\/li>\n<li>Lampe LED 50w<\/li>\n<li>Lampe de rechange Lamp88<\/li>\n<li>Dimensions 306 x 263 x 140 mm<\/li>\n<li>Poids 2.0 kgs<\/li>\n<\/ul>\n","protected":false},"excerpt":{"rendered":"<p>Le Kaleido Tech sauvage est un effet de d\u00e9co qui projette un affichage jamais variable des patrons psych\u00e9d\u00e9liques. Il est sortie brillant et images nettes de rasoir ajouter un \u00e9l\u00e9ment unique pour tout spectacle, club ou parti. Sp\u00e9cifications Effet kal\u00e9idoscopique unique qui projette un essaim de patrons tourbillonnantes Excellents programmes int\u00e9gr\u00e9s avec mouvement automatique, d\u00e9clench\u00e9e [&hellip;]<\/p>\n","protected":false},"featured_media":1152,"comment_status":"open","ping_status":"closed","template":"","meta":[],"product_cat":[52],"product_tag":[],"class_list":["post-808","product","type-product","status-publish","has-post-thumbnail","hentry","product_cat-effets-speciaux"],"_links":{"self":[{"href":"https:\/\/locaperche.fr\/index.php\/wp-json\/wp\/v2\/product\/808","targetHints":{"allow":["GET"]}}],"collection":[{"href":"https:\/\/locaperche.fr\/index.php\/wp-json\/wp\/v2\/product"}],"about":[{"href":"https:\/\/locaperche.fr\/index.php\/wp-json\/wp\/v2\/types\/product"}],"replies":[{"embeddable":true,"href":"https:\/\/locaperche.fr\/index.php\/wp-json\/wp\/v2\/comments?post=808"}],"wp:featuredmedia":[{"embeddable":true,"href":"https:\/\/locaperche.fr\/index.php\/wp-json\/wp\/v2\/media\/1152"}],"wp:attachment":[{"href":"https:\/\/locaperche.fr\/index.php\/wp-json\/wp\/v2\/media?parent=808"}],"wp:term":[{"taxonomy":"product_cat","embeddable":true,"href":"https:\/\/locaperche.fr\/index.php\/wp-json\/wp\/v2\/product_cat?post=808"},{"taxonomy":"product_tag","embeddable":true,"href":"https:\/\/locaperche.fr\/index.php\/wp-json\/wp\/v2\/product_tag?post=808"}],"curies":[{"name":"wp","href":"https:\/\/api.w.org\/{rel}","templated":true}]}}