{"id":802,"date":"2024-10-19T10:36:20","date_gmt":"2024-10-19T08:36:20","guid":{"rendered":"https:\/\/locaperche.fr\/?post_type=product&#038;p=802"},"modified":"2025-03-12T01:23:26","modified_gmt":"2025-03-12T00:23:26","slug":"american-dj-comscan","status":"publish","type":"product","link":"https:\/\/locaperche.fr\/index.php\/produit\/american-dj-comscan\/","title":{"rendered":"AMERICAN DJ COMSCAN"},"content":{"rendered":"<p>AMERICAN DJ COMSCAN SYSTEM<\/p>\n<p>Compact et portatif a haute performance mobile, ce scanner DMX atteint une performance de haut niveau avance. 8 gobos \/ couleurs + spot. Gobos et Couleur sont sur la m\u00eame roue. DMX-512 Protocole (5 canaux DMX).<\/p>\n<p>4 boutons de programmation direct sur affichage digital sur le panneau arri\u00e8re. 3 modes de fonctionnement: Contr\u00f4leur DMX, Ma\u00eetre \/ Esclave et Musicale.<\/p>\n<p>Plusieurs programmes int\u00e8gres. Inversion mode Pan \/ Tilt: pour l\\&#8217;utilisation de 4 scanners en Ma\u00eetre \/ Esclave<\/p>\n<p>R\u00e9glage manuel de la lentille de focalisation. Effet Gobo Shake. Contr\u00f4ler la luminosit\u00e9 : 0-100%. Effet stroboscopique.<\/p>\n<p>Angle d&#8217;ouverture: 13-degrs. X \/ Y d\u00e9placement du miroir. Pan : 166 degr\u00e9s DMX, 104 degr\u00e9s en mode musicale.<\/p>\n<p>Tilt: 54 degr\u00e9s DMX; de 40 degr\u00e9s en mode musicale. 1,8 degr\u00e9s pour le moteur pas pas micro d\u00e9placement. Support de pendaison + crochet de securit inclus. Consommation : 30W max. Support de pendaison inclus.<\/p>\n<p>Longue Dure de vie des LEDS (30000 hr. environ). Multi-voltage: AC 100V ~ 240V 50\/60Hz- prise CEI. Dimensions (Lxlxh): 344x160x200 mm par scan Poids : 3.6kg par scan<\/p>\n","protected":false},"excerpt":{"rendered":"<p>AMERICAN DJ COMSCAN SYSTEM Compact et portatif a haute performance mobile, ce scanner DMX atteint une performance de haut niveau avance. 8 gobos \/ couleurs + spot. Gobos et Couleur sont sur la m\u00eame roue. DMX-512 Protocole (5 canaux DMX). 4 boutons de programmation direct sur affichage digital sur le panneau arri\u00e8re. 3 modes de [&hellip;]<\/p>\n","protected":false},"featured_media":804,"comment_status":"open","ping_status":"closed","template":"","meta":[],"product_cat":[17],"product_tag":[],"class_list":["post-802","product","type-product","status-publish","has-post-thumbnail","hentry","product_cat-lyre-et-scan"],"_links":{"self":[{"href":"https:\/\/locaperche.fr\/index.php\/wp-json\/wp\/v2\/product\/802","targetHints":{"allow":["GET"]}}],"collection":[{"href":"https:\/\/locaperche.fr\/index.php\/wp-json\/wp\/v2\/product"}],"about":[{"href":"https:\/\/locaperche.fr\/index.php\/wp-json\/wp\/v2\/types\/product"}],"replies":[{"embeddable":true,"href":"https:\/\/locaperche.fr\/index.php\/wp-json\/wp\/v2\/comments?post=802"}],"wp:featuredmedia":[{"embeddable":true,"href":"https:\/\/locaperche.fr\/index.php\/wp-json\/wp\/v2\/media\/804"}],"wp:attachment":[{"href":"https:\/\/locaperche.fr\/index.php\/wp-json\/wp\/v2\/media?parent=802"}],"wp:term":[{"taxonomy":"product_cat","embeddable":true,"href":"https:\/\/locaperche.fr\/index.php\/wp-json\/wp\/v2\/product_cat?post=802"},{"taxonomy":"product_tag","embeddable":true,"href":"https:\/\/locaperche.fr\/index.php\/wp-json\/wp\/v2\/product_tag?post=802"}],"curies":[{"name":"wp","href":"https:\/\/api.w.org\/{rel}","templated":true}]}}