{"id":78,"date":"2023-08-13T15:33:13","date_gmt":"2023-08-13T13:33:13","guid":{"rendered":"http:\/\/locaperche.fr\/?post_type=product&#038;p=78"},"modified":"2025-03-12T01:20:17","modified_gmt":"2025-03-12T00:20:17","slug":"eurolite-strobe-e27","status":"publish","type":"product","link":"https:\/\/locaperche.fr\/index.php\/produit\/eurolite-strobe-e27\/","title":{"rendered":"AMPOULE A DECHARGE E27 &#8211; 5W"},"content":{"rendered":"<ul>\n<li>Pour les salles de f\u00eates ou les entr\u00e9es de discoth\u00e8ques<\/li>\n<li>Il suffit de le visser &#8211; c&#8217;est pr\u00eat !<\/li>\n<li>CW<\/li>\n<li>Contr\u00f4le par plug and play<\/li>\n<li>Effet : Effet stroboscopique<\/li>\n<\/ul>\n<p>&nbsp;<\/p>\n<table>\n<tbody>\n<tr>\n<td>Alimentation \u00e9lectrique :<\/td>\n<td>230 V CA, 50 Hz<\/td>\n<\/tr>\n<tr>\n<td>Consommation \u00e9lectrique :<\/td>\n<td>5 W<\/td>\n<\/tr>\n<tr>\n<td>Classification IP :<\/td>\n<td>IP20<\/td>\n<\/tr>\n<tr>\n<td>Base :<\/td>\n<td>E27<\/td>\n<\/tr>\n<tr>\n<td>Type de lampe :<\/td>\n<td>Lampe \u00e0 d\u00e9charge dans le gaz<\/td>\n<\/tr>\n<tr>\n<td>Taux de flash :<\/td>\n<td>1 &#8211; 3 Hz<br \/>\nDur\u00e9e de vie 2000000 flashs<\/td>\n<\/tr>\n<tr>\n<td>G\u00e9n\u00e9ration de couleurs :<\/td>\n<td>CW<\/td>\n<\/tr>\n<tr>\n<td>Contr\u00f4le :<\/td>\n<td>Plug and play<\/td>\n<\/tr>\n<tr>\n<td>Dimensions :<\/td>\n<td>Hauteur : 11 cm<br \/>\nDiam\u00e8tre : \u00d8 4,8 cm<\/td>\n<\/tr>\n<tr>\n<td>Poids :<\/td>\n<td>60 g<\/td>\n<\/tr>\n<tr>\n<td>Sp\u00e9cifications l\u00e9gales<\/td>\n<\/tr>\n<tr>\n<td>R\u00e8glement sur l&#8217;\u00e9coconception :<\/td>\n<td>oui<\/td>\n<\/tr>\n<tr>\n<td>Produit sp\u00e9cial :<\/td>\n<td>Non con\u00e7u pour l&#8217;\u00e9clairage des pi\u00e8ces de la maison<\/td>\n<\/tr>\n<tr>\n<td>utilisation pr\u00e9vue :<\/td>\n<td>\u00e9clairage \u00e0 effets sp\u00e9ciaux<\/td>\n<\/tr>\n<\/tbody>\n<\/table>\n","protected":false},"excerpt":{"rendered":"<p>Lampe stroboscopique pour prise E-27<\/p>\n","protected":false},"featured_media":79,"comment_status":"open","ping_status":"closed","template":"","meta":[],"product_cat":[19],"product_tag":[],"class_list":["post-78","product","type-product","status-publish","has-post-thumbnail","hentry","product_cat-stroboscope"],"_links":{"self":[{"href":"https:\/\/locaperche.fr\/index.php\/wp-json\/wp\/v2\/product\/78","targetHints":{"allow":["GET"]}}],"collection":[{"href":"https:\/\/locaperche.fr\/index.php\/wp-json\/wp\/v2\/product"}],"about":[{"href":"https:\/\/locaperche.fr\/index.php\/wp-json\/wp\/v2\/types\/product"}],"replies":[{"embeddable":true,"href":"https:\/\/locaperche.fr\/index.php\/wp-json\/wp\/v2\/comments?post=78"}],"wp:featuredmedia":[{"embeddable":true,"href":"https:\/\/locaperche.fr\/index.php\/wp-json\/wp\/v2\/media\/79"}],"wp:attachment":[{"href":"https:\/\/locaperche.fr\/index.php\/wp-json\/wp\/v2\/media?parent=78"}],"wp:term":[{"taxonomy":"product_cat","embeddable":true,"href":"https:\/\/locaperche.fr\/index.php\/wp-json\/wp\/v2\/product_cat?post=78"},{"taxonomy":"product_tag","embeddable":true,"href":"https:\/\/locaperche.fr\/index.php\/wp-json\/wp\/v2\/product_tag?post=78"}],"curies":[{"name":"wp","href":"https:\/\/api.w.org\/{rel}","templated":true}]}}