{"id":75,"date":"2023-08-13T15:28:41","date_gmt":"2023-08-13T13:28:41","guid":{"rendered":"http:\/\/locaperche.fr\/?post_type=product&#038;p=75"},"modified":"2025-03-09T22:09:22","modified_gmt":"2025-03-09T21:09:22","slug":"strobe-led-420","status":"publish","type":"product","link":"https:\/\/locaperche.fr\/index.php\/produit\/strobe-led-420\/","title":{"rendered":"STROBOSCOPE A LED &#8211; 80W"},"content":{"rendered":"<p>&#8211; code fournisseur : 15-1232<\/p>\n<p>&#8211; stroboscope d&#8217;une puissance de 4 x 20 w<br \/>\n&#8211; strobo produisant des flashs permettant de voir les danseurs \u00e0 un rythme saccad\u00e9.<br \/>\n&#8211; la d\u00e9composition des mouvements d\u00e9pend de la vitesse de r\u00e9glage des \u00e9clairs.<br \/>\n&#8211; ce strobo a la particularit\u00e9 de pouvoir flasher au rythme de la musique<br \/>\n&#8211; un bouton permet de choisir entre le fonctionnement continu et le fonctionnement audio<br \/>\n&#8211; un bouton permet de r\u00e9gler la vitesse des flashs de tr\u00e8s lent \u00e0 tr\u00e8s rapide.<\/p>\n","protected":false},"excerpt":{"rendered":"<p><strong>Ibiza Strobe80LED &#8211; Strobe 80 LED : stroboscope 4 x 20 w \u00e0 LED<\/strong><\/p>\n","protected":false},"featured_media":76,"comment_status":"open","ping_status":"closed","template":"","meta":[],"product_cat":[19],"product_tag":[],"class_list":["post-75","product","type-product","status-publish","has-post-thumbnail","hentry","product_cat-stroboscope"],"_links":{"self":[{"href":"https:\/\/locaperche.fr\/index.php\/wp-json\/wp\/v2\/product\/75","targetHints":{"allow":["GET"]}}],"collection":[{"href":"https:\/\/locaperche.fr\/index.php\/wp-json\/wp\/v2\/product"}],"about":[{"href":"https:\/\/locaperche.fr\/index.php\/wp-json\/wp\/v2\/types\/product"}],"replies":[{"embeddable":true,"href":"https:\/\/locaperche.fr\/index.php\/wp-json\/wp\/v2\/comments?post=75"}],"wp:featuredmedia":[{"embeddable":true,"href":"https:\/\/locaperche.fr\/index.php\/wp-json\/wp\/v2\/media\/76"}],"wp:attachment":[{"href":"https:\/\/locaperche.fr\/index.php\/wp-json\/wp\/v2\/media?parent=75"}],"wp:term":[{"taxonomy":"product_cat","embeddable":true,"href":"https:\/\/locaperche.fr\/index.php\/wp-json\/wp\/v2\/product_cat?post=75"},{"taxonomy":"product_tag","embeddable":true,"href":"https:\/\/locaperche.fr\/index.php\/wp-json\/wp\/v2\/product_tag?post=75"}],"curies":[{"name":"wp","href":"https:\/\/api.w.org\/{rel}","templated":true}]}}