{"id":49,"date":"2023-08-13T14:40:15","date_gmt":"2023-08-13T12:40:15","guid":{"rendered":"http:\/\/locaperche.fr\/?post_type=product&#038;p=49"},"modified":"2025-03-12T01:25:39","modified_gmt":"2025-03-12T00:25:39","slug":"spider-mini-8","status":"publish","type":"product","link":"https:\/\/locaperche.fr\/index.php\/produit\/spider-mini-8\/","title":{"rendered":"SPIDER MINI 8"},"content":{"rendered":"<p>Alimentation : 100-240Vac 50\/60Hz<br \/>\nConsommation : 39W max.<br \/>\nFusible : 2A<br \/>\nSource lumineuse : 8 LED RGBW de 3W chacune<br \/>\nTilt : 270\u00b0<br \/>\nAngle de projection : 4\u00b0<br \/>\nPoids : 2,5kg<br \/>\nDimensions : 283 x 151 x 110mm<\/p>\n","protected":false},"excerpt":{"rendered":"<p>Effet de lumi\u00e8re unique \u00e0 2 rang\u00e9es \u00e9quip\u00e9es chacune de 4 projecteurs \u00e0 LED CREE RVBB de 3W.<br \/>\n&#8211; 10 \/ 14 canaux DMX<br \/>\n&#8211; 8 LED CREE RGBW de 3W extra longue dur\u00e9e (&gt;50.000 h)<br \/>\n&#8211; Fonctionnement autonome, DMX et d\u00e9mo<br \/>\n&#8211; Programmes int\u00e9gr\u00e9s contr\u00f4l\u00e9s par la musique<br \/>\n&#8211; Effet Strobo<br \/>\n&#8211; Variateur \u00e9lectronique 0-100%<\/p>\n","protected":false},"featured_media":223,"comment_status":"open","ping_status":"closed","template":"","meta":[],"product_cat":[57],"product_tag":[],"class_list":["post-49","product","type-product","status-publish","has-post-thumbnail","hentry","product_cat-spider"],"_links":{"self":[{"href":"https:\/\/locaperche.fr\/index.php\/wp-json\/wp\/v2\/product\/49","targetHints":{"allow":["GET"]}}],"collection":[{"href":"https:\/\/locaperche.fr\/index.php\/wp-json\/wp\/v2\/product"}],"about":[{"href":"https:\/\/locaperche.fr\/index.php\/wp-json\/wp\/v2\/types\/product"}],"replies":[{"embeddable":true,"href":"https:\/\/locaperche.fr\/index.php\/wp-json\/wp\/v2\/comments?post=49"}],"wp:featuredmedia":[{"embeddable":true,"href":"https:\/\/locaperche.fr\/index.php\/wp-json\/wp\/v2\/media\/223"}],"wp:attachment":[{"href":"https:\/\/locaperche.fr\/index.php\/wp-json\/wp\/v2\/media?parent=49"}],"wp:term":[{"taxonomy":"product_cat","embeddable":true,"href":"https:\/\/locaperche.fr\/index.php\/wp-json\/wp\/v2\/product_cat?post=49"},{"taxonomy":"product_tag","embeddable":true,"href":"https:\/\/locaperche.fr\/index.php\/wp-json\/wp\/v2\/product_tag?post=49"}],"curies":[{"name":"wp","href":"https:\/\/api.w.org\/{rel}","templated":true}]}}