{"id":477,"date":"2023-08-26T21:36:16","date_gmt":"2023-08-26T19:36:16","guid":{"rendered":"http:\/\/locaperche.fr\/?post_type=product&#038;p=477"},"modified":"2025-03-12T01:23:43","modified_gmt":"2025-03-12T00:23:43","slug":"projecteur-exterieur-rgb-50w","status":"publish","type":"product","link":"https:\/\/locaperche.fr\/index.php\/produit\/projecteur-exterieur-rgb-50w\/","title":{"rendered":"PROJECTEUR EXTERIEUR RGB 50W"},"content":{"rendered":"<p>Projecteur ext\u00e9rieur \u00e9tanche RGB 50W pilot\u00e9 par telecommande<\/p>\n","protected":false},"excerpt":{"rendered":"<p>Projecteur ext\u00e9rieur \u00e9tanche RGB 50W pilot\u00e9 par telecommande<\/p>\n","protected":false},"featured_media":479,"comment_status":"open","ping_status":"closed","template":"","meta":[],"product_cat":[20],"product_tag":[],"class_list":["post-477","product","type-product","status-publish","has-post-thumbnail","hentry","product_cat-projecteur"],"_links":{"self":[{"href":"https:\/\/locaperche.fr\/index.php\/wp-json\/wp\/v2\/product\/477","targetHints":{"allow":["GET"]}}],"collection":[{"href":"https:\/\/locaperche.fr\/index.php\/wp-json\/wp\/v2\/product"}],"about":[{"href":"https:\/\/locaperche.fr\/index.php\/wp-json\/wp\/v2\/types\/product"}],"replies":[{"embeddable":true,"href":"https:\/\/locaperche.fr\/index.php\/wp-json\/wp\/v2\/comments?post=477"}],"wp:featuredmedia":[{"embeddable":true,"href":"https:\/\/locaperche.fr\/index.php\/wp-json\/wp\/v2\/media\/479"}],"wp:attachment":[{"href":"https:\/\/locaperche.fr\/index.php\/wp-json\/wp\/v2\/media?parent=477"}],"wp:term":[{"taxonomy":"product_cat","embeddable":true,"href":"https:\/\/locaperche.fr\/index.php\/wp-json\/wp\/v2\/product_cat?post=477"},{"taxonomy":"product_tag","embeddable":true,"href":"https:\/\/locaperche.fr\/index.php\/wp-json\/wp\/v2\/product_tag?post=477"}],"curies":[{"name":"wp","href":"https:\/\/api.w.org\/{rel}","templated":true}]}}