{"id":470,"date":"2023-08-25T11:27:13","date_gmt":"2023-08-25T09:27:13","guid":{"rendered":"http:\/\/locaperche.fr\/?post_type=product&#038;p=470"},"modified":"2025-03-12T01:23:58","modified_gmt":"2025-03-12T00:23:58","slug":"rampe-4-ampoules","status":"publish","type":"product","link":"https:\/\/locaperche.fr\/index.php\/produit\/rampe-4-ampoules\/","title":{"rendered":"RAMPE 4 AMPOULES"},"content":{"rendered":"<p><strong>Rampe compacte ultra lumineuse \u00e0 LEDs 4 voies avec contr\u00f4les de d\u00e9filement programm\u00e9s. Ce produit dispose de 8 modes chenillard, 2 modes fondu lent, 3 modes flash par le son, tout flash, le d\u00e9filement des couleurs tous les programmes \u00e0 la suite et contr\u00f4le de vitesse. Livr\u00e9e dans un bo\u00eetier m\u00e9tallique robuste avec support de fixation. En raison de la nature ultra lumineuse des LED, ce produit est conseill\u00e9 pour un usage professionnel et pour soir\u00e9e priv\u00e9e, particuliers etc&#8230; 3 R\u00e9glages : reg. de niveau micro, selecteur du mode, Controle vitesse. Couleur: Noir Alimentation : 230 \/ 240 Vac Couleurs Produites 4 Couleurs : Rouge, Jaune, Vert, Bleu Contr: Activ\u00e9 par le son, micro interne. Type d&#8217;ampoule: Led Dimensions: 343 x 92 x 52mm Poids : 1,25kg\u00a0<\/strong><\/p>\n","protected":false},"excerpt":{"rendered":"<p><strong>Rampe m\u00e9tallique \u00e0 led NJD NJ450L 4 voies \u00e0 LED avec programmes de d\u00e9filement<\/strong><\/p>\n","protected":false},"featured_media":471,"comment_status":"open","ping_status":"closed","template":"","meta":[],"product_cat":[20],"product_tag":[],"class_list":["post-470","product","type-product","status-publish","has-post-thumbnail","hentry","product_cat-projecteur"],"_links":{"self":[{"href":"https:\/\/locaperche.fr\/index.php\/wp-json\/wp\/v2\/product\/470","targetHints":{"allow":["GET"]}}],"collection":[{"href":"https:\/\/locaperche.fr\/index.php\/wp-json\/wp\/v2\/product"}],"about":[{"href":"https:\/\/locaperche.fr\/index.php\/wp-json\/wp\/v2\/types\/product"}],"replies":[{"embeddable":true,"href":"https:\/\/locaperche.fr\/index.php\/wp-json\/wp\/v2\/comments?post=470"}],"wp:featuredmedia":[{"embeddable":true,"href":"https:\/\/locaperche.fr\/index.php\/wp-json\/wp\/v2\/media\/471"}],"wp:attachment":[{"href":"https:\/\/locaperche.fr\/index.php\/wp-json\/wp\/v2\/media?parent=470"}],"wp:term":[{"taxonomy":"product_cat","embeddable":true,"href":"https:\/\/locaperche.fr\/index.php\/wp-json\/wp\/v2\/product_cat?post=470"},{"taxonomy":"product_tag","embeddable":true,"href":"https:\/\/locaperche.fr\/index.php\/wp-json\/wp\/v2\/product_tag?post=470"}],"curies":[{"name":"wp","href":"https:\/\/api.w.org\/{rel}","templated":true}]}}