{"id":47,"date":"2023-08-13T14:08:18","date_gmt":"2023-08-13T12:08:18","guid":{"rendered":"http:\/\/locaperche.fr\/?post_type=product&#038;p=47"},"modified":"2025-03-09T18:08:44","modified_gmt":"2025-03-09T17:08:44","slug":"europower-ddm4000","status":"publish","type":"product","link":"https:\/\/locaperche.fr\/index.php\/produit\/europower-ddm4000\/","title":{"rendered":"MIXEUR NUMERIQUE EUROPOWER DDM4000"},"content":{"rendered":"<h3>Caract\u00e9ristiques Behringer DDM4000<\/h3>\n<ul>\n<li>M\u00e9langeur DJ num\u00e9rique 32 bits avec \u00e9chantillonneur synchronis\u00e9 par battement, 4 sections multi-FX, 2 compteurs BPM brevet\u00e9s*, crossfader num\u00e9rique et MIDI<\/li>\n<li>4 canaux st\u00e9r\u00e9o Phono\/Ligne permettant un maximum de 8 sources de signaux \u00e0 connecter simultan\u00e9ment<\/li>\n<li>2 entr\u00e9es microphones avec gain, \u00e9galiseur, fonction Talk et FX<\/li>\n<li>4 canaux st\u00e9r\u00e9o avec gain, \u00e9galiseur param\u00e9trique programmable \u00e0 3 bandes avec fonction Kill, contr\u00f4le de la courbe de fader et affectation flexible du crossfader<\/li>\n<li>\u00c9chantillonneur sophistiqu\u00e9 avec fonction de boucle \u00e0 contr\u00f4le de battement, contr\u00f4le de la hauteur en temps r\u00e9el, \u00e9chantillonneur FX et option de d\u00e9marrage crossfader<\/li>\n<li>2 moteurs FX de haute qualit\u00e9, librement assignables et synchronis\u00e9s en BPM (Bitcrusher, Resonator, Reverb, Flanger, etc.)<\/li>\n<li>Compteurs BPM ultra-rapides, pr\u00e9cis et brevet\u00e9s* pour la synchronisation automatique BPM des \u00e9chantillonneurs, FX, crossfader et machines \u00e0 batterie externes, etc. via MIDI<\/li>\n<li>Crossfader num\u00e9rique avec r\u00e9glage flexible de la courbe, bouton marche arri\u00e8re et fondu automatique synchronis\u00e9 en BPM<\/li>\n<li>Crossfader bimode avec crossfader innovant s\u00e9lectif en fr\u00e9quence<\/li>\n<li>Section casque d\u00e9di\u00e9e comprend les fonctions PFL Mix\/Split et Bass\/Snare boost<\/li>\n<li>Rappeler le dernier r\u00e9glage du m\u00e9langeur en appuyant sur un bouton<\/li>\n<li>Sortie num\u00e9rique S\/PDIF pour l&#8217;enregistrement direct de vos performances<\/li>\n<li>Supports de montage en rack inclus pour une flexibilit\u00e9 ultime<\/li>\n<li>Des composants de haute qualit\u00e9 et une construction exceptionnellement robuste garantissent une longue dur\u00e9e de vie<\/li>\n<\/ul>\n","protected":false},"excerpt":{"rendered":"<p>Le DDM4000 est un mixeur DJ num\u00e9rique 32 bits \u00e0 la fine pointe de la technologie, dot\u00e9 d&#8217;outils cr\u00e9atifs et d&#8217;une disposition intuitive qui vous permettra de vous sentir chez vous en un instant. \u00c9diter, m\u00e9moriser et rappeler vos r\u00e9glages est un jeu d&#8217;enfant!<\/p>\n<p>Branchez vos platines et lecteurs CD\/MP3 \u00e0 ses 4 canaux st\u00e9r\u00e9o, chacun avec des commutateurs EQ et Kill enti\u00e8rement programmables. Mettez la polyvalence ultime au bout de vos doigts avec les modules multi-FX enti\u00e8rement programmables de beat-sync, une paire de compteurs BPM de haute pr\u00e9cision et un crossfader num\u00e9rique avec ajustement de courbe personnalis\u00e9. Et le super-cool BPM-sync&#8217; d sampler avec contr\u00f4le de la hauteur en temps r\u00e9el, boucle et fonctions invers\u00e9es fera de votre foule de devenir folle.<\/p>\n<p>Obtenez ce monstre DDM4000 et devenez la star de la nuit!<\/p>\n","protected":false},"featured_media":48,"comment_status":"open","ping_status":"closed","template":"","meta":[],"product_cat":[37],"product_tag":[],"class_list":["post-47","product","type-product","status-publish","has-post-thumbnail","hentry","product_cat-table-de-mixage"],"_links":{"self":[{"href":"https:\/\/locaperche.fr\/index.php\/wp-json\/wp\/v2\/product\/47","targetHints":{"allow":["GET"]}}],"collection":[{"href":"https:\/\/locaperche.fr\/index.php\/wp-json\/wp\/v2\/product"}],"about":[{"href":"https:\/\/locaperche.fr\/index.php\/wp-json\/wp\/v2\/types\/product"}],"replies":[{"embeddable":true,"href":"https:\/\/locaperche.fr\/index.php\/wp-json\/wp\/v2\/comments?post=47"}],"wp:featuredmedia":[{"embeddable":true,"href":"https:\/\/locaperche.fr\/index.php\/wp-json\/wp\/v2\/media\/48"}],"wp:attachment":[{"href":"https:\/\/locaperche.fr\/index.php\/wp-json\/wp\/v2\/media?parent=47"}],"wp:term":[{"taxonomy":"product_cat","embeddable":true,"href":"https:\/\/locaperche.fr\/index.php\/wp-json\/wp\/v2\/product_cat?post=47"},{"taxonomy":"product_tag","embeddable":true,"href":"https:\/\/locaperche.fr\/index.php\/wp-json\/wp\/v2\/product_tag?post=47"}],"curies":[{"name":"wp","href":"https:\/\/api.w.org\/{rel}","templated":true}]}}