{"id":463,"date":"2023-08-22T09:13:03","date_gmt":"2023-08-22T07:13:03","guid":{"rendered":"http:\/\/locaperche.fr\/?post_type=product&#038;p=463"},"modified":"2025-03-10T23:58:17","modified_gmt":"2025-03-10T22:58:17","slug":"nikon-d5000","status":"publish","type":"product","link":"https:\/\/locaperche.fr\/index.php\/produit\/nikon-d5000\/","title":{"rendered":"APPAREIL PHOTO REFLEX"},"content":{"rendered":"<p>Le D5000 est un reflex num\u00e9rique puissant et polyvalent qui produit des photos superbes et des vid\u00e9os D-Movie haute d\u00e9finition. D&#8217;une utilisation incroyablement simple, il est dot\u00e9 de fonctions automatiques de prise de vue et d&#8217;un capteur au format DX de 12,3 millions de pixels ultraperformant qui garantit des photos avec un niveau exceptionnellement \u00e9lev\u00e9 de d\u00e9tails. Innovant, le moniteur ACL orientable permet de prendre des photos sous n&#8217;importe quel angle avec le mode de vis\u00e9e Live View. Que vous preniez des images fixes ou mobiles, vous pouvez faire pivoter, basculer ou tourner le moniteur pour prendre des vues du dessus, du dessous ou de c\u00f4t\u00e9 ou pour cr\u00e9er des autoportraits. Gr\u00e2ce aux nombreux modes Sc\u00e8ne automatiques, vos photos sont impeccables quelle que soit la situation. De plus, le large choix de fonctions de retouche permet d&#8217;am\u00e9liorer les clich\u00e9s directement \u00e0 partir de l&#8217;appareil photo. Bo\u00eetier l\u00e9ger et compact offrant un large \u00e9ventail de fonctions ultraperformantes, le D5000 est le compagnon id\u00e9al pour des prises de vues \u00e9poustouflantes sous tous les angles.<\/p>\n","protected":false},"excerpt":{"rendered":"<h1 id=\"title\" class=\"a-size-large a-spacing-none\"><span id=\"productTitle\" class=\"a-size-large product-title-word-break\">Nikon D5000 Appareil photo num\u00e9rique Reflex 12.3 Kit Objectif AF-S DX VR 18-55 mm Noir<\/span><\/h1>\n","protected":false},"featured_media":464,"comment_status":"open","ping_status":"closed","template":"","meta":[],"product_cat":[45],"product_tag":[],"class_list":["post-463","product","type-product","status-publish","has-post-thumbnail","hentry","product_cat-photo-video"],"_links":{"self":[{"href":"https:\/\/locaperche.fr\/index.php\/wp-json\/wp\/v2\/product\/463","targetHints":{"allow":["GET"]}}],"collection":[{"href":"https:\/\/locaperche.fr\/index.php\/wp-json\/wp\/v2\/product"}],"about":[{"href":"https:\/\/locaperche.fr\/index.php\/wp-json\/wp\/v2\/types\/product"}],"replies":[{"embeddable":true,"href":"https:\/\/locaperche.fr\/index.php\/wp-json\/wp\/v2\/comments?post=463"}],"wp:featuredmedia":[{"embeddable":true,"href":"https:\/\/locaperche.fr\/index.php\/wp-json\/wp\/v2\/media\/464"}],"wp:attachment":[{"href":"https:\/\/locaperche.fr\/index.php\/wp-json\/wp\/v2\/media?parent=463"}],"wp:term":[{"taxonomy":"product_cat","embeddable":true,"href":"https:\/\/locaperche.fr\/index.php\/wp-json\/wp\/v2\/product_cat?post=463"},{"taxonomy":"product_tag","embeddable":true,"href":"https:\/\/locaperche.fr\/index.php\/wp-json\/wp\/v2\/product_tag?post=463"}],"curies":[{"name":"wp","href":"https:\/\/api.w.org\/{rel}","templated":true}]}}