{"id":458,"date":"2023-08-20T18:54:07","date_gmt":"2023-08-20T16:54:07","guid":{"rendered":"http:\/\/locaperche.fr\/?post_type=product&#038;p=458"},"modified":"2025-03-09T18:07:23","modified_gmt":"2025-03-09T17:07:23","slug":"tube-ultrafex","status":"publish","type":"product","link":"https:\/\/locaperche.fr\/index.php\/produit\/tube-ultrafex\/","title":{"rendered":"ENHANCEUR A TUBE"},"content":{"rendered":"<div>Processeur \u00ab Natural Sonic \u00bb pour un son ultra musical Circuit VSP (Variable Sound Processing) pour l\u2019action conjugue de l\u2019enhancer et de l\u2019exciter Filtre self\/condensateur pour des graves doux et vigoureux authentiquement vintage Processeur surround pour la spatialisation et l\u2019amlioration de l\u2019image stro Systme de rduction de bruit intgr Lampes 12AX7 slectionnes pour un son exceptionnel Commande Warmth pour ajouter le montant dsir de son lampes Affichage prcis des niveaux d\u2019entre\/sortie et de la rduction de gain Fonction hard bypass par relais Circuit ULTRATUBE<\/div>\n","protected":false},"excerpt":{"rendered":"<div>Enhanceur \u00e0 Lampes, Elargisseur St\u00e9r\u00e9o Surround. Syst\u00e8me d\u2019embellissement sonore multi-bande 2 canaux \u00e0 lampes<\/div>\n","protected":false},"featured_media":456,"comment_status":"open","ping_status":"closed","template":"","meta":[],"product_cat":[48],"product_tag":[],"class_list":["post-458","product","type-product","status-publish","has-post-thumbnail","hentry","product_cat-embelliseur-sonore"],"_links":{"self":[{"href":"https:\/\/locaperche.fr\/index.php\/wp-json\/wp\/v2\/product\/458","targetHints":{"allow":["GET"]}}],"collection":[{"href":"https:\/\/locaperche.fr\/index.php\/wp-json\/wp\/v2\/product"}],"about":[{"href":"https:\/\/locaperche.fr\/index.php\/wp-json\/wp\/v2\/types\/product"}],"replies":[{"embeddable":true,"href":"https:\/\/locaperche.fr\/index.php\/wp-json\/wp\/v2\/comments?post=458"}],"wp:featuredmedia":[{"embeddable":true,"href":"https:\/\/locaperche.fr\/index.php\/wp-json\/wp\/v2\/media\/456"}],"wp:attachment":[{"href":"https:\/\/locaperche.fr\/index.php\/wp-json\/wp\/v2\/media?parent=458"}],"wp:term":[{"taxonomy":"product_cat","embeddable":true,"href":"https:\/\/locaperche.fr\/index.php\/wp-json\/wp\/v2\/product_cat?post=458"},{"taxonomy":"product_tag","embeddable":true,"href":"https:\/\/locaperche.fr\/index.php\/wp-json\/wp\/v2\/product_tag?post=458"}],"curies":[{"name":"wp","href":"https:\/\/api.w.org\/{rel}","templated":true}]}}