{"id":446,"date":"2023-08-20T18:36:56","date_gmt":"2023-08-20T16:36:56","guid":{"rendered":"http:\/\/locaperche.fr\/?post_type=product&#038;p=446"},"modified":"2025-03-09T18:07:31","modified_gmt":"2025-03-09T17:07:31","slug":"crossover-dbx-234","status":"publish","type":"product","link":"https:\/\/locaperche.fr\/index.php\/produit\/crossover-dbx-234\/","title":{"rendered":"CROSSOVER"},"content":{"rendered":"<ul class=\"fx-list product-text__list\">\n<li class=\"fx-list__item list-item fx-list__item--circle\"><span class=\"fx-text fx-text--plus list-item__text\">2x entr\u00e9es vers 3x voies st\u00e9r\u00e9o ou 4x voies mono<\/span><\/li>\n<li class=\"fx-list__item list-item fx-list__item--circle\"><span class=\"fx-text fx-text--plus list-item__text\">Sortie mono sub<\/span><\/li>\n<li class=\"fx-list__item list-item fx-list__item--circle\"><span class=\"fx-text fx-text--plus list-item__text\">Connectique jack TRS<\/span><\/li>\n<li class=\"fx-list__item list-item fx-list__item--circle\"><span class=\"fx-text fx-text--plus list-item__text\">Inverseur de phase sur chaque sortie<\/span><\/li>\n<li class=\"fx-list__item list-item fx-list__item--circle\"><span class=\"fx-text fx-text--plus list-item__text\">Filtre coupe bas 40 Hz<\/span><\/li>\n<li class=\"fx-list__item list-item fx-list__item--circle\"><span class=\"fx-text fx-text--plus list-item__text\">Filtre Linkwitz-Riley 24 dB \/ octave<\/span><\/li>\n<li class=\"fx-list__item list-item fx-list__item--circle\"><span class=\"fx-text fx-text--plus list-item__text\">Alimentation interne<\/span><\/li>\n<li class=\"fx-list__item list-item fx-list__item--circle\"><span class=\"fx-text fx-text--plus list-item__text\">Format rack 19&#8243; &#8211; 1U<\/span><\/li>\n<\/ul>\n","protected":false},"excerpt":{"rendered":"<h2 class=\"fx-headline fx-headline--3 fx-space-bottom--m\">Crossover actif DBX 234XS<\/h2>\n","protected":false},"featured_media":447,"comment_status":"open","ping_status":"closed","template":"","meta":[],"product_cat":[48],"product_tag":[],"class_list":["post-446","product","type-product","status-publish","has-post-thumbnail","hentry","product_cat-embelliseur-sonore"],"_links":{"self":[{"href":"https:\/\/locaperche.fr\/index.php\/wp-json\/wp\/v2\/product\/446","targetHints":{"allow":["GET"]}}],"collection":[{"href":"https:\/\/locaperche.fr\/index.php\/wp-json\/wp\/v2\/product"}],"about":[{"href":"https:\/\/locaperche.fr\/index.php\/wp-json\/wp\/v2\/types\/product"}],"replies":[{"embeddable":true,"href":"https:\/\/locaperche.fr\/index.php\/wp-json\/wp\/v2\/comments?post=446"}],"wp:featuredmedia":[{"embeddable":true,"href":"https:\/\/locaperche.fr\/index.php\/wp-json\/wp\/v2\/media\/447"}],"wp:attachment":[{"href":"https:\/\/locaperche.fr\/index.php\/wp-json\/wp\/v2\/media?parent=446"}],"wp:term":[{"taxonomy":"product_cat","embeddable":true,"href":"https:\/\/locaperche.fr\/index.php\/wp-json\/wp\/v2\/product_cat?post=446"},{"taxonomy":"product_tag","embeddable":true,"href":"https:\/\/locaperche.fr\/index.php\/wp-json\/wp\/v2\/product_tag?post=446"}],"curies":[{"name":"wp","href":"https:\/\/api.w.org\/{rel}","templated":true}]}}