{"id":438,"date":"2023-08-20T15:59:16","date_gmt":"2023-08-20T13:59:16","guid":{"rendered":"http:\/\/locaperche.fr\/?post_type=product&#038;p=438"},"modified":"2025-03-12T01:13:38","modified_gmt":"2025-03-12T00:13:38","slug":"xlight-320","status":"publish","type":"product","link":"https:\/\/locaperche.fr\/index.php\/produit\/xlight-320\/","title":{"rendered":"STARWAY CRATER HALOGENE"},"content":{"rendered":"<p>Circuit \u00e9lectronique \u00e0 d\u00e9tection musicale<br \/>\npar micro avec r\u00e9glage de sensibilit\u00e9.<br \/>\nC\u00e2ble d\u2019alimentation de 1,50 M. et<br \/>\nprise.<br \/>\nMesures<br \/>\nCons. \u00e9lectrique : 620 W<br \/>\n2 Lampes BVM 300 W<br \/>\nDim. mm (L x W x H)<br \/>\n397 x 280 x 325<br \/>\nPoids : 4,1 kg<\/p>\n","protected":false},"excerpt":{"rendered":"<p>Le Crater est un effet original compos\u00e9<br \/>\nde 88 faisceaux.<br \/>\n44 lentilles color\u00e9es\/6 verres<br \/>\ndichro\u00efques.<\/p>\n","protected":false},"featured_media":440,"comment_status":"open","ping_status":"closed","template":"","meta":[],"product_cat":[58],"product_tag":[],"class_list":["post-438","product","type-product","status-publish","has-post-thumbnail","hentry","product_cat-mushroom"],"_links":{"self":[{"href":"https:\/\/locaperche.fr\/index.php\/wp-json\/wp\/v2\/product\/438","targetHints":{"allow":["GET"]}}],"collection":[{"href":"https:\/\/locaperche.fr\/index.php\/wp-json\/wp\/v2\/product"}],"about":[{"href":"https:\/\/locaperche.fr\/index.php\/wp-json\/wp\/v2\/types\/product"}],"replies":[{"embeddable":true,"href":"https:\/\/locaperche.fr\/index.php\/wp-json\/wp\/v2\/comments?post=438"}],"wp:featuredmedia":[{"embeddable":true,"href":"https:\/\/locaperche.fr\/index.php\/wp-json\/wp\/v2\/media\/440"}],"wp:attachment":[{"href":"https:\/\/locaperche.fr\/index.php\/wp-json\/wp\/v2\/media?parent=438"}],"wp:term":[{"taxonomy":"product_cat","embeddable":true,"href":"https:\/\/locaperche.fr\/index.php\/wp-json\/wp\/v2\/product_cat?post=438"},{"taxonomy":"product_tag","embeddable":true,"href":"https:\/\/locaperche.fr\/index.php\/wp-json\/wp\/v2\/product_tag?post=438"}],"curies":[{"name":"wp","href":"https:\/\/api.w.org\/{rel}","templated":true}]}}