{"id":430,"date":"2023-08-20T15:04:47","date_gmt":"2023-08-20T13:04:47","guid":{"rendered":"http:\/\/locaperche.fr\/?post_type=product&#038;p=430"},"modified":"2025-03-09T01:12:43","modified_gmt":"2025-03-09T00:12:43","slug":"chauvet-cubix","status":"publish","type":"product","link":"https:\/\/locaperche.fr\/index.php\/produit\/chauvet-cubix\/","title":{"rendered":"CHAUVET CUBIX"},"content":{"rendered":"<section id=\"highlights\" class=\"section std box\">\n<header class=\"header title box\">\n<h2 class=\"fontface\">En r\u00e9sum\u00e9<\/h2>\n<\/header>\n<div class=\"content\">\n<ul class=\"list fontface\">\n<li>Combinaison des effets populaires derby et moonflower dans un seul appareil d&#8217;\u00e9clairage LED innovant<\/li>\n<li>Ambiance garantie avec les programmes am\u00e9lior\u00e9s automatiques ou \u00e0 d\u00e9clenchement audio<\/li>\n<li>Optiques am\u00e9lior\u00e9s pour cr\u00e9er des faisceaux \u00e9troits et nets ainsi que des effets dans l&#8217;air<\/li>\n<li>Plus de classe pour les applications mobiles gr\u00e2ce \u00e0 un bo\u00eetier \u00e9l\u00e9gant revisit\u00e9<\/li>\n<li>Projection de faisceaux dans toute la pi\u00e8ce gr\u00e2ce aux LED centrales<\/li>\n<li>\u00c9mission de faisceaux rotatifs continus avec effet derby quadrangulaire<\/li>\n<li>Flexibilit\u00e9 renforc\u00e9e avec le contr\u00f4le ind\u00e9pendant des effets derby et moonflower<\/li>\n<li>\u00c9conomie de temps sur l&#8217;installation de c\u00e2bles et de rallonges gr\u00e2ce au raccordement \u00e9lectrique de plusieurs unit\u00e9s<\/li>\n<li>Rangement optimal dans le sac de transport de mat\u00e9riel CHS-50 VIP<\/li>\n<\/ul>\n<\/div>\n<\/section>\n<section id=\"specifications\" class=\"section std box\">\n<header class=\"header title box\">\n<h2 class=\"fontface\">Caract\u00e9ristiques techniques<\/h2>\n<\/header>\n<div class=\"specs box\">\n<ul class=\"list fontface\">\n<li><span class=\"fontface bold\">Canaux DMX:<\/span>7<\/li>\n<li><span class=\"fontface bold\">Connecteurs DMX:<\/span>XLR 3 broches<\/li>\n<li><span class=\"fontface bold\">Source lumineuse:<\/span> 64 LED(32 rouges, 20 verts, 12 bleus) 0.25 W (20 mA), 100,000 heures de dur\u00e9e de vie<br \/>\n2 LED tricolores (RGB) de 9 W (1 050 mA), dur\u00e9e de vie de 50 000 h<\/li>\n<li><span class=\"fontface bold\">Raccordement \u00e9lectrique:<\/span>19 unit\u00e9s \u00e0 120 V; 32 unit\u00e9s \u00e0 230 V<\/li>\n<li><span class=\"fontface bold\">Tension d&#8217;entr\u00e9e:<\/span>100 \u00e0 240 VCA, 50\/60 Hz (r\u00e9gulation automatique)<\/li>\n<li><span class=\"fontface bold\">Puissance et intensit\u00e9:<\/span> 50 W, 0,4 A \u00e0 120 V, 60 Hz<br \/>\n48 W, 0,2 A \u00e0 230 V, 50 Hz<\/li>\n<li><span class=\"fontface bold\">Poids:<\/span>3,7 kg (8,1 livres)<\/li>\n<li><span class=\"fontface bold\">Dimensions:<\/span>267 x 305 x 296 mm (10,5 x 12 x 11,6 po)<\/li>\n<li><span class=\"fontface bold\">Homologations:<\/span>CE, MET<\/li>\n<\/ul>\n<\/div>\n<\/section>\n<p>&nbsp;<\/p>\n<p>&nbsp;<\/p>\n","protected":false},"excerpt":{"rendered":"<p>Le Cubix 2.0 est une pi\u00e8ce centrale LED multicolore revisit\u00e9e qui combine deux effets dans un seul appareil. Les LED centrales produisent des effets multicolores et des animations qui traversent la pi\u00e8ce, tandis que l\u2019effet derby quadrangulaire inonde la piste de danse de faisceaux rotatifs multicolores. Les effets sont contr\u00f4l\u00e9s de mani\u00e8re ind\u00e9pendante pour cr\u00e9er des spectacles de lumi\u00e8res personnalis\u00e9s, mais peuvent aussi \u00eatre utilis\u00e9s simultan\u00e9ment pour obtenir une pluie de lumi\u00e8res. Le nouveau bo\u00eetier profil\u00e9 et les optiques am\u00e9lior\u00e9s sont con\u00e7us pour donner une touche attrayante au mat\u00e9riel.<\/p>\n","protected":false},"featured_media":433,"comment_status":"open","ping_status":"closed","template":"","meta":[],"product_cat":[46],"product_tag":[],"class_list":["post-430","product","type-product","status-publish","has-post-thumbnail","hentry","product_cat-multi-effets"],"_links":{"self":[{"href":"https:\/\/locaperche.fr\/index.php\/wp-json\/wp\/v2\/product\/430","targetHints":{"allow":["GET"]}}],"collection":[{"href":"https:\/\/locaperche.fr\/index.php\/wp-json\/wp\/v2\/product"}],"about":[{"href":"https:\/\/locaperche.fr\/index.php\/wp-json\/wp\/v2\/types\/product"}],"replies":[{"embeddable":true,"href":"https:\/\/locaperche.fr\/index.php\/wp-json\/wp\/v2\/comments?post=430"}],"wp:featuredmedia":[{"embeddable":true,"href":"https:\/\/locaperche.fr\/index.php\/wp-json\/wp\/v2\/media\/433"}],"wp:attachment":[{"href":"https:\/\/locaperche.fr\/index.php\/wp-json\/wp\/v2\/media?parent=430"}],"wp:term":[{"taxonomy":"product_cat","embeddable":true,"href":"https:\/\/locaperche.fr\/index.php\/wp-json\/wp\/v2\/product_cat?post=430"},{"taxonomy":"product_tag","embeddable":true,"href":"https:\/\/locaperche.fr\/index.php\/wp-json\/wp\/v2\/product_tag?post=430"}],"curies":[{"name":"wp","href":"https:\/\/api.w.org\/{rel}","templated":true}]}}