{"id":373,"date":"2023-08-15T18:42:27","date_gmt":"2023-08-15T16:42:27","guid":{"rendered":"http:\/\/locaperche.fr\/?post_type=product&#038;p=373"},"modified":"2023-08-25T11:29:57","modified_gmt":"2023-08-25T09:29:57","slug":"changeur-de-couleur","status":"publish","type":"product","link":"https:\/\/locaperche.fr\/index.php\/produit\/changeur-de-couleur\/","title":{"rendered":"PROJECTEUR DICHROIQUE LED 400W"},"content":{"rendered":"<h3>Coffret avec 8 lampes dichro\u00efques<\/h3>\n<p>Ce coffret \u00e9quip\u00e9 de 8 led de 50W a filtres dichro\u00efques \u00e0 largement fait ses preuves durant ces 20 derni\u00e8res ann\u00e9es. un ensemble de 8 \u00e9clairages compact\u00e9 en un seul bloc, <strong>8 lampes par<\/strong> <strong>projecteur<\/strong> avec les couleurs primaires et essentielles lors d\u2019un \u00e9v\u00e9nement tel que le rouge. vert. Bleu, blanc et jaune avec un rendement de lumi\u00e8re optimal qui r\u00e9agit au son et rythme de la musique gr\u00e2ce \u00e0 une commande appel\u00e9 \u00ab\u00a0console\u00a0\u00bb ou &#8220;contr\u00f4leur&#8221; dans le jargon et les m\u00e9tier du son et de la lumi\u00e8re.<\/p>\n","protected":false},"excerpt":{"rendered":"<p>Voici un projecteur avec\u00a0<strong>8 led de 50W a filtres dichro\u00efques <\/strong>\u00e0 la <strong>location<\/strong> id\u00e9ale pour :<\/p>\n<ul>\n<li>les DJ,<\/li>\n<li>la sc\u00e8ne,<\/li>\n<li>le Th\u00e9\u00e2tre,<\/li>\n<li>les artistes, les d\u00e9corateurs\u2026<\/li>\n<\/ul>\n","protected":false},"featured_media":374,"comment_status":"open","ping_status":"closed","template":"","meta":[],"product_cat":[20],"product_tag":[],"class_list":["post-373","product","type-product","status-publish","has-post-thumbnail","hentry","product_cat-projecteur"],"_links":{"self":[{"href":"https:\/\/locaperche.fr\/index.php\/wp-json\/wp\/v2\/product\/373","targetHints":{"allow":["GET"]}}],"collection":[{"href":"https:\/\/locaperche.fr\/index.php\/wp-json\/wp\/v2\/product"}],"about":[{"href":"https:\/\/locaperche.fr\/index.php\/wp-json\/wp\/v2\/types\/product"}],"replies":[{"embeddable":true,"href":"https:\/\/locaperche.fr\/index.php\/wp-json\/wp\/v2\/comments?post=373"}],"wp:featuredmedia":[{"embeddable":true,"href":"https:\/\/locaperche.fr\/index.php\/wp-json\/wp\/v2\/media\/374"}],"wp:attachment":[{"href":"https:\/\/locaperche.fr\/index.php\/wp-json\/wp\/v2\/media?parent=373"}],"wp:term":[{"taxonomy":"product_cat","embeddable":true,"href":"https:\/\/locaperche.fr\/index.php\/wp-json\/wp\/v2\/product_cat?post=373"},{"taxonomy":"product_tag","embeddable":true,"href":"https:\/\/locaperche.fr\/index.php\/wp-json\/wp\/v2\/product_tag?post=373"}],"curies":[{"name":"wp","href":"https:\/\/api.w.org\/{rel}","templated":true}]}}