{"id":37,"date":"2023-08-12T20:52:55","date_gmt":"2023-08-12T18:52:55","guid":{"rendered":"http:\/\/locaperche.fr\/?post_type=product&#038;p=37"},"modified":"2025-03-06T22:02:37","modified_gmt":"2025-03-06T21:02:37","slug":"denon-mcx-8000","status":"publish","type":"product","link":"https:\/\/locaperche.fr\/index.php\/produit\/denon-mcx-8000\/","title":{"rendered":"DENON MCX 8000"},"content":{"rendered":"<h3>Caract\u00e9ristiques Denon MCX8000<\/h3>\n<ul>\n<li>Contr\u00f4leur DJ 4 canaux pour Serato DJ et Engine<\/li>\n<li>M\u00e9langeur autonome avec deux entr\u00e9es microphone et deux sorties XLR doubles<\/li>\n<li>Trois effets pr\u00e9\/postfader int\u00e9gr\u00e9s<\/li>\n<li>Deux entr\u00e9es USB pour une utilisation sans ordinateur<\/li>\n<li>Construction m\u00e9tallique robuste<\/li>\n<li>2 \u00e9crans haute r\u00e9solution<\/li>\n<li>Pads de performance dynamique de vitesse<\/li>\n<li>Connexion r\u00e9seau Stage LinQ pour le contr\u00f4le de la lumi\u00e8re et de la vid\u00e9o<\/li>\n<li>Serato DVS \u00e9volutif<\/li>\n<li>Dimensions: 71 x 728 x 432 mm<\/li>\n<li>Poids: 8,3 kg<\/li>\n<li>y compris Serato DJ version compl\u00e8te, logiciel Denon DJ Engine 1.5<\/li>\n<\/ul>\n","protected":false},"excerpt":{"rendered":"<p>Le Denon MCX8000 est un lecteur et contr\u00f4leur DJ autonome haut de gamme. En plus de son propre logiciel &#8220;Engine 1.5&#8221;, qui permet aux DJs d&#8217;utiliser le lecteur multim\u00e9dia sans ordinateur portable, le contr\u00f4leur peut \u00e9galement interagir en toute transparence avec Serato DJ (version compl\u00e8te incluse).<\/p>\n<p>Des caract\u00e9ristiques telles que deux \u00e9crans couleur haute r\u00e9solution haute r\u00e9solution, un m\u00e9langeur 4 canaux complet, une interface audio 24 bits int\u00e9gr\u00e9e, deux entr\u00e9es USB pour le stockage de masse, 16 pads de performances tactiles, un bo\u00eetier m\u00e9tallique robuste et un traitement interne de haute qualit\u00e9 font du Denon MCX8000 un contr\u00f4leur DJ professionnel pour des performances DJ fluides.<\/p>\n","protected":false},"featured_media":1114,"comment_status":"open","ping_status":"closed","template":"","meta":[],"product_cat":[38,34],"product_tag":[],"class_list":["post-37","product","type-product","status-publish","has-post-thumbnail","hentry","product_cat-controleur-dj","product_cat-controleur-video"],"_links":{"self":[{"href":"https:\/\/locaperche.fr\/index.php\/wp-json\/wp\/v2\/product\/37","targetHints":{"allow":["GET"]}}],"collection":[{"href":"https:\/\/locaperche.fr\/index.php\/wp-json\/wp\/v2\/product"}],"about":[{"href":"https:\/\/locaperche.fr\/index.php\/wp-json\/wp\/v2\/types\/product"}],"replies":[{"embeddable":true,"href":"https:\/\/locaperche.fr\/index.php\/wp-json\/wp\/v2\/comments?post=37"}],"wp:featuredmedia":[{"embeddable":true,"href":"https:\/\/locaperche.fr\/index.php\/wp-json\/wp\/v2\/media\/1114"}],"wp:attachment":[{"href":"https:\/\/locaperche.fr\/index.php\/wp-json\/wp\/v2\/media?parent=37"}],"wp:term":[{"taxonomy":"product_cat","embeddable":true,"href":"https:\/\/locaperche.fr\/index.php\/wp-json\/wp\/v2\/product_cat?post=37"},{"taxonomy":"product_tag","embeddable":true,"href":"https:\/\/locaperche.fr\/index.php\/wp-json\/wp\/v2\/product_tag?post=37"}],"curies":[{"name":"wp","href":"https:\/\/api.w.org\/{rel}","templated":true}]}}