{"id":359,"date":"2023-08-15T17:18:12","date_gmt":"2023-08-15T15:18:12","guid":{"rendered":"http:\/\/locaperche.fr\/?post_type=product&#038;p=359"},"modified":"2025-03-11T01:16:53","modified_gmt":"2025-03-11T00:16:53","slug":"chauffage-2kw","status":"publish","type":"product","link":"https:\/\/locaperche.fr\/index.php\/produit\/chauffage-2kw\/","title":{"rendered":"CHAUFFAGE SOUFFLANT 2KW"},"content":{"rendered":"<p>La s\u00e9rie TDS offre aux professionnels une gamme de canons \u00e0 air chaud \u00e9lectriques \u00e0 prix serr\u00e9s. Gr\u00e2ce \u00e0 leur thermostat int\u00e9gr\u00e9, ces a\u00e9rothermes \u00e9lectriques permettent de b\u00e9n\u00e9ficier d&#8217;une temp\u00e9rature constante et d&#8217;un fonctionnement \u00e9conomique car les \u00e9l\u00e9ments chauffants s&#8217;\u00e9teignent automatiquement d\u00e8s que la temp\u00e9rature ambiante d\u00e9passe la temp\u00e9rature de consigne.<br \/>\n<strong>Points forts et d\u00e9tails pratiques :<\/strong><\/p>\n<ul>\n<li><strong>100\u00a0% TROTEC &#8211; d\u00e9veloppement et production<\/strong><\/li>\n<li>S\u00e9lecteur de temp\u00e9rature, trois niveaux de puissance<\/li>\n<li>Thermostat int\u00e9gr\u00e9 pour une chaleur constante<\/li>\n<li>Protection anti-surchauffe<\/li>\n<li>Moteur de ventilateur avec protection thermique<\/li>\n<li>Chaleur sans condensation ni gaz de combustion<\/li>\n<li>Montage possible au mur ou au plafond \u00e0 l&#8217;aide du set de fixation en option<\/li>\n<\/ul>\n<p><strong>Mod\u00e8le con\u00e7u pour le chauffage :<\/strong><\/p>\n<ul>\n<li>d&#8217;abris de chantier<\/li>\n<li>de garages<\/li>\n<li>dans la gastronomie<\/li>\n<li>de v\u00e9randas et petites serres<\/li>\n<li>sur les stands de march\u00e9<\/li>\n<li>de petites pi\u00e8ces<\/li>\n<li>etc.<\/li>\n<\/ul>\n<p><strong>Caract\u00e9ristiques techniques du TDS\u00a010 :<\/strong><\/p>\n<ul>\n<li>3 niveaux de chauffe :<br \/>\nNiveau 1 : 0,65\u00a0kW<br \/>\nNiveau 2 : 1,3\u00a0kW<br \/>\nNiveau 3 : 2\u00a0kW (max. 1.720 kcal)<\/li>\n<li>D\u00e9bit d&#8217;air : 186\u00a0m\u00b3\/h<\/li>\n<li>Vitesse de ventilateur : 1<\/li>\n<li>Courant absorb\u00e9 : 8,7 A<\/li>\n<li>Tension : 230\u00a0V\/50 Hz<\/li>\n<li>Fiche Schuko (CEE 7\/7)<\/li>\n<li>Cordon d&#8217;alimentation de 1,4\u00a0m<\/li>\n<li>Thermostat int\u00e9gr\u00e9<\/li>\n<li>Faible niveau sonore : 46 dB(A)<\/li>\n<li>Protection anti-surchauffe<\/li>\n<li>Indice de protection : IPX4<\/li>\n<li>L x l x h : 198 x 210 x 320\u00a0mm<\/li>\n<li>Poids : 3,7 kg<\/li>\n<\/ul>\n","protected":false},"excerpt":{"rendered":"<p>A\u00e9rotherme TDS 10 : a\u00e9rotherme \u00e9lectrique mobile de 2000 watts (1.720 kcal) \u00e0 trois niveaux de chauffe et thermostat int\u00e9gr\u00e9.<\/p>\n","protected":false},"featured_media":360,"comment_status":"open","ping_status":"closed","template":"","meta":[],"product_cat":[40],"product_tag":[],"class_list":["post-359","product","type-product","status-publish","has-post-thumbnail","hentry","product_cat-chauffage-climatisation"],"_links":{"self":[{"href":"https:\/\/locaperche.fr\/index.php\/wp-json\/wp\/v2\/product\/359","targetHints":{"allow":["GET"]}}],"collection":[{"href":"https:\/\/locaperche.fr\/index.php\/wp-json\/wp\/v2\/product"}],"about":[{"href":"https:\/\/locaperche.fr\/index.php\/wp-json\/wp\/v2\/types\/product"}],"replies":[{"embeddable":true,"href":"https:\/\/locaperche.fr\/index.php\/wp-json\/wp\/v2\/comments?post=359"}],"wp:featuredmedia":[{"embeddable":true,"href":"https:\/\/locaperche.fr\/index.php\/wp-json\/wp\/v2\/media\/360"}],"wp:attachment":[{"href":"https:\/\/locaperche.fr\/index.php\/wp-json\/wp\/v2\/media?parent=359"}],"wp:term":[{"taxonomy":"product_cat","embeddable":true,"href":"https:\/\/locaperche.fr\/index.php\/wp-json\/wp\/v2\/product_cat?post=359"},{"taxonomy":"product_tag","embeddable":true,"href":"https:\/\/locaperche.fr\/index.php\/wp-json\/wp\/v2\/product_tag?post=359"}],"curies":[{"name":"wp","href":"https:\/\/api.w.org\/{rel}","templated":true}]}}