{"id":343,"date":"2023-08-15T13:11:01","date_gmt":"2023-08-15T11:11:01","guid":{"rendered":"http:\/\/locaperche.fr\/?post_type=product&#038;p=343"},"modified":"2023-08-15T13:11:02","modified_gmt":"2023-08-15T11:11:02","slug":"spot-caillou","status":"publish","type":"product","link":"https:\/\/locaperche.fr\/index.php\/produit\/spot-caillou\/","title":{"rendered":"SPOT CAILLOU"},"content":{"rendered":"<table class=\"f16ac490 eddf1b8e\">\n<tbody>\n<tr class=\"_16e35652\">\n<th class=\"_5de00b5d _58c871b0 b1bfb616 _23ee746f\">Marque<\/th>\n<td class=\"d13cb219 _58c871b0 b1bfb616\" data-test-id=\"product-spec-value\">Easy Connect<\/td>\n<\/tr>\n<tr class=\"_16e35652\">\n<th class=\"_5de00b5d _58c871b0 b1bfb616 _23ee746f\">Nom\/num\u00e9ro de mod\u00e8le<\/th>\n<td class=\"d13cb219 _58c871b0 b1bfb616\" data-test-id=\"product-spec-value\">Caillou<\/td>\n<\/tr>\n<tr class=\"_16e35652\">\n<th class=\"_5de00b5d _58c871b0 b1bfb616 _23ee746f\">Usage<\/th>\n<td class=\"d13cb219 _58c871b0 b1bfb616\" data-test-id=\"product-spec-value\">Ext\u00e9rieur et jardins<\/td>\n<\/tr>\n<tr class=\"_16e35652\">\n<th class=\"_5de00b5d _58c871b0 b1bfb616 _23ee746f\">Destination ext\u00e9rieure<\/th>\n<td class=\"d13cb219 _58c871b0 b1bfb616\" data-test-id=\"product-spec-value\">All\u00e9e, jardin et terrasse<\/td>\n<\/tr>\n<tr class=\"_16e35652\">\n<th class=\"_5de00b5d _58c871b0 b1bfb616 _23ee746f\">Mati\u00e8re<\/th>\n<td class=\"d13cb219 _58c871b0 b1bfb616\" data-test-id=\"product-spec-value\">Acier galvanis\u00e9 et acier \u00e0 rev\u00eatement par poudre<\/td>\n<\/tr>\n<tr class=\"_16e35652\">\n<th class=\"_5de00b5d _58c871b0 b1bfb616 _23ee746f\">Couleur<\/th>\n<td class=\"d13cb219 _58c871b0 b1bfb616\" data-test-id=\"product-spec-value\">Sable<\/td>\n<\/tr>\n<tr class=\"_16e35652\">\n<th class=\"_5de00b5d _58c871b0 b1bfb616 _23ee746f\">Tension<\/th>\n<td class=\"d13cb219 _58c871b0 b1bfb616\" data-test-id=\"product-spec-value\">230V<\/td>\n<\/tr>\n<tr class=\"_16e35652\">\n<th class=\"_5de00b5d _58c871b0 b1bfb616 _23ee746f\">Largeur (cm)<\/th>\n<td class=\"d13cb219 _58c871b0 b1bfb616\" data-test-id=\"product-spec-value\">100cm<\/td>\n<\/tr>\n<tr class=\"_16e35652\">\n<th class=\"_5de00b5d _58c871b0 b1bfb616 _23ee746f\">Hauteur (cm)<\/th>\n<td class=\"d13cb219 _58c871b0 b1bfb616\" data-test-id=\"product-spec-value\">120cm<\/td>\n<\/tr>\n<tr class=\"_16e35652\">\n<th class=\"_5de00b5d _58c871b0 b1bfb616 _23ee746f\">Diam\u00e8tre (cm)<\/th>\n<td class=\"d13cb219 _58c871b0 b1bfb616\" data-test-id=\"product-spec-value\">250cm<\/td>\n<\/tr>\n<tr class=\"_16e35652\">\n<th class=\"_5de00b5d _58c871b0 b1bfb616 _23ee746f\">Type de culot<\/th>\n<td class=\"d13cb219 _58c871b0 b1bfb616\" data-test-id=\"product-spec-value\">GU10<\/td>\n<\/tr>\n<tr class=\"_16e35652\">\n<th class=\"_5de00b5d _58c871b0 b1bfb616 _23ee746f\">Inclus<\/th>\n<td class=\"d13cb219 _58c871b0 b1bfb616\" data-test-id=\"product-spec-value\">Ampoule<\/td>\n<\/tr>\n<tr class=\"_16e35652\">\n<th class=\"_5de00b5d _58c871b0 b1bfb616 _23ee746f\">Garantie fabricant<\/th>\n<td class=\"d13cb219 _58c871b0 b1bfb616\" data-test-id=\"product-spec-value\">2 ans<\/td>\n<\/tr>\n<tr class=\"_16e35652\">\n<th class=\"_5de00b5d _58c871b0 b1bfb616 _23ee746f\">Poids net (kg)<\/th>\n<td class=\"d13cb219 _58c871b0 b1bfb616\" data-test-id=\"product-spec-value\">1kg<\/td>\n<\/tr>\n<\/tbody>\n<\/table>\n","protected":false},"excerpt":{"rendered":"<h1 id=\"product-title\" class=\"ccb9d67a _17d3fa36 _1c13b5e2 _58b3d2d9 _514c3e90 _75d33510 _266816c0 _6ba14bc3 fcf8ebfc _78852320 ee063513 cc6bbaee _23ee746f\" data-test-id=\"hero-info-title\">Spot ext\u00e9rieur Easy Connect Caillou sable mat<\/h1>\n","protected":false},"featured_media":345,"comment_status":"open","ping_status":"closed","template":"","meta":[],"product_cat":[20],"product_tag":[],"class_list":["post-343","product","type-product","status-publish","has-post-thumbnail","hentry","product_cat-projecteur"],"_links":{"self":[{"href":"https:\/\/locaperche.fr\/index.php\/wp-json\/wp\/v2\/product\/343","targetHints":{"allow":["GET"]}}],"collection":[{"href":"https:\/\/locaperche.fr\/index.php\/wp-json\/wp\/v2\/product"}],"about":[{"href":"https:\/\/locaperche.fr\/index.php\/wp-json\/wp\/v2\/types\/product"}],"replies":[{"embeddable":true,"href":"https:\/\/locaperche.fr\/index.php\/wp-json\/wp\/v2\/comments?post=343"}],"wp:featuredmedia":[{"embeddable":true,"href":"https:\/\/locaperche.fr\/index.php\/wp-json\/wp\/v2\/media\/345"}],"wp:attachment":[{"href":"https:\/\/locaperche.fr\/index.php\/wp-json\/wp\/v2\/media?parent=343"}],"wp:term":[{"taxonomy":"product_cat","embeddable":true,"href":"https:\/\/locaperche.fr\/index.php\/wp-json\/wp\/v2\/product_cat?post=343"},{"taxonomy":"product_tag","embeddable":true,"href":"https:\/\/locaperche.fr\/index.php\/wp-json\/wp\/v2\/product_tag?post=343"}],"curies":[{"name":"wp","href":"https:\/\/api.w.org\/{rel}","templated":true}]}}