{"id":341,"date":"2023-08-15T12:12:36","date_gmt":"2023-08-15T10:12:36","guid":{"rendered":"http:\/\/locaperche.fr\/?post_type=product&#038;p=341"},"modified":"2025-03-12T01:24:32","modified_gmt":"2025-03-12T00:24:32","slug":"lyre-gobo","status":"publish","type":"product","link":"https:\/\/locaperche.fr\/index.php\/produit\/lyre-gobo\/","title":{"rendered":"LYRE GOBO"},"content":{"rendered":"<p><strong>Balayages monstrueux &#8230;.100% efficace ! vous allez \u00eatre Bluff\u00e9 !<\/strong><\/p>\n<p>7 ou 10 canaux DMX<br \/>\nLED blanche de 10W de haute puissance<br \/>\nMouvement Pan &amp; Tilt<br \/>\nDisque gobo &amp; couleurs<br \/>\nMise au point manuelle<br \/>\nModes de fonctionnement : Automatique, contr\u00f4l\u00e9 par le son, ma\u00eetre-esclave ou DMX512<br \/>\n8 programmes int\u00e9gr\u00e9s<br \/>\nProgrammes \u00e9ditables par l\u2019utilisateur avec ajustement des blancs<br \/>\n<strong>Afficheur \u00e0 LED<\/strong><\/p>\n","protected":false},"excerpt":{"rendered":"<h1>LYRE DMX A LED BLANCHE 10W 8 gobos spot<\/h1>\n","protected":false},"featured_media":342,"comment_status":"open","ping_status":"closed","template":"","meta":[],"product_cat":[56],"product_tag":[],"class_list":["post-341","product","type-product","status-publish","has-post-thumbnail","hentry","product_cat-lyres"],"_links":{"self":[{"href":"https:\/\/locaperche.fr\/index.php\/wp-json\/wp\/v2\/product\/341","targetHints":{"allow":["GET"]}}],"collection":[{"href":"https:\/\/locaperche.fr\/index.php\/wp-json\/wp\/v2\/product"}],"about":[{"href":"https:\/\/locaperche.fr\/index.php\/wp-json\/wp\/v2\/types\/product"}],"replies":[{"embeddable":true,"href":"https:\/\/locaperche.fr\/index.php\/wp-json\/wp\/v2\/comments?post=341"}],"wp:featuredmedia":[{"embeddable":true,"href":"https:\/\/locaperche.fr\/index.php\/wp-json\/wp\/v2\/media\/342"}],"wp:attachment":[{"href":"https:\/\/locaperche.fr\/index.php\/wp-json\/wp\/v2\/media?parent=341"}],"wp:term":[{"taxonomy":"product_cat","embeddable":true,"href":"https:\/\/locaperche.fr\/index.php\/wp-json\/wp\/v2\/product_cat?post=341"},{"taxonomy":"product_tag","embeddable":true,"href":"https:\/\/locaperche.fr\/index.php\/wp-json\/wp\/v2\/product_tag?post=341"}],"curies":[{"name":"wp","href":"https:\/\/api.w.org\/{rel}","templated":true}]}}