{"id":336,"date":"2023-08-15T11:24:15","date_gmt":"2023-08-15T09:24:15","guid":{"rendered":"http:\/\/locaperche.fr\/?post_type=product&#038;p=336"},"modified":"2025-03-11T01:17:30","modified_gmt":"2025-03-11T00:17:30","slug":"clim-pac-2000x","status":"publish","type":"product","link":"https:\/\/locaperche.fr\/index.php\/produit\/clim-pac-2000x\/","title":{"rendered":"CLIMATISATION PAC 2KW"},"content":{"rendered":"<div class=\"avantages\">\n<ul>\n<li class=\"rtejustify\">Le climatiseur mobile Trotec PAC 2000 X accommode une puissance de 900 W ce qui favorise l\u2019\u00e9limination de 30\u00a0l\/24 h.<\/li>\n<li class=\"rtejustify\">Sa capacit\u00e9 de refroidissement est \u00e9valu\u00e9e \u00e0 2000 W ce qui \u00e9quivaut \u00e0 7000\u00a0BTU\/h, c\u2019est vraiment \u00e9norme pour un appareil de ce genre.<\/li>\n<li class=\"rtejustify\">Gr\u00e2ce \u00e0 sa classe d\u2019efficacit\u00e9 \u00e9nerg\u00e9tique A++, l\u2019appareil offre un excellent chauffage qui conduit \u00e0 son tour \u00e0 la g\u00e9n\u00e9ration d\u2019un air agr\u00e9able pour les utilisateurs.<\/li>\n<li class=\"rtejustify\">Sa consommation \u00e9nerg\u00e9tique horaire en chauffage et en refroidissement est de 2\u00a0kWh, la r\u00e9partition \u00e9gale de l\u2019\u00e9nergie fait que l\u2019on obtient un \u00e9coulement d\u2019air qui r\u00e9pond parfaitement aux besoins courants en mati\u00e8re de rafra\u00eechissement.<\/li>\n<li class=\"rtejustify\">Dot\u00e9 de 3 fonctions \u00e0 savoir, refroidir, d\u00e9shumidifier, chauffer le climatiseur mobile Trotec PAC 2000 X se laisse ais\u00e9ment manipuler m\u00eame par un amateur en la mati\u00e8re.<\/li>\n<li class=\"rtejustify\">Reli\u00e9e au secteur par un c\u00e2ble de 1,3\u00a0m, la machine vous offre l\u2019air selon votre convenance.<\/li>\n<li class=\"rtejustify\">Il est tr\u00e8s facile de d\u00e9placer cet appareil d\u2019un lieu \u00e0 un autre en raison de sa forme compacte.<\/li>\n<li class=\"rtejustify\">La manipulation de l\u2019outil se fait via une petite commande qui est livr\u00e9e le jour de l\u2019achat de la machine.<\/li>\n<li class=\"rtejustify\">La polyvalence de ce dispositif est appr\u00e9ci\u00e9e par plusieurs particuliers sur le march\u00e9, d\u2019o\u00f9 il est devenu l\u2019un des appareils les plus convoit\u00e9s au monde.<\/li>\n<\/ul>\n<\/div>\n","protected":false},"excerpt":{"rendered":"<ul>\n<li>Le climatiseur mobile Trotec PAC 2000 X accommode une puissance de 900 W ce qui favorise l\u2019\u00e9limination de 30\u00a0l\/24 h.<\/li>\n<\/ul>\n","protected":false},"featured_media":337,"comment_status":"open","ping_status":"closed","template":"","meta":[],"product_cat":[40],"product_tag":[],"class_list":["post-336","product","type-product","status-publish","has-post-thumbnail","hentry","product_cat-chauffage-climatisation"],"_links":{"self":[{"href":"https:\/\/locaperche.fr\/index.php\/wp-json\/wp\/v2\/product\/336","targetHints":{"allow":["GET"]}}],"collection":[{"href":"https:\/\/locaperche.fr\/index.php\/wp-json\/wp\/v2\/product"}],"about":[{"href":"https:\/\/locaperche.fr\/index.php\/wp-json\/wp\/v2\/types\/product"}],"replies":[{"embeddable":true,"href":"https:\/\/locaperche.fr\/index.php\/wp-json\/wp\/v2\/comments?post=336"}],"wp:featuredmedia":[{"embeddable":true,"href":"https:\/\/locaperche.fr\/index.php\/wp-json\/wp\/v2\/media\/337"}],"wp:attachment":[{"href":"https:\/\/locaperche.fr\/index.php\/wp-json\/wp\/v2\/media?parent=336"}],"wp:term":[{"taxonomy":"product_cat","embeddable":true,"href":"https:\/\/locaperche.fr\/index.php\/wp-json\/wp\/v2\/product_cat?post=336"},{"taxonomy":"product_tag","embeddable":true,"href":"https:\/\/locaperche.fr\/index.php\/wp-json\/wp\/v2\/product_tag?post=336"}],"curies":[{"name":"wp","href":"https:\/\/api.w.org\/{rel}","templated":true}]}}