{"id":334,"date":"2023-08-15T11:19:34","date_gmt":"2023-08-15T09:19:34","guid":{"rendered":"http:\/\/locaperche.fr\/?post_type=product&#038;p=334"},"modified":"2025-03-11T01:17:40","modified_gmt":"2025-03-11T00:17:40","slug":"canon-a-air-chaud","status":"publish","type":"product","link":"https:\/\/locaperche.fr\/index.php\/produit\/canon-a-air-chaud\/","title":{"rendered":"CANON A AIR CHAUD 50KW"},"content":{"rendered":"<div id=\"c2085873\" class=\"csc-default ctype-text\">\n<p class=\"bodytext\"><b>Les r\u00e9chauffeurs d\u2019air indirects comme le chauffage soufflant au fioul IDE\u00a050 sont des solutions optimales pour la mise \u00e0 disposition de grands volumes d\u2019air chaud propre et sec, tels qu\u2019ils sont requis pour le chauffage de chantiers, chapiteaux, halls d\u2019exposition, ateliers ou \u00e9tables.<\/b><\/p>\n<p class=\"bodytext\">Le chauffage soufflant au fioul IDE\u00a050 encaisse souverainement les longues applications ext\u00e9rieures, car il dispose d\u2019un robuste carter doublement verni, mont\u00e9 sur un chariot maniable muni de supports de c\u00e2ble et d\u2019un r\u00e9servoir \u00e0 carburant int\u00e9gr\u00e9.<\/p>\n<p class=\"bodytext\">En utilisant l\u2019\u00e9vacuation des gaz disponible en option, cet appareil de chauffage peut aussi \u00eatre employ\u00e9 de mani\u00e8re flexible pour le chauffage enti\u00e8rement automatique de locaux ferm\u00e9s.<\/p>\n<p class=\"bodytext\">Pour la commande de la temp\u00e9rature, le chauffage est \u00e9quip\u00e9 d\u2019un thermostat fixe \u00e0 double affichage num\u00e9rique indiquant la valeur de consigne et la valeur r\u00e9elle. Un thermostat externe suppl\u00e9mentaire avec un c\u00e2ble de raccordement de 25\u00a0m\u00e8tres peut \u00eatre livr\u00e9 en option si le <a title=\"Chauffage soufflant au fioul\" href=\"https:\/\/fr.trotec.com\/produits-et-services\/machines-highperformance\/chauffage\/chauffages-au-fioul-serie-ide\/\">chauffage soufflant au fioul<\/a> doit \u00eatre install\u00e9 \u00e0 distance de la zone \u00e0 chauffer.<\/p>\n<p class=\"bodytext\">L\u2019alimentation constante de l\u2019IDE\u00a050, au diesel ou au fioul, est garantie par une pompe \u00e0 injection Danfoss de qualit\u00e9 sup\u00e9rieure. Le filtre \u00e0 carburant plac\u00e9 \u00e0 l\u2019ext\u00e9rieur est facile d\u2019acc\u00e8s et la quantit\u00e9 de carburant actuelle peut \u00eatre confortablement lue sur l\u2019indicateur de niveau int\u00e9gr\u00e9 au r\u00e9servoir.<\/p>\n<\/div>\n<div id=\"c2155648\" class=\"csc-default ctype-text\">\n<div class=\"csc-header csc-header-n1\">\n<h2 class=\"csc-firstHeader\">Chauffages indirects au fioul IDE pour une chaleur propre diffus\u00e9e avec une puissance de chauffe maximale<\/h2>\n<\/div>\n<p class=\"bodytext\">Les <a class=\"internal-link\" title=\"Chauffages indirects au fioul de la s\u00e9rie IDE\" href=\"https:\/\/fr.trotec.com\/produits-et-services\/machines-highperformance\/chauffage\/chauffages-au-fioul-serie-ide\/\">chauffages indirects au fioul de la s\u00e9rie IDE<\/a> conviennent parfaitement aux locaux dont la ventilation ne peut \u00eatre que restreinte mais qui doivent cependant \u00eatre utilis\u00e9s par des personnes et des animaux. Ils repr\u00e9sentent \u00e9galement une solution de choix pour l\u2019acc\u00e9l\u00e9ration du s\u00e9chage des chantiers ainsi que pour les locaux pr\u00e9sentant un risque d\u2019incendie parce qu\u2019ils abritent des produits inflammables.<\/p>\n<h3>Dans les chauffages indirects, l\u2019air \u00e0 chauffer est compl\u00e8tement s\u00e9par\u00e9 de la chambre de combustion.<\/h3>\n<p class=\"bodytext\">L\u2019air est chauff\u00e9 en passant le long de la surface agrandie de la chambre de combustion, l\u2019\u00e9changeur de chaleur. Le ventilateur qui souffle l\u2019air chaud fournit certes aussi l\u2019air de combustion requis, mais les gaz d\u2019\u00e9chappement sont \u00e9vacu\u00e9s vers l\u2019ext\u00e9rieur par une chemin\u00e9e.<\/p>\n<p class=\"bodytext\">La mise en \u0153uvre de chauffages indirects est donc recommand\u00e9e pour l\u2019obtention d\u2019une chaleur propre et s\u00e8che.<\/p>\n<p class=\"bodytext\">Contrairement aux chauffages directs, aucun gaz de combustion ni vapeur d\u2019eau ne se retrouve dans l\u2019air ambiant, dans la mesure o\u00f9 l\u2019\u00e9vacuation des gaz disponible en option est utilis\u00e9e.<\/p>\n<\/div>\n","protected":false},"excerpt":{"rendered":"<p>Le chauffage soufflant au fioul \u00e0 combustion indirecte IDE 50 pour de l\u2019air chaud, propre et sec<\/p>\n","protected":false},"featured_media":333,"comment_status":"open","ping_status":"closed","template":"","meta":[],"product_cat":[40],"product_tag":[],"class_list":["post-334","product","type-product","status-publish","has-post-thumbnail","hentry","product_cat-chauffage-climatisation"],"_links":{"self":[{"href":"https:\/\/locaperche.fr\/index.php\/wp-json\/wp\/v2\/product\/334","targetHints":{"allow":["GET"]}}],"collection":[{"href":"https:\/\/locaperche.fr\/index.php\/wp-json\/wp\/v2\/product"}],"about":[{"href":"https:\/\/locaperche.fr\/index.php\/wp-json\/wp\/v2\/types\/product"}],"replies":[{"embeddable":true,"href":"https:\/\/locaperche.fr\/index.php\/wp-json\/wp\/v2\/comments?post=334"}],"wp:featuredmedia":[{"embeddable":true,"href":"https:\/\/locaperche.fr\/index.php\/wp-json\/wp\/v2\/media\/333"}],"wp:attachment":[{"href":"https:\/\/locaperche.fr\/index.php\/wp-json\/wp\/v2\/media?parent=334"}],"wp:term":[{"taxonomy":"product_cat","embeddable":true,"href":"https:\/\/locaperche.fr\/index.php\/wp-json\/wp\/v2\/product_cat?post=334"},{"taxonomy":"product_tag","embeddable":true,"href":"https:\/\/locaperche.fr\/index.php\/wp-json\/wp\/v2\/product_tag?post=334"}],"curies":[{"name":"wp","href":"https:\/\/api.w.org\/{rel}","templated":true}]}}