{"id":33,"date":"2023-08-12T20:50:36","date_gmt":"2023-08-12T18:50:36","guid":{"rendered":"http:\/\/locaperche.fr\/?post_type=product&#038;p=33"},"modified":"2024-10-24T00:57:28","modified_gmt":"2024-10-23T22:57:28","slug":"pure-light","status":"publish","type":"product","link":"https:\/\/locaperche.fr\/index.php\/produit\/pure-light\/","title":{"rendered":"PURE LIGHT ARIZONA"},"content":{"rendered":"<p>Jeu de lumi\u00e8re atypique de forme carr\u00e9 avec 6 projecteurs \u00e0 LEDs RGBW poss\u00e8dant des effets et programmes vari\u00e9s. Avec son \u00e9trier de fixation, vous pouvez ais\u00e9ment le fixer \u00e0 un portique.<\/p>\n<p>Caract\u00e9ristiques techniques :<\/p>\n<p>&#8211; Alimentation : AC250V<br \/>\n&#8211; Fr\u00e9quence : 50Hz<br \/>\n&#8211; Puissance : 30W<br \/>\n&#8211; 2 LEDs de 10W 4en1 RGBW<br \/>\n&#8211; 8 Cha\u00eenes DMX<br \/>\n&#8211; DMX512<br \/>\n&#8211; Fonction : DMX512, mode musical, automatique, ma\u00eetre\/esclav<br \/>\n&#8211; Utilisation int\u00e9rieur<br \/>\n&#8211; Dimensions 25x26x25cm<\/p>\n","protected":false},"excerpt":{"rendered":"<p>Jeu de lumi\u00e8re atypique de forme carr\u00e9 avec 6 projecteurs \u00e0 LEDs RGBW poss\u00e8dant des effets et programmes vari\u00e9s. Avec son \u00e9trier de fixation, vous pouvez ais\u00e9ment le fixer \u00e0 un portique.<\/p>\n","protected":false},"featured_media":338,"comment_status":"open","ping_status":"closed","template":"","meta":[],"product_cat":[21],"product_tag":[],"class_list":["post-33","product","type-product","status-publish","has-post-thumbnail","hentry","product_cat-flower"],"_links":{"self":[{"href":"https:\/\/locaperche.fr\/index.php\/wp-json\/wp\/v2\/product\/33","targetHints":{"allow":["GET"]}}],"collection":[{"href":"https:\/\/locaperche.fr\/index.php\/wp-json\/wp\/v2\/product"}],"about":[{"href":"https:\/\/locaperche.fr\/index.php\/wp-json\/wp\/v2\/types\/product"}],"replies":[{"embeddable":true,"href":"https:\/\/locaperche.fr\/index.php\/wp-json\/wp\/v2\/comments?post=33"}],"wp:featuredmedia":[{"embeddable":true,"href":"https:\/\/locaperche.fr\/index.php\/wp-json\/wp\/v2\/media\/338"}],"wp:attachment":[{"href":"https:\/\/locaperche.fr\/index.php\/wp-json\/wp\/v2\/media?parent=33"}],"wp:term":[{"taxonomy":"product_cat","embeddable":true,"href":"https:\/\/locaperche.fr\/index.php\/wp-json\/wp\/v2\/product_cat?post=33"},{"taxonomy":"product_tag","embeddable":true,"href":"https:\/\/locaperche.fr\/index.php\/wp-json\/wp\/v2\/product_tag?post=33"}],"curies":[{"name":"wp","href":"https:\/\/api.w.org\/{rel}","templated":true}]}}