{"id":31,"date":"2023-08-12T20:49:34","date_gmt":"2023-08-12T18:49:34","guid":{"rendered":"http:\/\/locaperche.fr\/?post_type=product&#038;p=31"},"modified":"2025-03-09T01:29:50","modified_gmt":"2025-03-09T00:29:50","slug":"eurolite-edx-4r","status":"publish","type":"product","link":"https:\/\/locaperche.fr\/index.php\/produit\/eurolite-edx-4r\/","title":{"rendered":"DIMMER \/ BLOC DE PUISSANCE DMX 4 CANAUX"},"content":{"rendered":"<div class=\"properties-box\">\n<h3 class=\"content-heading\">Caract\u00e9ristiques<\/h3>\n<ul>\n<li>Eurolite EDX-4R Dimmer Pack DMX RDM<\/li>\n<li>puissance de sortie max. : 3 680 W<\/li>\n<li>puissance de sortie par canal : 1 150 W<\/li>\n<li>canaux DMX : 4<\/li>\n<li>contr\u00f4le : RDM, autonome, DMX<\/li>\n<li>connexion DMX : XLR 3 broches<\/li>\n<li>amp\u00e9rage maximal par canal : 5 A<\/li>\n<li>indicateurs LED<\/li>\n<li>compatible RDM (Remote Device Management)<\/li>\n<li>dimensions : 27 x 9,5 x 26 cm<\/li>\n<li>poids : 2,81 kg<\/li>\n<\/ul>\n<\/div>\n","protected":false},"excerpt":{"rendered":"<p>L&#8217;EDX-4R Dimmer Pack d&#8217;Eurolite est un gradateur tr\u00e8s compact proposant 4 canaux. Gr\u00e2ce aux courbes de gradation individuelles et ind\u00e9pendantes, vous pouvez d\u00e9finir vous-m\u00eame la gradation. Vous pouvez par exemple choisir une courbe de gradation lin\u00e9aire, carr\u00e9e, carr\u00e9e invers\u00e9e ou switch. Vous conservez \u00e9galement une vue d&#8217;ensemble suffisante gr\u00e2ce aux indicateurs LED. Si vous ne souhaitez pas vous emb\u00eater avec toutes les options de gradation, il est possible d&#8217;utiliser le mode musical. Ainsi, l&#8217;Eurolite EDX-4R r\u00e9agit \u00e0 la musique diffus\u00e9e et cr\u00e9e un effet subtil.<\/p>\n","protected":false},"featured_media":41,"comment_status":"open","ping_status":"closed","template":"","meta":[],"product_cat":[23],"product_tag":[],"class_list":["post-31","product","type-product","status-publish","has-post-thumbnail","hentry","product_cat-console-de-controle-dmx"],"_links":{"self":[{"href":"https:\/\/locaperche.fr\/index.php\/wp-json\/wp\/v2\/product\/31","targetHints":{"allow":["GET"]}}],"collection":[{"href":"https:\/\/locaperche.fr\/index.php\/wp-json\/wp\/v2\/product"}],"about":[{"href":"https:\/\/locaperche.fr\/index.php\/wp-json\/wp\/v2\/types\/product"}],"replies":[{"embeddable":true,"href":"https:\/\/locaperche.fr\/index.php\/wp-json\/wp\/v2\/comments?post=31"}],"wp:featuredmedia":[{"embeddable":true,"href":"https:\/\/locaperche.fr\/index.php\/wp-json\/wp\/v2\/media\/41"}],"wp:attachment":[{"href":"https:\/\/locaperche.fr\/index.php\/wp-json\/wp\/v2\/media?parent=31"}],"wp:term":[{"taxonomy":"product_cat","embeddable":true,"href":"https:\/\/locaperche.fr\/index.php\/wp-json\/wp\/v2\/product_cat?post=31"},{"taxonomy":"product_tag","embeddable":true,"href":"https:\/\/locaperche.fr\/index.php\/wp-json\/wp\/v2\/product_tag?post=31"}],"curies":[{"name":"wp","href":"https:\/\/api.w.org\/{rel}","templated":true}]}}