{"id":304,"date":"2023-08-14T13:51:16","date_gmt":"2023-08-14T11:51:16","guid":{"rendered":"http:\/\/locaperche.fr\/?post_type=product&#038;p=304"},"modified":"2025-03-12T15:35:02","modified_gmt":"2025-03-12T14:35:02","slug":"europower-ep4000","status":"publish","type":"product","link":"https:\/\/locaperche.fr\/index.php\/produit\/europower-ep4000\/","title":{"rendered":"AMPLI SONO EUROPOWER 4KW"},"content":{"rendered":"<p>EP4000 Behringer Ampli 2 x 1400W sous 4 ohms.<br \/>\n\u2022 Amplificateur de sonorisation Classe D.<br \/>\n\u2022 Technologie ATR (Accelerated Transcient Response).<br \/>\n\u2022 1 Ventilateur.<br \/>\n\u2022 Limiteur.<br \/>\n\u2022 Filtre 30 &amp; 50 Hz.<br \/>\n\u2022 2 x 850 watts sous 8 ohms &#8211; 2 x 1400 watts sous 4 ohms &#8211; 2 x 2000 watts sous 2 ohms.<br \/>\n\u2022 Puissance mode bridg\u00e9 : 4000 watts sous 4 ohms.<br \/>\n\u2022 2 canaux: mode parall\u00e8le ou mono bridg\u00e9.<br \/>\n\u2022 Limiteurs ind\u00e9pendants activables sur chaque canal.<br \/>\n\u2022 Transformateur toro\u00efdal.<br \/>\n\u2022 Filtres passe-hauts d\u00e9brayables (30 Hz ou 50 Hz).<br \/>\n\u2022 Sorties sur connecteurs Speakon.<br \/>\n\u2022 Entr\u00e9es sym\u00e9triques sur connecteurs XLR et jack st\u00e9r\u00e9o 6,3 mm.<br \/>\n\u2022 Options de c\u00e2blage pour le raccordement d&#8217;autres amplis en mode parall\u00e8le.<br \/>\n\u2022 Transformateur torique.<br \/>\n\u2022 Syst\u00e8me de ventilation Back-to-front avec ventilateur automatique.<br \/>\n\u2022 Protection contre le surchauffage.<br \/>\n\u2022 Format rack 2U.<\/p>\n<p>\u2022 Poids approx. pour le transport : 21.60 Kg.<\/p>\n","protected":false},"excerpt":{"rendered":"<h4 class=\"mj-productdescname\">EP 4000<span class=\"smallText\">Behringer EP 4000 Amplificateur<\/span><\/h4>\n","protected":false},"featured_media":305,"comment_status":"open","ping_status":"closed","template":"","meta":[],"product_cat":[35],"product_tag":[],"class_list":["post-304","product","type-product","status-publish","has-post-thumbnail","hentry","product_cat-amplificateur"],"_links":{"self":[{"href":"https:\/\/locaperche.fr\/index.php\/wp-json\/wp\/v2\/product\/304","targetHints":{"allow":["GET"]}}],"collection":[{"href":"https:\/\/locaperche.fr\/index.php\/wp-json\/wp\/v2\/product"}],"about":[{"href":"https:\/\/locaperche.fr\/index.php\/wp-json\/wp\/v2\/types\/product"}],"replies":[{"embeddable":true,"href":"https:\/\/locaperche.fr\/index.php\/wp-json\/wp\/v2\/comments?post=304"}],"wp:featuredmedia":[{"embeddable":true,"href":"https:\/\/locaperche.fr\/index.php\/wp-json\/wp\/v2\/media\/305"}],"wp:attachment":[{"href":"https:\/\/locaperche.fr\/index.php\/wp-json\/wp\/v2\/media?parent=304"}],"wp:term":[{"taxonomy":"product_cat","embeddable":true,"href":"https:\/\/locaperche.fr\/index.php\/wp-json\/wp\/v2\/product_cat?post=304"},{"taxonomy":"product_tag","embeddable":true,"href":"https:\/\/locaperche.fr\/index.php\/wp-json\/wp\/v2\/product_tag?post=304"}],"curies":[{"name":"wp","href":"https:\/\/api.w.org\/{rel}","templated":true}]}}