{"id":302,"date":"2023-08-14T13:49:21","date_gmt":"2023-08-14T11:49:21","guid":{"rendered":"http:\/\/locaperche.fr\/?post_type=product&#038;p=302"},"modified":"2025-03-12T15:35:16","modified_gmt":"2025-03-12T14:35:16","slug":"europower-ep2000","status":"publish","type":"product","link":"https:\/\/locaperche.fr\/index.php\/produit\/europower-ep2000\/","title":{"rendered":"AMPLI SONO EUROPOWER 2KW"},"content":{"rendered":"<p>\u2022 Amplificateur de sonorisation Classe D.<br \/>\n\u2022 Technologie ATR(Accelerated Transcient Response).<br \/>\n\u2022 &#8211; 1 Ventilateur &#8211; Limiteur.<br \/>\n\u2022 &#8211; Filtre 30 &amp; 50 Hz.<br \/>\n\u2022 &#8211; 2 x 375 watts sous 8 ohms;<br \/>\n\u2022 &#8211; 2 x 750 watts sous 4 ohms et 2 x 1000 watts sous 2 ohms.<br \/>\n\u2022 &#8211; 2 canaux: mode parall\u00e8le ou mono bridg\u00e9.<br \/>\n\u2022 &#8211; 1 X 2000 watts sous 4 ohms en mode bridg\u00e9.<br \/>\n\u2022 &#8211; Limiteurs ind\u00e9pendants activables sur chaque canal.<br \/>\n\u2022 &#8211; Filtres passe-hauts d\u00e9brayables (30 Hz ou 50 Hz).<br \/>\n\u2022 &#8211; Sorties sur connecteurs Speakon.<br \/>\n\u2022 &#8211; Entr\u00e9es sym\u00e9triques sur connecteurs XLR et jack st\u00e9r\u00e9o 6,3 mm.<br \/>\n\u2022 &#8211; Options de c\u00e2blage pour le raccordement d&#8217;autres amplis en mode parall\u00e8le.<br \/>\n\u2022 &#8211; Transformateur torique.<br \/>\n\u2022 &#8211; Syst\u00e8me de ventilation Back-to-front avec ventilateur automatique.<br \/>\n\u2022 &#8211; Protection contre le surchauffage.<br \/>\n\u2022 &#8211; Format rack 2U.<\/p>\n<p>\u2022 Poids approx. pour le transport : 16.00 Kg.<\/p>\n","protected":false},"excerpt":{"rendered":"<h4 class=\"mj-productdescname\">EP 2000<span class=\"smallText\">BEHRINGER ep 2000 amplificateur<\/span><\/h4>\n","protected":false},"featured_media":303,"comment_status":"open","ping_status":"closed","template":"","meta":[],"product_cat":[35],"product_tag":[],"class_list":["post-302","product","type-product","status-publish","has-post-thumbnail","hentry","product_cat-amplificateur"],"_links":{"self":[{"href":"https:\/\/locaperche.fr\/index.php\/wp-json\/wp\/v2\/product\/302","targetHints":{"allow":["GET"]}}],"collection":[{"href":"https:\/\/locaperche.fr\/index.php\/wp-json\/wp\/v2\/product"}],"about":[{"href":"https:\/\/locaperche.fr\/index.php\/wp-json\/wp\/v2\/types\/product"}],"replies":[{"embeddable":true,"href":"https:\/\/locaperche.fr\/index.php\/wp-json\/wp\/v2\/comments?post=302"}],"wp:featuredmedia":[{"embeddable":true,"href":"https:\/\/locaperche.fr\/index.php\/wp-json\/wp\/v2\/media\/303"}],"wp:attachment":[{"href":"https:\/\/locaperche.fr\/index.php\/wp-json\/wp\/v2\/media?parent=302"}],"wp:term":[{"taxonomy":"product_cat","embeddable":true,"href":"https:\/\/locaperche.fr\/index.php\/wp-json\/wp\/v2\/product_cat?post=302"},{"taxonomy":"product_tag","embeddable":true,"href":"https:\/\/locaperche.fr\/index.php\/wp-json\/wp\/v2\/product_tag?post=302"}],"curies":[{"name":"wp","href":"https:\/\/api.w.org\/{rel}","templated":true}]}}