{"id":30,"date":"2023-08-12T20:49:08","date_gmt":"2023-08-12T18:49:08","guid":{"rendered":"http:\/\/locaperche.fr\/?post_type=product&#038;p=30"},"modified":"2025-03-11T17:59:03","modified_gmt":"2025-03-11T16:59:03","slug":"eurolite-mini-d20","status":"publish","type":"product","link":"https:\/\/locaperche.fr\/index.php\/produit\/eurolite-mini-d20\/","title":{"rendered":"EUROLITE MINI D20"},"content":{"rendered":"<p>LED lumineuse de derby et stroboscopique hybride dans une taille pratique<\/p>\n<ul>\n<li>4 LED haute puissance 3 W 4in1 pour des effets de faisceau saisissants en couleurs RGBW<\/li>\n<li>16 LED blanc froid de 0,5 W pour des effets stroboscopiques dynamiques<\/li>\n<li>Programmes d&#8217;\u00e9missions automatiques et musicales int\u00e9gr\u00e9s<\/li>\n<li>S\u00e9lection directe des couleurs pour 14 couleurs pr\u00e9d\u00e9finies<\/li>\n<li>Contr\u00f4le individuel de toutes les LED RGBW et stroboscopiques pour une utilisation comme projecteur ou stroboscope.<\/li>\n<li>Adressage et r\u00e9glage via le panneau de commande avec affichage LED \u00e0 4 chiffres<\/li>\n<li>Autres param\u00e8tres de l&#8217;affichage LED : mode d&#8217;\u00e9conomie d&#8217;\u00e9nergie, version du logiciel, test de fonction, param\u00e8tres par d\u00e9faut.<\/li>\n<li>Commande sans fil pratique gr\u00e2ce \u00e0 la t\u00e9l\u00e9commande infrarouge EUROLITE IR-16 incluse.<\/li>\n<li>Possibilit\u00e9 de verrouillage au niveau du support de montage<\/li>\n<li>Bornes IEC pour relier jusqu&#8217;\u00e0 8 unit\u00e9s<\/li>\n<li>Alimentation \u00e0 d\u00e9coupage pour un fonctionnement entre 100 et 240 volts<\/li>\n<li>LED : 16 x SMD 0,5 W CW<\/li>\n<li>LED : 4 x haute puissance 3 W 4in1 QCL RGBW<\/li>\n<li>Peut \u00eatre utilis\u00e9 en mode 1 ; 4 CH<\/li>\n<li>L&#8217;appareil est refroidi par un ventilateur de refroidissement<\/li>\n<li>Contr\u00f4le autonome, DMX, t\u00e9l\u00e9commande IR, son \u00e0 la lumi\u00e8re via un microphone, fonction ma\u00eetre\/esclave.<\/li>\n<li>Est dans le logiciel Light J ; logiciel EUROLITE LED PC-Control 512 ; EASY SHOW d\u00e9j\u00e0 pr\u00e9programm\u00e9<\/li>\n<li>Effet : Effet multifaisceau ; effet stroboscopique<\/li>\n<\/ul>\n","protected":false},"excerpt":{"rendered":"<p>Cet effet LED derby d&#8217;Eurolite transforme les petites et moyennes salles en un oc\u00e9an de couleurs s&#8217;ajustant automatiquement au rythme de la musique.Le Mini D-20 peut \u00eatre contr\u00f4l\u00e9 en mode autonome ou connect\u00e9 \u00e0 un contr\u00f4leur DMX. Dans les deux cas, les LED RGBW haute performance traversent m\u00eame l&#8217;air enfum\u00e9, ce qui rend cet effet derby parfaitement adapt\u00e9 aux spectacles de lumi\u00e8re de tout type, qu&#8217;il s&#8217;agisse d&#8217;une pr\u00e9sentation dans un salon, d&#8217;une f\u00eate dans un club ou d&#8217;une soir\u00e9e priv\u00e9e. Vous pouvez choisir parmi plusieurs programmes diff\u00e9rents tels que des couleurs statiques, des effets lumineux contr\u00f4l\u00e9s par le son, des effets stroboscopiques rapides et bien plus encore ! La faible consommation d&#8217;\u00e9nergie, la longue dur\u00e9e de vie de chaque diode et le faible d\u00e9gagement de chaleur sont les principaux avantages de la technologie LED. Si vous ne poss\u00e9dez pas de contr\u00f4leur DMX, vous pouvez \u00e9galement utiliser la t\u00e9l\u00e9commande IR fournie pour coordonner votre spectacle. L&#8217;utilisation de la sortie feed-through pour relier jusqu&#8217;\u00e0 huit appareils afin d&#8217;illuminer une zone plus large est \u00e9galement une option.<\/p>\n","protected":false},"featured_media":294,"comment_status":"open","ping_status":"closed","template":"","meta":[],"product_cat":[21],"product_tag":[],"class_list":["post-30","product","type-product","status-publish","has-post-thumbnail","hentry","product_cat-flower"],"_links":{"self":[{"href":"https:\/\/locaperche.fr\/index.php\/wp-json\/wp\/v2\/product\/30","targetHints":{"allow":["GET"]}}],"collection":[{"href":"https:\/\/locaperche.fr\/index.php\/wp-json\/wp\/v2\/product"}],"about":[{"href":"https:\/\/locaperche.fr\/index.php\/wp-json\/wp\/v2\/types\/product"}],"replies":[{"embeddable":true,"href":"https:\/\/locaperche.fr\/index.php\/wp-json\/wp\/v2\/comments?post=30"}],"wp:featuredmedia":[{"embeddable":true,"href":"https:\/\/locaperche.fr\/index.php\/wp-json\/wp\/v2\/media\/294"}],"wp:attachment":[{"href":"https:\/\/locaperche.fr\/index.php\/wp-json\/wp\/v2\/media?parent=30"}],"wp:term":[{"taxonomy":"product_cat","embeddable":true,"href":"https:\/\/locaperche.fr\/index.php\/wp-json\/wp\/v2\/product_cat?post=30"},{"taxonomy":"product_tag","embeddable":true,"href":"https:\/\/locaperche.fr\/index.php\/wp-json\/wp\/v2\/product_tag?post=30"}],"curies":[{"name":"wp","href":"https:\/\/api.w.org\/{rel}","templated":true}]}}