{"id":298,"date":"2023-08-14T12:21:46","date_gmt":"2023-08-14T10:21:46","guid":{"rendered":"http:\/\/locaperche.fr\/?post_type=product&#038;p=298"},"modified":"2025-03-09T17:58:10","modified_gmt":"2025-03-09T16:58:10","slug":"samsung-db32e","status":"publish","type":"product","link":"https:\/\/locaperche.fr\/index.php\/produit\/samsung-db32e\/","title":{"rendered":"ECRAN DYNAMIQUE TACTILE 32&#8243; &#8211; SAMSUNG DB32"},"content":{"rendered":"<p>Un \u00e9cran lumineux con\u00e7u pour fonctionner 16h\/24 et 7j\/7 !<\/p>\n","protected":false},"excerpt":{"rendered":"<p>&nbsp;<\/p>\n<p>Avec les \u00e9crans dynamiques Smart Signage DB32E\/DB48E\/DB55E de Samsung, am\u00e9liorez votre image professionnelle en profitant d&#8217;un affichage d&#8217;une qualit\u00e9 exceptionnelle ! Gr\u00e2ce \u00e0 une plateforme avanc\u00e9e ainsi qu&#8217;\u00e0 une interface intuitive, g\u00e9rez facilement le contenu que vous souhaitez afficher. Aussi, l&#8217;application mobile MagicInfo S3 vous permet de contr\u00f4ler vos affichages sans fil, directement depuis votre tablette. Sublimez vos messages et faites passer vos id\u00e9es gr\u00e2ce \u00e0 cet \u00e9cran au design attractif et aux performances remarquables !<\/p>\n","protected":false},"featured_media":299,"comment_status":"open","ping_status":"closed","template":"","meta":[],"product_cat":[33],"product_tag":[],"class_list":["post-298","product","type-product","status-publish","has-post-thumbnail","hentry","product_cat-ecran-affichage"],"_links":{"self":[{"href":"https:\/\/locaperche.fr\/index.php\/wp-json\/wp\/v2\/product\/298","targetHints":{"allow":["GET"]}}],"collection":[{"href":"https:\/\/locaperche.fr\/index.php\/wp-json\/wp\/v2\/product"}],"about":[{"href":"https:\/\/locaperche.fr\/index.php\/wp-json\/wp\/v2\/types\/product"}],"replies":[{"embeddable":true,"href":"https:\/\/locaperche.fr\/index.php\/wp-json\/wp\/v2\/comments?post=298"}],"wp:featuredmedia":[{"embeddable":true,"href":"https:\/\/locaperche.fr\/index.php\/wp-json\/wp\/v2\/media\/299"}],"wp:attachment":[{"href":"https:\/\/locaperche.fr\/index.php\/wp-json\/wp\/v2\/media?parent=298"}],"wp:term":[{"taxonomy":"product_cat","embeddable":true,"href":"https:\/\/locaperche.fr\/index.php\/wp-json\/wp\/v2\/product_cat?post=298"},{"taxonomy":"product_tag","embeddable":true,"href":"https:\/\/locaperche.fr\/index.php\/wp-json\/wp\/v2\/product_tag?post=298"}],"curies":[{"name":"wp","href":"https:\/\/api.w.org\/{rel}","templated":true}]}}