{"id":287,"date":"2023-08-14T11:07:39","date_gmt":"2023-08-14T09:07:39","guid":{"rendered":"http:\/\/locaperche.fr\/?post_type=product&#038;p=287"},"modified":"2023-08-21T09:55:37","modified_gmt":"2023-08-21T07:55:37","slug":"spot-wash-rgbw","status":"publish","type":"product","link":"https:\/\/locaperche.fr\/index.php\/produit\/spot-wash-rgbw\/","title":{"rendered":"SPOT WASH RGBW"},"content":{"rendered":"<p>&#8211; 8 canaux DMX<br \/>\n&#8211; 12 LED RVB + blanc de 1W<br \/>\n&#8211; M\u00e9langeur de couleurs, variateur et stroboscope<br \/>\n&#8211; Fonctionnement DMX, automatique, ma\u00eetre\/esclave<br \/>\n&#8211; Alimentation AC100-240V<br \/>\n&#8211; Fr\u00e9quence : 50-60Hz<br \/>\n&#8211; Consommation 15W<br \/>\n&#8211; IP 20<br \/>\n&#8211; Dimensions 120 x 120 x 90mm<br \/>\n&#8211; Poids 460g<\/p>\n","protected":false},"excerpt":{"rendered":"<p>Luminaire LED ,\u00a0seulement 12cm de diam\u00e8tre, pour spectacles pouvant fonctionner manuellement, automatiquement ou par DMX synchronis\u00e9 avec la musique, et transformer n&#8217;importe quelle pi\u00e8ce en piste de danse. Le <strong>projecteur PAR<\/strong> utilise 12 diodes 3W ultra brillantes avec technologie <strong>LED<\/strong> d&#8217;une puissance de <strong>36W<\/strong>.<\/p>\n","protected":false},"featured_media":288,"comment_status":"open","ping_status":"closed","template":"","meta":[],"product_cat":[20],"product_tag":[],"class_list":["post-287","product","type-product","status-publish","has-post-thumbnail","hentry","product_cat-projecteur"],"_links":{"self":[{"href":"https:\/\/locaperche.fr\/index.php\/wp-json\/wp\/v2\/product\/287","targetHints":{"allow":["GET"]}}],"collection":[{"href":"https:\/\/locaperche.fr\/index.php\/wp-json\/wp\/v2\/product"}],"about":[{"href":"https:\/\/locaperche.fr\/index.php\/wp-json\/wp\/v2\/types\/product"}],"replies":[{"embeddable":true,"href":"https:\/\/locaperche.fr\/index.php\/wp-json\/wp\/v2\/comments?post=287"}],"wp:featuredmedia":[{"embeddable":true,"href":"https:\/\/locaperche.fr\/index.php\/wp-json\/wp\/v2\/media\/288"}],"wp:attachment":[{"href":"https:\/\/locaperche.fr\/index.php\/wp-json\/wp\/v2\/media?parent=287"}],"wp:term":[{"taxonomy":"product_cat","embeddable":true,"href":"https:\/\/locaperche.fr\/index.php\/wp-json\/wp\/v2\/product_cat?post=287"},{"taxonomy":"product_tag","embeddable":true,"href":"https:\/\/locaperche.fr\/index.php\/wp-json\/wp\/v2\/product_tag?post=287"}],"curies":[{"name":"wp","href":"https:\/\/api.w.org\/{rel}","templated":true}]}}