{"id":282,"date":"2023-08-14T10:49:45","date_gmt":"2023-08-14T08:49:45","guid":{"rendered":"http:\/\/locaperche.fr\/?post_type=product&#038;p=282"},"modified":"2023-08-21T09:57:18","modified_gmt":"2023-08-21T07:57:18","slug":"hq-power-bar5","status":"publish","type":"product","link":"https:\/\/locaperche.fr\/index.php\/produit\/hq-power-bar5\/","title":{"rendered":"HQ POWER BAR5"},"content":{"rendered":"<p>HQ POWER HERSE 28X3W<br \/>\nHERSE \u00c0 PAR LED &#8211; 28 LED DE 3W RGB<br \/>\n\u2022 Caract\u00e9ristiques<br \/>\n\u2022 \u2022 Chaque spot est s\u00e9par\u00e9ment r\u00e9glable<br \/>\n\u2022 \u2022 Livr\u00e9e avec housses de protection pour les projecteurs PAR et le pied<br \/>\n\u2022 \u2022 pilotage DMX depuis 15 canaux<br \/>\n\u2022 \u2022 programmes int\u00e9gr\u00e9s, pilotage ma\u00eetre\/esclave ou pilotage par le son gr\u00e2ce au microphone int\u00e9gr\u00e9<br \/>\n\u2022 \u2022 facile \u00e0 utiliser gr\u00e2ce au p\u00e9dalier avec cordon de 5m<br \/>\n\u2022 \u2022 livr\u00e9e sans support<br \/>\n\u2022 Sp\u00e9cifications<br \/>\n\u2022 \u2022 alimentation: 230VCA ~ 50Hz<br \/>\n\u2022 \u2022 consommation: 180W<br \/>\n\u2022 \u2022 LED: 28 x 3W RGB<br \/>\n\u2022 \u2022 angle du faisceau: 30\u00b0<br \/>\n\u2022 \u2022 Dimensions: 1200 x 65 x 315mm<br \/>\n\u2022 \u2022 Poids: 15kg<\/p>\n<p>\u2022 Poids approx. pour le transport : 15.00 Kg.<\/p>\n","protected":false},"excerpt":{"rendered":"<h4 class=\"mj-productdescname\">HERSE 28X3W<span class=\"smallText\">HERSE LED HQ POWER 28 LED 3W<\/span><\/h4>\n","protected":false},"featured_media":283,"comment_status":"open","ping_status":"closed","template":"","meta":[],"product_cat":[20],"product_tag":[],"class_list":["post-282","product","type-product","status-publish","has-post-thumbnail","hentry","product_cat-projecteur"],"_links":{"self":[{"href":"https:\/\/locaperche.fr\/index.php\/wp-json\/wp\/v2\/product\/282","targetHints":{"allow":["GET"]}}],"collection":[{"href":"https:\/\/locaperche.fr\/index.php\/wp-json\/wp\/v2\/product"}],"about":[{"href":"https:\/\/locaperche.fr\/index.php\/wp-json\/wp\/v2\/types\/product"}],"replies":[{"embeddable":true,"href":"https:\/\/locaperche.fr\/index.php\/wp-json\/wp\/v2\/comments?post=282"}],"wp:featuredmedia":[{"embeddable":true,"href":"https:\/\/locaperche.fr\/index.php\/wp-json\/wp\/v2\/media\/283"}],"wp:attachment":[{"href":"https:\/\/locaperche.fr\/index.php\/wp-json\/wp\/v2\/media?parent=282"}],"wp:term":[{"taxonomy":"product_cat","embeddable":true,"href":"https:\/\/locaperche.fr\/index.php\/wp-json\/wp\/v2\/product_cat?post=282"},{"taxonomy":"product_tag","embeddable":true,"href":"https:\/\/locaperche.fr\/index.php\/wp-json\/wp\/v2\/product_tag?post=282"}],"curies":[{"name":"wp","href":"https:\/\/api.w.org\/{rel}","templated":true}]}}