{"id":24,"date":"2023-08-12T19:19:23","date_gmt":"2023-08-12T17:19:23","guid":{"rendered":"http:\/\/locaperche.fr\/?post_type=product&#038;p=24"},"modified":"2025-03-11T17:39:49","modified_gmt":"2025-03-11T16:39:49","slug":"moon-star-mk2","status":"publish","type":"product","link":"https:\/\/locaperche.fr\/index.php\/produit\/moon-star-mk2\/","title":{"rendered":"EFFET GALAXIE BLEU"},"content":{"rendered":"<p>Laser 130 mW vert et rouge.<br \/>\n\u2022 Avec effet nuage bleu \u00e0 LED. La succession de programmes r\u00e9alise un v\u00e9ritable &#8220;Laser Show&#8221;.<br \/>\n\u2022 Avec effet diffraction.<br \/>\n\u2022 Son scaner de haute qualit\u00e9, 5 kpps, lui permet d&#8217;avoir un d\u00e9placement rapide et pr\u00e9cis.<br \/>\n\u2022 Sa nouvelle carte \u00e9lectronique dot\u00e9 des tous derniers Driver analogiques lui permet des figures rapides et pr\u00e9cises.<br \/>\n\u2022 Protection par cl\u00e9 de s\u00e9curit\u00e9.<br \/>\n\u2022 Puissance laser 30 mW vert (l=532 nm) et 100 mW rouge (l=650 nm)<br \/>\n\u2022 Laser Classe 3B<br \/>\n\u2022 Norme s\u00e9curit\u00e9 laser EN 60825-1:1994<br \/>\n\u2022 LED: 1 LED 1 W bleue ( l=450 nm)<br \/>\n\u2022 Temp\u00e9rature fonc. 10\u00b0C-40\u00b0C<br \/>\n\u2022 Mode DMX : OUI<br \/>\n\u2022 Mode automatique ou musical<br \/>\n\u2022 Dimensions 233 x 160 x 165 mm<br \/>\n\u2022 Alimentation: 100 \u00e0 240 V~ 50 \/ 60 Hz<br \/>\n\u2022 Consommation: 15 W.<br \/>\n\u2022 Alimentation 5 VDC \/ 2 A<br \/>\n\u2022 Poids: 1.60 kg<\/p>\n<p>\u2022 Poids approx. pour le transport : 2.10 Kg.<\/p>\n","protected":false},"excerpt":{"rendered":"<p>Laser 130 mW vert et rouge. \u2022 Avec effet nuage bleu \u00e0 LED. La succession de programmes r\u00e9alise un v\u00e9ritable &#8220;Laser Show&#8221;. \u2022 Avec effet diffraction. \u2022 Son scaner de haute qualit\u00e9, 5 kpps, lui permet d&#8217;avoir un d\u00e9placement rapide et pr\u00e9cis. \u2022 Sa nouvelle carte \u00e9lectronique dot\u00e9 des tous derniers Driver analogiques lui permet [&hellip;]<\/p>\n","protected":false},"featured_media":315,"comment_status":"open","ping_status":"closed","template":"","meta":[],"product_cat":[52,26],"product_tag":[],"class_list":["post-24","product","type-product","status-publish","has-post-thumbnail","hentry","product_cat-effets-speciaux","product_cat-laser"],"_links":{"self":[{"href":"https:\/\/locaperche.fr\/index.php\/wp-json\/wp\/v2\/product\/24","targetHints":{"allow":["GET"]}}],"collection":[{"href":"https:\/\/locaperche.fr\/index.php\/wp-json\/wp\/v2\/product"}],"about":[{"href":"https:\/\/locaperche.fr\/index.php\/wp-json\/wp\/v2\/types\/product"}],"replies":[{"embeddable":true,"href":"https:\/\/locaperche.fr\/index.php\/wp-json\/wp\/v2\/comments?post=24"}],"wp:featuredmedia":[{"embeddable":true,"href":"https:\/\/locaperche.fr\/index.php\/wp-json\/wp\/v2\/media\/315"}],"wp:attachment":[{"href":"https:\/\/locaperche.fr\/index.php\/wp-json\/wp\/v2\/media?parent=24"}],"wp:term":[{"taxonomy":"product_cat","embeddable":true,"href":"https:\/\/locaperche.fr\/index.php\/wp-json\/wp\/v2\/product_cat?post=24"},{"taxonomy":"product_tag","embeddable":true,"href":"https:\/\/locaperche.fr\/index.php\/wp-json\/wp\/v2\/product_tag?post=24"}],"curies":[{"name":"wp","href":"https:\/\/api.w.org\/{rel}","templated":true}]}}