{"id":19,"date":"2023-08-06T19:32:16","date_gmt":"2023-08-06T17:32:16","guid":{"rendered":"http:\/\/locaperche.fr\/?post_type=product&#038;p=19"},"modified":"2024-10-24T00:56:21","modified_gmt":"2024-10-23T22:56:21","slug":"boomtone-quattro-scan","status":"publish","type":"product","link":"https:\/\/locaperche.fr\/index.php\/produit\/boomtone-quattro-scan\/","title":{"rendered":"BOOMTONE QUATTRO SCAN"},"content":{"rendered":"<p>Quad Scanner DMX 4 x 15W BoomToneDJ Quattro Scan LED, des faisceaux pr\u00e9cis rouges, verts, bleus et blancs, contr\u00f4lable en DMX, Ma\u00eetre\/Esclave, Automatique et Musical, dot\u00e9 de 4 miroirs de balayage \u00e0 moteur pas \u00e0 pas fluide.<\/p>\n<h3>Information technique<\/h3>\n<p>&#8211; BoomToneDJ Quattro Scan LED<br \/>\n&#8211; Quad Scanner DMX<br \/>\n&#8211; Dot\u00e9 de 4 LEDs de 15W 4en1 RGBW<br \/>\n&#8211; Des faisceaux pr\u00e9cis rouges, verts, bleus et blancs<br \/>\n&#8211; 4 modes de fonctionnement : DMX, Ma\u00eetre\/Esclave, Automatique et Musical<br \/>\n&#8211; 3 modes DMX : 1, 5 ou 32 canaux<br \/>\n&#8211; Programmes int\u00e9gr\u00e9s<br \/>\n&#8211; Mouvements de miroir X\/Y (par mouvements pr\u00e9programm\u00e9s).<br \/>\n&#8211; Support de fixation et \u0153illet de s\u00e9curit\u00e9 inclus<br \/>\n&#8211; Dur\u00e9e de vie des LEDs : 50 000 heures<br \/>\n&#8211; Consommation d\u2019\u00e9nergie : 70W<br \/>\n&#8211; Alimentation : 110\/230Vac 60\/50Hz<br \/>\n&#8211; Dimensions (LxPxH) : 544 x 496 x 175 mm<br \/>\n&#8211; Poids : 9 kg<br \/>\n&#8211; Conforme aux normes CE et RoHS<br \/>\n&#8211; Norme de protection IP20<\/p>\n","protected":false},"excerpt":{"rendered":"<p>Quad Scanner DMX 4 x 15W BoomToneDJ Quattro Scan LED, des faisceaux pr\u00e9cis rouges, verts, bleus et blancs, contr\u00f4lable en DMX, Ma\u00eetre\/Esclave, Automatique et Musical, dot\u00e9 de 4 miroirs de balayage \u00e0 moteur pas \u00e0 pas fluide. Information technique &#8211; BoomToneDJ Quattro Scan LED &#8211; Quad Scanner DMX &#8211; Dot\u00e9 de 4 LEDs de 15W [&hellip;]<\/p>\n","protected":false},"featured_media":20,"comment_status":"open","ping_status":"closed","template":"","meta":[],"product_cat":[17],"product_tag":[],"class_list":["post-19","product","type-product","status-publish","has-post-thumbnail","hentry","product_cat-lyre-et-scan"],"_links":{"self":[{"href":"https:\/\/locaperche.fr\/index.php\/wp-json\/wp\/v2\/product\/19","targetHints":{"allow":["GET"]}}],"collection":[{"href":"https:\/\/locaperche.fr\/index.php\/wp-json\/wp\/v2\/product"}],"about":[{"href":"https:\/\/locaperche.fr\/index.php\/wp-json\/wp\/v2\/types\/product"}],"replies":[{"embeddable":true,"href":"https:\/\/locaperche.fr\/index.php\/wp-json\/wp\/v2\/comments?post=19"}],"wp:featuredmedia":[{"embeddable":true,"href":"https:\/\/locaperche.fr\/index.php\/wp-json\/wp\/v2\/media\/20"}],"wp:attachment":[{"href":"https:\/\/locaperche.fr\/index.php\/wp-json\/wp\/v2\/media?parent=19"}],"wp:term":[{"taxonomy":"product_cat","embeddable":true,"href":"https:\/\/locaperche.fr\/index.php\/wp-json\/wp\/v2\/product_cat?post=19"},{"taxonomy":"product_tag","embeddable":true,"href":"https:\/\/locaperche.fr\/index.php\/wp-json\/wp\/v2\/product_tag?post=19"}],"curies":[{"name":"wp","href":"https:\/\/api.w.org\/{rel}","templated":true}]}}