{"id":1340,"date":"2025-03-12T14:50:09","date_gmt":"2025-03-12T13:50:09","guid":{"rendered":"http:\/\/locaperche.fr\/?post_type=product&#038;p=1340"},"modified":"2025-03-12T14:50:29","modified_gmt":"2025-03-12T13:50:29","slug":"console-dmx-3-canaux","status":"publish","type":"product","link":"https:\/\/locaperche.fr\/index.php\/produit\/console-dmx-3-canaux\/","title":{"rendered":"CONSOLE DMX 3 CANAUX"},"content":{"rendered":"<p>Le PARCONTROL est un contr\u00f4leur de changeurs de couleur tr\u00e8s simple d\u2019utilisation. Il donne facilement acc\u00e8s \u00e0 un grand nombre de couleurs ou de programmes, permet de r\u00e9gler l\u2019intensit\u00e9 ou la vitesse de stroboscope de vos projecteurs. Id\u00e9al pour la sc\u00e8ne, il se r\u00e9v\u00e8le tout aussi efficace en installation, notamment gr\u00e2ce \u00e0 son d\u00e9marrage automatique \u00e0 l\u2019allumage, o\u00f9 \u00e0 son micro int\u00e9gr\u00e9 lui permettant de synchroniser ses programmes sur la musique.<\/p>\n","protected":false},"excerpt":{"rendered":"<p>Le PARCONTROL est un contr\u00f4leur de changeurs de couleur tr\u00e8s simple d\u2019utilisation. Il donne facilement acc\u00e8s \u00e0 un grand nombre de couleurs ou de programmes, permet de r\u00e9gler l\u2019intensit\u00e9 ou la vitesse de stroboscope de vos projecteurs. Id\u00e9al pour la sc\u00e8ne, il se r\u00e9v\u00e8le tout aussi efficace en installation, notamment gr\u00e2ce \u00e0 son d\u00e9marrage automatique [&hellip;]<\/p>\n","protected":false},"featured_media":1341,"comment_status":"open","ping_status":"closed","template":"","meta":[],"product_cat":[23],"product_tag":[],"class_list":["post-1340","product","type-product","status-publish","has-post-thumbnail","hentry","product_cat-console-de-controle-dmx"],"_links":{"self":[{"href":"https:\/\/locaperche.fr\/index.php\/wp-json\/wp\/v2\/product\/1340","targetHints":{"allow":["GET"]}}],"collection":[{"href":"https:\/\/locaperche.fr\/index.php\/wp-json\/wp\/v2\/product"}],"about":[{"href":"https:\/\/locaperche.fr\/index.php\/wp-json\/wp\/v2\/types\/product"}],"replies":[{"embeddable":true,"href":"https:\/\/locaperche.fr\/index.php\/wp-json\/wp\/v2\/comments?post=1340"}],"wp:featuredmedia":[{"embeddable":true,"href":"https:\/\/locaperche.fr\/index.php\/wp-json\/wp\/v2\/media\/1341"}],"wp:attachment":[{"href":"https:\/\/locaperche.fr\/index.php\/wp-json\/wp\/v2\/media?parent=1340"}],"wp:term":[{"taxonomy":"product_cat","embeddable":true,"href":"https:\/\/locaperche.fr\/index.php\/wp-json\/wp\/v2\/product_cat?post=1340"},{"taxonomy":"product_tag","embeddable":true,"href":"https:\/\/locaperche.fr\/index.php\/wp-json\/wp\/v2\/product_tag?post=1340"}],"curies":[{"name":"wp","href":"https:\/\/api.w.org\/{rel}","templated":true}]}}