{"id":1149,"date":"2025-03-08T22:10:21","date_gmt":"2025-03-08T21:10:21","guid":{"rendered":"http:\/\/locaperche.fr\/?post_type=product&#038;p=1149"},"modified":"2025-03-10T22:50:51","modified_gmt":"2025-03-10T21:50:51","slug":"pistolets-laser-game","status":"publish","type":"product","link":"https:\/\/locaperche.fr\/index.php\/produit\/pistolets-laser-game\/","title":{"rendered":"PACK PISTOLETS LASER GAME 16 JOUEURS"},"content":{"rendered":"<p>Pistolets laser Light Strike Combo Alien et Robotic Technology<\/p>\n<p>Light Strike est le premier jeu de laser qui, gr\u00e2ce \u00e0 ses effets lumineux et sonores r\u00e9alistes, les plonge au coeur d&#8217;un jeu d&#8217;action et de strat\u00e9gie, r\u00e9el et collectif, sans danger.<\/p>\n<p>Les pistolets sont \u00e9quip\u00e9s de fonctions sonores et lumineuses : la s\u00e9lection de la couleur de son \u00e9quipe parmi 4 couleurs, le choix de l&#8217;arme, un compteur de munitions et le niveau de barre de vie.<\/p>\n<p>En jeu d&#8217;\u00e9quipe, les pistolets (et fusils) des adversaires deviennent les cibles \u00e0 viser.<\/p>\n<p>Ce pack pour 16 joueurs comprend 8 pistolets mod\u00e8le Alien et 8 pistolets mod\u00e8le Robotic ainsi qu&#8217;une cible. Un coffret de d\u00e9marrage id\u00e9al pour lancer le jeu d&#8217;action en \u00e9quipe<\/p>\n<p>Possibilit\u00e9 de cr\u00e9er au choix : 2 \u00e9quipes de 8 \/ 3 \u00e9quipes de 5 \/ 4 \u00e9quipes de 4<\/p>\n","protected":false},"excerpt":{"rendered":"<p>Pistolets laser Light Strike Combo Alien et Robotic Technology Light Strike est le premier jeu de laser qui, gr\u00e2ce \u00e0 ses effets lumineux et sonores r\u00e9alistes, les plonge au coeur d&#8217;un jeu d&#8217;action et de strat\u00e9gie, r\u00e9el et collectif, sans danger. Les pistolets sont \u00e9quip\u00e9s de fonctions sonores et lumineuses : la s\u00e9lection de la [&hellip;]<\/p>\n","protected":false},"featured_media":1150,"comment_status":"open","ping_status":"closed","template":"","meta":[],"product_cat":[54],"product_tag":[],"class_list":["post-1149","product","type-product","status-publish","has-post-thumbnail","hentry","product_cat-jeux-loisirs"],"_links":{"self":[{"href":"https:\/\/locaperche.fr\/index.php\/wp-json\/wp\/v2\/product\/1149","targetHints":{"allow":["GET"]}}],"collection":[{"href":"https:\/\/locaperche.fr\/index.php\/wp-json\/wp\/v2\/product"}],"about":[{"href":"https:\/\/locaperche.fr\/index.php\/wp-json\/wp\/v2\/types\/product"}],"replies":[{"embeddable":true,"href":"https:\/\/locaperche.fr\/index.php\/wp-json\/wp\/v2\/comments?post=1149"}],"wp:featuredmedia":[{"embeddable":true,"href":"https:\/\/locaperche.fr\/index.php\/wp-json\/wp\/v2\/media\/1150"}],"wp:attachment":[{"href":"https:\/\/locaperche.fr\/index.php\/wp-json\/wp\/v2\/media?parent=1149"}],"wp:term":[{"taxonomy":"product_cat","embeddable":true,"href":"https:\/\/locaperche.fr\/index.php\/wp-json\/wp\/v2\/product_cat?post=1149"},{"taxonomy":"product_tag","embeddable":true,"href":"https:\/\/locaperche.fr\/index.php\/wp-json\/wp\/v2\/product_tag?post=1149"}],"curies":[{"name":"wp","href":"https:\/\/api.w.org\/{rel}","templated":true}]}}