{"id":1144,"date":"2025-03-08T14:27:31","date_gmt":"2025-03-08T13:27:31","guid":{"rendered":"http:\/\/locaperche.fr\/?post_type=product&#038;p=1144"},"modified":"2025-03-11T21:09:26","modified_gmt":"2025-03-11T20:09:26","slug":"distributeur-alimentation","status":"publish","type":"product","link":"https:\/\/locaperche.fr\/index.php\/produit\/distributeur-alimentation\/","title":{"rendered":"DISTRIBUTEUR ALIMENTATION 8 SORTIES IEC"},"content":{"rendered":"<p>Boitier m\u00e9tal robuste<br \/>\n&#8211; Format rack 19 P\/1U<br \/>\n&#8211; Couleur noir<br \/>\n&#8211; Patch 8 prises femelles IEC<br \/>\n&#8211; Protection g\u00e9n\u00e9rale r\u00e9armable<br \/>\n&#8211; par coupe-circuit de 15 A<br \/>\n&#8211; Deux \u00e9clairages en face avant<br \/>\n&#8211; Variateur d&#8217;intensit\u00e9 des \u00e9clairages<br \/>\n&#8211; Alimentation g\u00e9n\u00e9rale sur secteur 220v 50hz<br \/>\n&#8211; Dimensions : L 485 x H 45 X P 210mm<br \/>\n&#8211; Poids : 2.100 kg<\/p>\n","protected":false},"excerpt":{"rendered":"<p>Distributeur d&#8217;alimentation et d&#8217;\u00e9clairage pour baie de sonorisation avec filtrage secteur, id\u00e9al pour l&#8217;\u00e9lectronique,les ordinateurs, les contr\u00f4leurs DJ.<\/p>\n","protected":false},"featured_media":1145,"comment_status":"open","ping_status":"closed","template":"","meta":[],"product_cat":[49,50,23],"product_tag":[],"class_list":["post-1144","product","type-product","status-publish","has-post-thumbnail","hentry","product_cat-cablage-electrique","product_cat-cablage-electrique-eclairage","product_cat-console-de-controle-dmx"],"_links":{"self":[{"href":"https:\/\/locaperche.fr\/index.php\/wp-json\/wp\/v2\/product\/1144","targetHints":{"allow":["GET"]}}],"collection":[{"href":"https:\/\/locaperche.fr\/index.php\/wp-json\/wp\/v2\/product"}],"about":[{"href":"https:\/\/locaperche.fr\/index.php\/wp-json\/wp\/v2\/types\/product"}],"replies":[{"embeddable":true,"href":"https:\/\/locaperche.fr\/index.php\/wp-json\/wp\/v2\/comments?post=1144"}],"wp:featuredmedia":[{"embeddable":true,"href":"https:\/\/locaperche.fr\/index.php\/wp-json\/wp\/v2\/media\/1145"}],"wp:attachment":[{"href":"https:\/\/locaperche.fr\/index.php\/wp-json\/wp\/v2\/media?parent=1144"}],"wp:term":[{"taxonomy":"product_cat","embeddable":true,"href":"https:\/\/locaperche.fr\/index.php\/wp-json\/wp\/v2\/product_cat?post=1144"},{"taxonomy":"product_tag","embeddable":true,"href":"https:\/\/locaperche.fr\/index.php\/wp-json\/wp\/v2\/product_tag?post=1144"}],"curies":[{"name":"wp","href":"https:\/\/api.w.org\/{rel}","templated":true}]}}