{"id":1142,"date":"2025-03-08T13:38:47","date_gmt":"2025-03-08T12:38:47","guid":{"rendered":"http:\/\/locaperche.fr\/?post_type=product&#038;p=1142"},"modified":"2025-03-11T17:36:29","modified_gmt":"2025-03-11T16:36:29","slug":"gyrophare-bleu","status":"publish","type":"product","link":"https:\/\/locaperche.fr\/index.php\/produit\/gyrophare-bleu\/","title":{"rendered":"GYROPHARE BLEU"},"content":{"rendered":"<p>Gyrophare bleu \u00e0 base de 108 LED extr\u00eamement brillantes<br \/>\nTr\u00e8s faible consommation<br \/>\nNe contient aucune pi\u00e8ce m\u00e9canique mobile<br \/>\nPas de lampes \u00e0 remplacer !<br \/>\nVitesse de rotation r\u00e9glable<br \/>\nAdaptateur secteur externe \u00e0 basse tension pour plus de s\u00e9curit\u00e9.<br \/>\nDimensions: dia 14.3 x 18.2 cm<br \/>\nPoids: 0.86 kg<\/p>\n","protected":false},"excerpt":{"rendered":"<p>Gyrophare bleu \u00e0 base de 108 LED extr\u00eamement brillantes Tr\u00e8s faible consommation Ne contient aucune pi\u00e8ce m\u00e9canique mobile Pas de lampes \u00e0 remplacer ! Vitesse de rotation r\u00e9glable Adaptateur secteur externe \u00e0 basse tension pour plus de s\u00e9curit\u00e9. Dimensions: dia 14.3 x 18.2 cm Poids: 0.86 kg<\/p>\n","protected":false},"featured_media":1276,"comment_status":"open","ping_status":"closed","template":"","meta":[],"product_cat":[52],"product_tag":[],"class_list":["post-1142","product","type-product","status-publish","has-post-thumbnail","hentry","product_cat-effets-speciaux"],"_links":{"self":[{"href":"https:\/\/locaperche.fr\/index.php\/wp-json\/wp\/v2\/product\/1142","targetHints":{"allow":["GET"]}}],"collection":[{"href":"https:\/\/locaperche.fr\/index.php\/wp-json\/wp\/v2\/product"}],"about":[{"href":"https:\/\/locaperche.fr\/index.php\/wp-json\/wp\/v2\/types\/product"}],"replies":[{"embeddable":true,"href":"https:\/\/locaperche.fr\/index.php\/wp-json\/wp\/v2\/comments?post=1142"}],"wp:featuredmedia":[{"embeddable":true,"href":"https:\/\/locaperche.fr\/index.php\/wp-json\/wp\/v2\/media\/1276"}],"wp:attachment":[{"href":"https:\/\/locaperche.fr\/index.php\/wp-json\/wp\/v2\/media?parent=1142"}],"wp:term":[{"taxonomy":"product_cat","embeddable":true,"href":"https:\/\/locaperche.fr\/index.php\/wp-json\/wp\/v2\/product_cat?post=1142"},{"taxonomy":"product_tag","embeddable":true,"href":"https:\/\/locaperche.fr\/index.php\/wp-json\/wp\/v2\/product_tag?post=1142"}],"curies":[{"name":"wp","href":"https:\/\/api.w.org\/{rel}","templated":true}]}}