{"id":1140,"date":"2025-03-08T11:37:39","date_gmt":"2025-03-08T10:37:39","guid":{"rendered":"http:\/\/locaperche.fr\/?post_type=product&#038;p=1140"},"modified":"2025-03-12T15:28:29","modified_gmt":"2025-03-12T14:28:29","slug":"composer-pro","status":"publish","type":"product","link":"https:\/\/locaperche.fr\/index.php\/produit\/composer-pro\/","title":{"rendered":"COMPRESSEUR \/ LIMITEUR"},"content":{"rendered":"<p>Expander\/Gate\/Compressor\/Limiteur de Cr\u00eates deux canaux de premi\u00e8re cat\u00e9gorie id\u00e9al pour une vari\u00e9t\u00e9 d&#8217;applications. Le MDX2600 V2 est \u00e9quip\u00e9 d&#8217;un Enhancer dynamique, d&#8217;unDe-Esser, d&#8217;un filtre Low-Contour int\u00e9gr\u00e9s et d&#8217;un circuit de simulation de lampes r\u00e9volutionnaire d\u00e9livrant toute la chaleur et la transparence d&#8217;un circuit de lampes classique. Le Behringer MDX2600 V2 est adapt\u00e9 \u00e0 la compression de signaux mono\/st\u00e9r\u00e9o et offre une suppression de bruit inaudible, sans perdre les fr\u00e9quences aigues, pour une \u00e9nergie et des vocales d\u00e9cupl\u00e9es, et des cr\u00eates de signal limit\u00e9es ou adoucies.<\/p>\n","protected":false},"excerpt":{"rendered":"<p>Expander\/Gate\/Compressor\/Limiteur de Cr\u00eates deux canaux de premi\u00e8re cat\u00e9gorie id\u00e9al pour une vari\u00e9t\u00e9 d&#8217;applications. Le MDX2600 V2 est \u00e9quip\u00e9 d&#8217;un Enhancer dynamique, d&#8217;unDe-Esser, d&#8217;un filtre Low-Contour int\u00e9gr\u00e9s et d&#8217;un circuit de simulation de lampes r\u00e9volutionnaire d\u00e9livrant toute la chaleur et la transparence d&#8217;un circuit de lampes classique. Le Behringer MDX2600 V2 est adapt\u00e9 \u00e0 la compression [&hellip;]<\/p>\n","protected":false},"featured_media":1141,"comment_status":"open","ping_status":"closed","template":"","meta":[],"product_cat":[48],"product_tag":[],"class_list":["post-1140","product","type-product","status-publish","has-post-thumbnail","hentry","product_cat-embelliseur-sonore"],"_links":{"self":[{"href":"https:\/\/locaperche.fr\/index.php\/wp-json\/wp\/v2\/product\/1140","targetHints":{"allow":["GET"]}}],"collection":[{"href":"https:\/\/locaperche.fr\/index.php\/wp-json\/wp\/v2\/product"}],"about":[{"href":"https:\/\/locaperche.fr\/index.php\/wp-json\/wp\/v2\/types\/product"}],"replies":[{"embeddable":true,"href":"https:\/\/locaperche.fr\/index.php\/wp-json\/wp\/v2\/comments?post=1140"}],"wp:featuredmedia":[{"embeddable":true,"href":"https:\/\/locaperche.fr\/index.php\/wp-json\/wp\/v2\/media\/1141"}],"wp:attachment":[{"href":"https:\/\/locaperche.fr\/index.php\/wp-json\/wp\/v2\/media?parent=1140"}],"wp:term":[{"taxonomy":"product_cat","embeddable":true,"href":"https:\/\/locaperche.fr\/index.php\/wp-json\/wp\/v2\/product_cat?post=1140"},{"taxonomy":"product_tag","embeddable":true,"href":"https:\/\/locaperche.fr\/index.php\/wp-json\/wp\/v2\/product_tag?post=1140"}],"curies":[{"name":"wp","href":"https:\/\/api.w.org\/{rel}","templated":true}]}}