{"id":1133,"date":"2025-03-08T10:53:44","date_gmt":"2025-03-08T09:53:44","guid":{"rendered":"http:\/\/locaperche.fr\/?post_type=product&#038;p=1133"},"modified":"2025-03-12T15:34:50","modified_gmt":"2025-03-12T14:34:50","slug":"monacor-multizones-100v","status":"publish","type":"product","link":"https:\/\/locaperche.fr\/index.php\/produit\/monacor-multizones-100v\/","title":{"rendered":"AMPLI DIFFUSION MULTIZONES 100V 200W"},"content":{"rendered":"<p><span class=\"db mt20 grid-100\">Amplificateur de mixage matriciel 4 zones dot\u00e9 de fonctions professionnelles. Cet amplificateur vous permet d&#8217;utiliser des applications de sonorisation dans plusieurs pi\u00e8ces, d&#8217;ajuster le son par pi\u00e8ce et fonctionne avec des enceintes de 4 ohms et 8 ohms, ou avec des syst\u00e8mes de 25V, 70V ou 100V. Le panneau avant se compose d&#8217;un design tr\u00e8s clair, presque une r\u00e9glette, o\u00f9 vous pouvez facilement gagner les signaux d&#8217;entr\u00e9e, fournir un \u00e9galiseur d&#8217;aigus ou de graves et r\u00e9gler le niveau de volume global. En dessous, il est possible de s\u00e9lectionner les zones vers lesquelles vous souhaitez envoyer le signal. Sur le c\u00f4t\u00e9 droit, vous r\u00e9glez le niveau de volume pour chaque zone. L&#8217;amplificateur dispose de 3 entr\u00e9es combi XLR\/6,3 mm pour les trois premiers canaux, qui sont \u00e9quip\u00e9s d&#8217;une alimentation fant\u00f4me de +15 V. Les canaux 4 et 5 sont des entr\u00e9es RCA. Les canaux 4 et 5 sont des entr\u00e9es RCA auxquelles vous pouvez connecter, par exemple, des lecteurs CD ou d&#8217;autres appareils.<\/span><\/p>\n","protected":false},"excerpt":{"rendered":"<p>Amplificateur de mixage matriciel 4 zones dot\u00e9 de fonctions professionnelles. Cet amplificateur vous permet d&#8217;utiliser des applications de sonorisation dans plusieurs pi\u00e8ces, d&#8217;ajuster le son par pi\u00e8ce et fonctionne avec des enceintes de 4 ohms et 8 ohms, ou avec des syst\u00e8mes de 25V, 70V ou 100V. Le panneau avant se compose d&#8217;un design tr\u00e8s [&hellip;]<\/p>\n","protected":false},"featured_media":1134,"comment_status":"open","ping_status":"closed","template":"","meta":[],"product_cat":[35],"product_tag":[],"class_list":["post-1133","product","type-product","status-publish","has-post-thumbnail","hentry","product_cat-amplificateur"],"_links":{"self":[{"href":"https:\/\/locaperche.fr\/index.php\/wp-json\/wp\/v2\/product\/1133","targetHints":{"allow":["GET"]}}],"collection":[{"href":"https:\/\/locaperche.fr\/index.php\/wp-json\/wp\/v2\/product"}],"about":[{"href":"https:\/\/locaperche.fr\/index.php\/wp-json\/wp\/v2\/types\/product"}],"replies":[{"embeddable":true,"href":"https:\/\/locaperche.fr\/index.php\/wp-json\/wp\/v2\/comments?post=1133"}],"wp:featuredmedia":[{"embeddable":true,"href":"https:\/\/locaperche.fr\/index.php\/wp-json\/wp\/v2\/media\/1134"}],"wp:attachment":[{"href":"https:\/\/locaperche.fr\/index.php\/wp-json\/wp\/v2\/media?parent=1133"}],"wp:term":[{"taxonomy":"product_cat","embeddable":true,"href":"https:\/\/locaperche.fr\/index.php\/wp-json\/wp\/v2\/product_cat?post=1133"},{"taxonomy":"product_tag","embeddable":true,"href":"https:\/\/locaperche.fr\/index.php\/wp-json\/wp\/v2\/product_tag?post=1133"}],"curies":[{"name":"wp","href":"https:\/\/api.w.org\/{rel}","templated":true}]}}