{"id":1131,"date":"2025-03-08T10:43:07","date_gmt":"2025-03-08T09:43:07","guid":{"rendered":"http:\/\/locaperche.fr\/?post_type=product&#038;p=1131"},"modified":"2025-03-09T18:07:14","modified_gmt":"2025-03-09T17:07:14","slug":"ultramizer-pro","status":"publish","type":"product","link":"https:\/\/locaperche.fr\/index.php\/produit\/ultramizer-pro\/","title":{"rendered":"ULTRAMIZER"},"content":{"rendered":"<p>&#8211; Compresseur\/limiteur 2 bandes num\u00e9rique automatique<br \/>\n&#8211; Enhancer 2 bandes avec \u00ab Super-Bass \u00bb et exciter r\u00e9glables s\u00e9par\u00e9ment<br \/>\n&#8211; Fonction ULTRAMIZER optimisant les niveaux de sortie et la densit\u00e9 du signal<br \/>\n&#8211; Syst\u00e8me de r\u00e9duction de bruit et processeur surround<br \/>\n&#8211; V\u00e9ritable couplage st\u00e9r\u00e9o RMS d\u00e9brayable<br \/>\n&#8211; 50 emplacements m\u00e9moire utilisateur<br \/>\n&#8211; Impl\u00e9mentation MIDI compl\u00e8te<br \/>\n&#8211; Cha\u00eenes de LED affichant les niveaux d\u2019entr\u00e9e\/sortie et la r\u00e9duction de gain de chaque bande<\/p>\n","protected":false},"excerpt":{"rendered":"<p>&#8211; Compresseur\/limiteur 2 bandes num\u00e9rique automatique &#8211; Enhancer 2 bandes avec \u00ab Super-Bass \u00bb et exciter r\u00e9glables s\u00e9par\u00e9ment &#8211; Fonction ULTRAMIZER optimisant les niveaux de sortie et la densit\u00e9 du signal &#8211; Syst\u00e8me de r\u00e9duction de bruit et processeur surround &#8211; V\u00e9ritable couplage st\u00e9r\u00e9o RMS d\u00e9brayable &#8211; 50 emplacements m\u00e9moire utilisateur &#8211; Impl\u00e9mentation MIDI compl\u00e8te [&hellip;]<\/p>\n","protected":false},"featured_media":1132,"comment_status":"open","ping_status":"closed","template":"","meta":[],"product_cat":[48],"product_tag":[],"class_list":["post-1131","product","type-product","status-publish","has-post-thumbnail","hentry","product_cat-embelliseur-sonore"],"_links":{"self":[{"href":"https:\/\/locaperche.fr\/index.php\/wp-json\/wp\/v2\/product\/1131","targetHints":{"allow":["GET"]}}],"collection":[{"href":"https:\/\/locaperche.fr\/index.php\/wp-json\/wp\/v2\/product"}],"about":[{"href":"https:\/\/locaperche.fr\/index.php\/wp-json\/wp\/v2\/types\/product"}],"replies":[{"embeddable":true,"href":"https:\/\/locaperche.fr\/index.php\/wp-json\/wp\/v2\/comments?post=1131"}],"wp:featuredmedia":[{"embeddable":true,"href":"https:\/\/locaperche.fr\/index.php\/wp-json\/wp\/v2\/media\/1132"}],"wp:attachment":[{"href":"https:\/\/locaperche.fr\/index.php\/wp-json\/wp\/v2\/media?parent=1131"}],"wp:term":[{"taxonomy":"product_cat","embeddable":true,"href":"https:\/\/locaperche.fr\/index.php\/wp-json\/wp\/v2\/product_cat?post=1131"},{"taxonomy":"product_tag","embeddable":true,"href":"https:\/\/locaperche.fr\/index.php\/wp-json\/wp\/v2\/product_tag?post=1131"}],"curies":[{"name":"wp","href":"https:\/\/api.w.org\/{rel}","templated":true}]}}