{"id":1128,"date":"2025-03-08T09:43:13","date_gmt":"2025-03-08T08:43:13","guid":{"rendered":"http:\/\/locaperche.fr\/?post_type=product&#038;p=1128"},"modified":"2025-03-11T01:17:53","modified_gmt":"2025-03-11T00:17:53","slug":"deshumidificateur-52l-jour","status":"publish","type":"product","link":"https:\/\/locaperche.fr\/index.php\/produit\/deshumidificateur-52l-jour\/","title":{"rendered":"DESHUMIDIFICATEUR 52L\/JOUR"},"content":{"rendered":"<p>Niveau performances, le TTK 166 ECO n&#8217;est pas en reste. Disponible \u00e0 prix serr\u00e9, ce d\u00e9shumidificateur \u00e9limine jusqu&#8217;\u00e0 52 litres en 24 heures \u2013 une capacit\u00e9 de d\u00e9shumidification particuli\u00e8rement appr\u00e9ciable pour les applications professionnelles.<\/p>\n<p>Le TTK 166 E est un d\u00e9shumidificateur professionnel offrant divers d\u00e9tails pratiques. Par exemple, hygrom\u00e9trie et temp\u00e9rature s&#8217;affichent sur le panneau de commande lorsque l&#8217;appareil est en fonctionnement mais aussi en mode veille. L&#8217;hygrostat permet de r\u00e9gler l&#8217;appareil par pas de 1 % sur un taux de consigne compris entre 10 et 95 % h.r.<\/p>\n<p>De plus, ce mod\u00e8le poss\u00e8de une fonction d&#8217;horloge permettant de programmer sa mise en marche et son arr\u00eat ainsi qu&#8217;un raccord pour l&#8217;\u00e9vacuation externe des condensats (une pompe de relevage est disponible en option). Ainsi, il peut \u00eatre utilis\u00e9 de fa\u00e7on prolong\u00e9e sans qu&#8217;il soit n\u00e9cessaire de vider le bac \u00e0 la main. Le TTK 166 ECO est \u00e9galement \u00e9quip\u00e9 d&#8217;une fonction m\u00e9moire qui lui permet de se remettre automatiquement en marche apr\u00e8s une br\u00e8ve panne d&#8217;\u00e9lectricit\u00e9 sans perdre les r\u00e9glages effectu\u00e9s.<\/p>\n","protected":false},"excerpt":{"rendered":"<p>Niveau performances, le TTK 166 ECO n&#8217;est pas en reste. Disponible \u00e0 prix serr\u00e9, ce d\u00e9shumidificateur \u00e9limine jusqu&#8217;\u00e0 52 litres en 24 heures \u2013 une capacit\u00e9 de d\u00e9shumidification particuli\u00e8rement appr\u00e9ciable pour les applications professionnelles. Le TTK 166 E est un d\u00e9shumidificateur professionnel offrant divers d\u00e9tails pratiques. Par exemple, hygrom\u00e9trie et temp\u00e9rature s&#8217;affichent sur le panneau [&hellip;]<\/p>\n","protected":false},"featured_media":1129,"comment_status":"open","ping_status":"closed","template":"","meta":[],"product_cat":[40],"product_tag":[],"class_list":["post-1128","product","type-product","status-publish","has-post-thumbnail","hentry","product_cat-chauffage-climatisation"],"_links":{"self":[{"href":"https:\/\/locaperche.fr\/index.php\/wp-json\/wp\/v2\/product\/1128","targetHints":{"allow":["GET"]}}],"collection":[{"href":"https:\/\/locaperche.fr\/index.php\/wp-json\/wp\/v2\/product"}],"about":[{"href":"https:\/\/locaperche.fr\/index.php\/wp-json\/wp\/v2\/types\/product"}],"replies":[{"embeddable":true,"href":"https:\/\/locaperche.fr\/index.php\/wp-json\/wp\/v2\/comments?post=1128"}],"wp:featuredmedia":[{"embeddable":true,"href":"https:\/\/locaperche.fr\/index.php\/wp-json\/wp\/v2\/media\/1129"}],"wp:attachment":[{"href":"https:\/\/locaperche.fr\/index.php\/wp-json\/wp\/v2\/media?parent=1128"}],"wp:term":[{"taxonomy":"product_cat","embeddable":true,"href":"https:\/\/locaperche.fr\/index.php\/wp-json\/wp\/v2\/product_cat?post=1128"},{"taxonomy":"product_tag","embeddable":true,"href":"https:\/\/locaperche.fr\/index.php\/wp-json\/wp\/v2\/product_tag?post=1128"}],"curies":[{"name":"wp","href":"https:\/\/api.w.org\/{rel}","templated":true}]}}