{"id":1125,"date":"2025-03-08T09:34:53","date_gmt":"2025-03-08T08:34:53","guid":{"rendered":"http:\/\/locaperche.fr\/?post_type=product&#038;p=1125"},"modified":"2025-03-11T01:16:41","modified_gmt":"2025-03-11T00:16:41","slug":"chauffage-soufflant-3kw","status":"publish","type":"product","link":"https:\/\/locaperche.fr\/index.php\/produit\/chauffage-soufflant-3kw\/","title":{"rendered":"CHAUFFAGE SOUFFLANT 3KW"},"content":{"rendered":"<p>D&#8217;une puissance de 3300 W, cet appareil durable est \u00e9quip\u00e9 de 2 niveaux de chauffe (1650 W &#8211; 3300 W), une fonction de refroidissement et un thermostat. La protection contre la surchauffe garantit que l&#8217;appareil s&#8217;\u00e9teint automatiquement en cas de surchauffe. La poign\u00e9e sur l&#8217;appareil permet un transport facile. thermoventilateur chauffage d&#8217;appoint mobile protection contre la surchauffe \u00e9tanche usage int\u00e9rieur refroidissement<\/p>\n<ul>\n<li>Chauffage ou refroidissement efficace: Le ventilateur diffuse l&#8217;air uniform\u00e9ment dans la pi\u00e8ce.<\/li>\n<li>Mobile: Gr\u00e2ce \u00e0 sa conception compacte et \u00e0 la poign\u00e9e pratique, l&#8217;appareil peut facilement \u00eatre transport\u00e9.<\/li>\n<li>Installation facile: Branchez la fiche dans une prise de courant, allumez l&#8217;appareil et le tour est jou\u00e9 !<\/li>\n<li>Efficacit\u00e9 \u00e9nerg\u00e9tique: Le thermostat int\u00e9gr\u00e9 \u00e9teint automatiquement le chauffage d&#8217;appoint une fois que la pi\u00e8ce a atteint la temp\u00e9rature souhait\u00e9e.<\/li>\n<li>S\u00e9curit\u00e9 maximale: Le chauffage s&#8217;\u00e9teint automatiquement en cas de surchauffe.<\/li>\n<\/ul>\n","protected":false},"excerpt":{"rendered":"<p>D&#8217;une puissance de 3300 W, cet appareil durable est \u00e9quip\u00e9 de 2 niveaux de chauffe (1650 W &#8211; 3300 W), une fonction de refroidissement et un thermostat. La protection contre la surchauffe garantit que l&#8217;appareil s&#8217;\u00e9teint automatiquement en cas de surchauffe. La poign\u00e9e sur l&#8217;appareil permet un transport facile. thermoventilateur chauffage d&#8217;appoint mobile protection contre [&hellip;]<\/p>\n","protected":false},"featured_media":1126,"comment_status":"open","ping_status":"closed","template":"","meta":[],"product_cat":[40],"product_tag":[],"class_list":["post-1125","product","type-product","status-publish","has-post-thumbnail","hentry","product_cat-chauffage-climatisation"],"_links":{"self":[{"href":"https:\/\/locaperche.fr\/index.php\/wp-json\/wp\/v2\/product\/1125","targetHints":{"allow":["GET"]}}],"collection":[{"href":"https:\/\/locaperche.fr\/index.php\/wp-json\/wp\/v2\/product"}],"about":[{"href":"https:\/\/locaperche.fr\/index.php\/wp-json\/wp\/v2\/types\/product"}],"replies":[{"embeddable":true,"href":"https:\/\/locaperche.fr\/index.php\/wp-json\/wp\/v2\/comments?post=1125"}],"wp:featuredmedia":[{"embeddable":true,"href":"https:\/\/locaperche.fr\/index.php\/wp-json\/wp\/v2\/media\/1126"}],"wp:attachment":[{"href":"https:\/\/locaperche.fr\/index.php\/wp-json\/wp\/v2\/media?parent=1125"}],"wp:term":[{"taxonomy":"product_cat","embeddable":true,"href":"https:\/\/locaperche.fr\/index.php\/wp-json\/wp\/v2\/product_cat?post=1125"},{"taxonomy":"product_tag","embeddable":true,"href":"https:\/\/locaperche.fr\/index.php\/wp-json\/wp\/v2\/product_tag?post=1125"}],"curies":[{"name":"wp","href":"https:\/\/api.w.org\/{rel}","templated":true}]}}