{"id":1120,"date":"2025-03-07T19:57:09","date_gmt":"2025-03-07T18:57:09","guid":{"rendered":"http:\/\/locaperche.fr\/?post_type=product&#038;p=1120"},"modified":"2025-03-09T19:06:19","modified_gmt":"2025-03-09T18:06:19","slug":"enceinte-pa250","status":"publish","type":"product","link":"https:\/\/locaperche.fr\/index.php\/produit\/enceinte-pa250\/","title":{"rendered":"ENCEINTE SONO 2&#215;15&#8243; 500W"},"content":{"rendered":"<h2 class=\"fx-headline fx-headline--3 fx-space-bottom--m\">Enceinte large bande passive 3 voies 2 x 15&#8243; + 1&#8243;<\/h2>\n<ul class=\"fx-list product-text__list\">\n<li class=\"fx-list__item list-item fx-list__item--circle\"><span class=\"fx-text fx-text--plus list-item__text\">Puissance: 450W RMS, 1800W cr\u00eate<\/span><\/li>\n<li class=\"fx-list__item list-item fx-list__item--circle\"><span class=\"fx-text fx-text--plus list-item__text\">Imp\u00e9dance: 4 Ohm<\/span><\/li>\n<li class=\"fx-list__item list-item fx-list__item--circle\"><span class=\"fx-text fx-text--plus list-item__text\">R\u00e9ponse en fr\u00e9quence: 45 Hz &#8211; 15 kHz<\/span><\/li>\n<li class=\"fx-list__item list-item fx-list__item--circle\"><span class=\"fx-text fx-text--plus list-item__text\">SPL max: 121 dB<\/span><\/li>\n<li class=\"fx-list__item list-item fx-list__item--circle\"><span class=\"fx-text fx-text--plus list-item__text\">Dispersion: 90\u00ba x 40\u00ba<\/span><\/li>\n<li class=\"fx-list__item list-item fx-list__item--circle\"><span class=\"fx-text fx-text--plus list-item__text\">Entr\u00e9e \/ sortie combo Speaker Twist \/ jack 6,3 mm<\/span><\/li>\n<li class=\"fx-list__item list-item fx-list__item--circle\"><span class=\"fx-text fx-text--plus list-item__text\">Dimensions: 495 x 420 x 1030 mm<\/span><\/li>\n<li class=\"fx-list__item list-item fx-list__item--circle\"><span class=\"fx-text fx-text--plus list-item__text\">Poids: 35,5 kg<\/span><\/li>\n<\/ul>\n","protected":false},"excerpt":{"rendered":"<p>Enceinte large bande passive 3 voies 2 x 15&#8243; + 1&#8243; Puissance: 450W RMS, 1800W cr\u00eate Imp\u00e9dance: 4 Ohm R\u00e9ponse en fr\u00e9quence: 45 Hz &#8211; 15 kHz SPL max: 121 dB Dispersion: 90\u00ba x 40\u00ba Entr\u00e9e \/ sortie combo Speaker Twist \/ jack 6,3 mm Dimensions: 495 x 420 x 1030 mm Poids: 35,5 kg<\/p>\n","protected":false},"featured_media":1121,"comment_status":"open","ping_status":"closed","template":"","meta":[],"product_cat":[53],"product_tag":[],"class_list":["post-1120","product","type-product","status-publish","has-post-thumbnail","hentry","product_cat-enceintes"],"_links":{"self":[{"href":"https:\/\/locaperche.fr\/index.php\/wp-json\/wp\/v2\/product\/1120","targetHints":{"allow":["GET"]}}],"collection":[{"href":"https:\/\/locaperche.fr\/index.php\/wp-json\/wp\/v2\/product"}],"about":[{"href":"https:\/\/locaperche.fr\/index.php\/wp-json\/wp\/v2\/types\/product"}],"replies":[{"embeddable":true,"href":"https:\/\/locaperche.fr\/index.php\/wp-json\/wp\/v2\/comments?post=1120"}],"wp:featuredmedia":[{"embeddable":true,"href":"https:\/\/locaperche.fr\/index.php\/wp-json\/wp\/v2\/media\/1121"}],"wp:attachment":[{"href":"https:\/\/locaperche.fr\/index.php\/wp-json\/wp\/v2\/media?parent=1120"}],"wp:term":[{"taxonomy":"product_cat","embeddable":true,"href":"https:\/\/locaperche.fr\/index.php\/wp-json\/wp\/v2\/product_cat?post=1120"},{"taxonomy":"product_tag","embeddable":true,"href":"https:\/\/locaperche.fr\/index.php\/wp-json\/wp\/v2\/product_tag?post=1120"}],"curies":[{"name":"wp","href":"https:\/\/api.w.org\/{rel}","templated":true}]}}