{"id":1117,"date":"2025-03-07T18:13:34","date_gmt":"2025-03-07T17:13:34","guid":{"rendered":"http:\/\/locaperche.fr\/?post_type=product&#038;p=1117"},"modified":"2025-03-09T19:03:59","modified_gmt":"2025-03-09T18:03:59","slug":"das-factor-5","status":"publish","type":"product","link":"https:\/\/locaperche.fr\/index.php\/produit\/das-factor-5\/","title":{"rendered":"ENCEINTE DIFFUSION 80W"},"content":{"rendered":"<p>Enceinte de sonorisation et de contr\u00f4le compacte et polyvalente. Id\u00e9ale pour sonorisation g\u00e9n\u00e9rale dans les lieux publics, diffusion de musique d\u2019ambiance dans les restaurants bars et h\u00f4tels, salles de conf\u00e9rence et contr\u00f4le en applications audio\/vid\u00e9o professionnelles.<\/p>\n<p>Principe de fonctionnement deux voies avec un boomer de 5 pouces et un tweeter \u00e0 d\u00f4me 1 pouce refroidi par ferro-fluide pour une meilleure tenue en puissance. Bo\u00eetier l\u00e9ger et r\u00e9sistant en polypropyl\u00e8ne pour<br \/>\nune installation et un transport facile. Connections par bornier \u00e0 ressort.<\/p>\n<p>R\u00e9ponse en fr\u00e9quence 83 &#8211; 23 000 Hz &#8211; Puissance efficace 80 W &#8211; Sensibilit\u00e9 90 dB &#8211; Imp\u00e9dance 8 ohms &#8211; Dimensions 23 X 16 X 15 cm &#8211; Poids 2,8 kg<\/p>\n","protected":false},"excerpt":{"rendered":"<p>Enceinte de sonorisation et de contr\u00f4le compacte et polyvalente. Id\u00e9ale pour sonorisation g\u00e9n\u00e9rale dans les lieux publics, diffusion de musique d\u2019ambiance dans les restaurants bars et h\u00f4tels, salles de conf\u00e9rence et contr\u00f4le en applications audio\/vid\u00e9o professionnelles. Principe de fonctionnement deux voies avec un boomer de 5 pouces et un tweeter \u00e0 d\u00f4me 1 pouce refroidi [&hellip;]<\/p>\n","protected":false},"featured_media":1118,"comment_status":"open","ping_status":"closed","template":"","meta":[],"product_cat":[53],"product_tag":[],"class_list":["post-1117","product","type-product","status-publish","has-post-thumbnail","hentry","product_cat-enceintes"],"_links":{"self":[{"href":"https:\/\/locaperche.fr\/index.php\/wp-json\/wp\/v2\/product\/1117","targetHints":{"allow":["GET"]}}],"collection":[{"href":"https:\/\/locaperche.fr\/index.php\/wp-json\/wp\/v2\/product"}],"about":[{"href":"https:\/\/locaperche.fr\/index.php\/wp-json\/wp\/v2\/types\/product"}],"replies":[{"embeddable":true,"href":"https:\/\/locaperche.fr\/index.php\/wp-json\/wp\/v2\/comments?post=1117"}],"wp:featuredmedia":[{"embeddable":true,"href":"https:\/\/locaperche.fr\/index.php\/wp-json\/wp\/v2\/media\/1118"}],"wp:attachment":[{"href":"https:\/\/locaperche.fr\/index.php\/wp-json\/wp\/v2\/media?parent=1117"}],"wp:term":[{"taxonomy":"product_cat","embeddable":true,"href":"https:\/\/locaperche.fr\/index.php\/wp-json\/wp\/v2\/product_cat?post=1117"},{"taxonomy":"product_tag","embeddable":true,"href":"https:\/\/locaperche.fr\/index.php\/wp-json\/wp\/v2\/product_tag?post=1117"}],"curies":[{"name":"wp","href":"https:\/\/api.w.org\/{rel}","templated":true}]}}