{"id":1115,"date":"2025-03-07T18:07:46","date_gmt":"2025-03-07T17:07:46","guid":{"rendered":"http:\/\/locaperche.fr\/?post_type=product&#038;p=1115"},"modified":"2025-03-09T19:03:51","modified_gmt":"2025-03-09T18:03:51","slug":"monitoring-mackie-cr4","status":"publish","type":"product","link":"https:\/\/locaperche.fr\/index.php\/produit\/monitoring-mackie-cr4\/","title":{"rendered":"ENCEINTE MONITORIG 50W"},"content":{"rendered":"<p>Les CR3 &amp; CR4 sont le fruit de 20 ans d\u2019exp\u00e9rience dans la conception de moniteurs de studio dans un format plus compact pour un son plus pr\u00e9cis, clair et riche qui trouvera sa place facilement dans votre Home Studio. Les enceintes de monitoring de la s\u00e9rie CR sont id\u00e9ales pour les environnements d&#8217;\u00e9dition vid\u00e9o ou la post-production. Les CR fabriqu\u00e9es en bois produisent un son clair, bien d\u00e9fini et qui ne manque pas de pr\u00e9cision.<\/p>\n<p>&#8211; Amplification 50W class A\/B<br \/>\n&#8211; HP 4&#8243; en polypropyl\u00e8ne<br \/>\n&#8211; Tweeter 0.75 en soie, refroidissement ferro-fluid<br \/>\n&#8211; Bande passante 70Hz &#8211; 20kHz<br \/>\n&#8211; Entr\u00e9e\/sortie en fa\u00e7ade mini-jack (c\u00e2ble fourni)<br \/>\n&#8211; Entr\u00e9es RCA, jack 3,5 &amp; 6,35 mm<br \/>\n&#8211; Commande de volume et alimentation en fa\u00e7ade<\/p>\n","protected":false},"excerpt":{"rendered":"<p>Enceintes monitoring MACKIE CR4 50W<\/p>\n","protected":false},"featured_media":1116,"comment_status":"open","ping_status":"closed","template":"","meta":[],"product_cat":[53],"product_tag":[],"class_list":["post-1115","product","type-product","status-publish","has-post-thumbnail","hentry","product_cat-enceintes"],"_links":{"self":[{"href":"https:\/\/locaperche.fr\/index.php\/wp-json\/wp\/v2\/product\/1115","targetHints":{"allow":["GET"]}}],"collection":[{"href":"https:\/\/locaperche.fr\/index.php\/wp-json\/wp\/v2\/product"}],"about":[{"href":"https:\/\/locaperche.fr\/index.php\/wp-json\/wp\/v2\/types\/product"}],"replies":[{"embeddable":true,"href":"https:\/\/locaperche.fr\/index.php\/wp-json\/wp\/v2\/comments?post=1115"}],"wp:featuredmedia":[{"embeddable":true,"href":"https:\/\/locaperche.fr\/index.php\/wp-json\/wp\/v2\/media\/1116"}],"wp:attachment":[{"href":"https:\/\/locaperche.fr\/index.php\/wp-json\/wp\/v2\/media?parent=1115"}],"wp:term":[{"taxonomy":"product_cat","embeddable":true,"href":"https:\/\/locaperche.fr\/index.php\/wp-json\/wp\/v2\/product_cat?post=1115"},{"taxonomy":"product_tag","embeddable":true,"href":"https:\/\/locaperche.fr\/index.php\/wp-json\/wp\/v2\/product_tag?post=1115"}],"curies":[{"name":"wp","href":"https:\/\/api.w.org\/{rel}","templated":true}]}}