{"id":1111,"date":"2025-03-06T21:54:30","date_gmt":"2025-03-06T20:54:30","guid":{"rendered":"http:\/\/locaperche.fr\/?post_type=product&#038;p=1111"},"modified":"2025-03-07T22:44:44","modified_gmt":"2025-03-07T21:44:44","slug":"video-projecteur-benq-pb6100","status":"publish","type":"product","link":"https:\/\/locaperche.fr\/index.php\/produit\/video-projecteur-benq-pb6100\/","title":{"rendered":"VIDEOPROJECTEUR"},"content":{"rendered":"<h2><strong>Technologie DLP, luminosit\u00e9 1500 ANSI lumens, 200w, contraste 2000:1, fonction P-Scan, compatibilit\u00e9 HDTV et proc\u00e9d\u00e9 DCMS<\/strong><\/h2>\n","protected":false},"excerpt":{"rendered":"<p>Technologie DLP, luminosit\u00e9 1500 ANSI lumens, 200w, contraste 2000:1, fonction P-Scan, compatibilit\u00e9 HDTV et proc\u00e9d\u00e9 DCMS<\/p>\n","protected":false},"featured_media":1112,"comment_status":"open","ping_status":"closed","template":"","meta":[],"product_cat":[33],"product_tag":[],"class_list":["post-1111","product","type-product","status-publish","has-post-thumbnail","hentry","product_cat-ecran-affichage"],"_links":{"self":[{"href":"https:\/\/locaperche.fr\/index.php\/wp-json\/wp\/v2\/product\/1111","targetHints":{"allow":["GET"]}}],"collection":[{"href":"https:\/\/locaperche.fr\/index.php\/wp-json\/wp\/v2\/product"}],"about":[{"href":"https:\/\/locaperche.fr\/index.php\/wp-json\/wp\/v2\/types\/product"}],"replies":[{"embeddable":true,"href":"https:\/\/locaperche.fr\/index.php\/wp-json\/wp\/v2\/comments?post=1111"}],"wp:featuredmedia":[{"embeddable":true,"href":"https:\/\/locaperche.fr\/index.php\/wp-json\/wp\/v2\/media\/1112"}],"wp:attachment":[{"href":"https:\/\/locaperche.fr\/index.php\/wp-json\/wp\/v2\/media?parent=1111"}],"wp:term":[{"taxonomy":"product_cat","embeddable":true,"href":"https:\/\/locaperche.fr\/index.php\/wp-json\/wp\/v2\/product_cat?post=1111"},{"taxonomy":"product_tag","embeddable":true,"href":"https:\/\/locaperche.fr\/index.php\/wp-json\/wp\/v2\/product_tag?post=1111"}],"curies":[{"name":"wp","href":"https:\/\/api.w.org\/{rel}","templated":true}]}}