{"id":1067,"date":"2024-10-24T18:16:14","date_gmt":"2024-10-24T16:16:14","guid":{"rendered":"http:\/\/locaperche.fr\/?post_type=product&#038;p=1067"},"modified":"2024-10-25T19:35:21","modified_gmt":"2024-10-25T17:35:21","slug":"american-dj-emerald-scan","status":"publish","type":"product","link":"https:\/\/locaperche.fr\/index.php\/produit\/american-dj-emerald-scan\/","title":{"rendered":"AMERICAN DJ EMERALD"},"content":{"rendered":"","protected":false},"excerpt":{"rendered":"<p>\u2013 Projecteur laser vert compact 5 mW \u00e0 DMX-512<br \/>\n\u2013 Effet tunnel<br \/>\n\u2013 Possibilit\u00e9 de raccord via connecteurs XLR 3 broches<br \/>\n\u2013 Id\u00e9al pour discoth\u00e8ques de petite taille ou artistes itin\u00e9rants<br \/>\n\u2013 3 modes de fonctionnement : DMX, mode musical et ma\u00eetre\/esclave<br \/>\n\u2013 Interrupteur On\/Off<br \/>\n\u2013 Entr\u00e9e 1\/4\u2033 pour t\u00e9l\u00e9commande optionnelle (vendue s\u00e9par\u00e9ment)<br \/>\n\u2013 Diode laser : 4,9 mW (laser classe IIIa)<br \/>\n\u2013 Dimensions (LxlxH) : 302 x 162 x 118 mm<br \/>\n\u2013 Poids : 2,5 kg<\/p>\n","protected":false},"featured_media":1068,"comment_status":"open","ping_status":"closed","template":"","meta":[],"product_cat":[26],"product_tag":[],"class_list":["post-1067","product","type-product","status-publish","has-post-thumbnail","hentry","product_cat-laser"],"_links":{"self":[{"href":"https:\/\/locaperche.fr\/index.php\/wp-json\/wp\/v2\/product\/1067","targetHints":{"allow":["GET"]}}],"collection":[{"href":"https:\/\/locaperche.fr\/index.php\/wp-json\/wp\/v2\/product"}],"about":[{"href":"https:\/\/locaperche.fr\/index.php\/wp-json\/wp\/v2\/types\/product"}],"replies":[{"embeddable":true,"href":"https:\/\/locaperche.fr\/index.php\/wp-json\/wp\/v2\/comments?post=1067"}],"wp:featuredmedia":[{"embeddable":true,"href":"https:\/\/locaperche.fr\/index.php\/wp-json\/wp\/v2\/media\/1068"}],"wp:attachment":[{"href":"https:\/\/locaperche.fr\/index.php\/wp-json\/wp\/v2\/media?parent=1067"}],"wp:term":[{"taxonomy":"product_cat","embeddable":true,"href":"https:\/\/locaperche.fr\/index.php\/wp-json\/wp\/v2\/product_cat?post=1067"},{"taxonomy":"product_tag","embeddable":true,"href":"https:\/\/locaperche.fr\/index.php\/wp-json\/wp\/v2\/product_tag?post=1067"}],"curies":[{"name":"wp","href":"https:\/\/api.w.org\/{rel}","templated":true}]}}