{"id":1063,"date":"2024-10-24T00:40:35","date_gmt":"2024-10-23T22:40:35","guid":{"rendered":"http:\/\/locaperche.fr\/?post_type=product&#038;p=1063"},"modified":"2025-03-11T00:19:04","modified_gmt":"2025-03-10T23:19:04","slug":"ibiza-1100-pink","status":"publish","type":"product","link":"https:\/\/locaperche.fr\/index.php\/produit\/ibiza-1100-pink\/","title":{"rendered":"LASER ROSE 1W"},"content":{"rendered":"<p>5 ou 34 canaux DMX<br \/>\nMoteurs haute vitesse 25kpps<br \/>\nFonctionnement DMX, automatique, ma\u00eetre-esclave, command\u00e9 par la musique ou la t\u00e9l\u00e9commande<br \/>\nLivr\u00e9 avec cl\u00e9 de s\u00e9curit\u00e9 &amp; t\u00e9l\u00e9commande<br \/>\nLaser de classe 3B<\/p>\n<p>Alimentation AC100~240V, 50\/60Hz<br \/>\nConsommation 30W<br \/>\nFusible 250V 2A lent (verre 20mm)<br \/>\nLaser diode Rouge: 500mW 638nm + Bleu: 600mW-445nm<br \/>\nTemp\u00e9rature de fonctionnement 10\u00e2\u201e\u0192~40\u00e2\u201e\u0192<br \/>\nCanaux DMX 5 \/ 34 canaux<br \/>\nPoids 3.5kg<br \/>\nDimensions 246 x 211 x 105mm<\/p>\n","protected":false},"excerpt":{"rendered":"<p>Ibiza Light SCAN1100PINK Laser 1100 mW, Laser diode Rouge: 500mW 638nm + Bleu: 600mW-445nm id\u00e9al pour vos animations, effet tunnels, plafonds, etc.<\/p>\n","protected":false},"featured_media":1193,"comment_status":"open","ping_status":"closed","template":"","meta":[],"product_cat":[26],"product_tag":[],"class_list":["post-1063","product","type-product","status-publish","has-post-thumbnail","hentry","product_cat-laser"],"_links":{"self":[{"href":"https:\/\/locaperche.fr\/index.php\/wp-json\/wp\/v2\/product\/1063","targetHints":{"allow":["GET"]}}],"collection":[{"href":"https:\/\/locaperche.fr\/index.php\/wp-json\/wp\/v2\/product"}],"about":[{"href":"https:\/\/locaperche.fr\/index.php\/wp-json\/wp\/v2\/types\/product"}],"replies":[{"embeddable":true,"href":"https:\/\/locaperche.fr\/index.php\/wp-json\/wp\/v2\/comments?post=1063"}],"wp:featuredmedia":[{"embeddable":true,"href":"https:\/\/locaperche.fr\/index.php\/wp-json\/wp\/v2\/media\/1193"}],"wp:attachment":[{"href":"https:\/\/locaperche.fr\/index.php\/wp-json\/wp\/v2\/media?parent=1063"}],"wp:term":[{"taxonomy":"product_cat","embeddable":true,"href":"https:\/\/locaperche.fr\/index.php\/wp-json\/wp\/v2\/product_cat?post=1063"},{"taxonomy":"product_tag","embeddable":true,"href":"https:\/\/locaperche.fr\/index.php\/wp-json\/wp\/v2\/product_tag?post=1063"}],"curies":[{"name":"wp","href":"https:\/\/api.w.org\/{rel}","templated":true}]}}