{"id":1057,"date":"2024-10-24T00:35:32","date_gmt":"2024-10-23T22:35:32","guid":{"rendered":"http:\/\/locaperche.fr\/?post_type=product&#038;p=1057"},"modified":"2025-03-11T00:20:13","modified_gmt":"2025-03-10T23:20:13","slug":"excelighting-club-1000-bleu","status":"publish","type":"product","link":"https:\/\/locaperche.fr\/index.php\/produit\/excelighting-club-1000-bleu\/","title":{"rendered":"LASER BLEU 1W"},"content":{"rendered":"<div><span class=\"userContent\"><span class=\"userContent\"><span class=\"text_exposed_show\">\u2022 Gr\u00e2ce \u00e0 des scanners haute d\u00e9finition, le CLUB Blue 1000 projette des images BLUE de qualit\u00e9s.<br \/>\n\u2022 Les 3 modes diff\u00e9rents rendent ce laser tr\u00e8s facile \u00e0 utiliser :<br \/>\no Mode MUSICAL : 100% plug &amp; play. Branchez simplement votre appareil sur le secteur et admirez le show command\u00e9 par la musique.<br \/>\no Mode AUTOMATIQUE : Projection du show laser sans musique.<br \/>\no Mode DMX : 12 canaux pour commander totalement tous les programmes internes !<br \/>\n\u2022 Technologie de d\u00e9coupage pour bien s\u00e9parer les faisceaux laser<br \/>\n\u2022 Un laser parfait pour les clubs, les discoth\u00e8ques, Discomobile, etc &#8230;<\/span><\/span><\/span>Techniques:<\/p>\n<p>Alimentation : AC 100~240V, 50\/60Hz<br \/>\nFusible: 250V 1.5A<br \/>\nPuissance consommation: 40W<br \/>\nAngle faisceau laser +\/-30\u00b0<\/p>\n<p><span class=\"userContent\"><span class=\"text_exposed_show\">Moteurs pas \u00e0 pas \u00e0 grande vitesse, jusqu&#8217;\u00e0 30kpps \u00e0 4\u00b0<\/span><\/span><\/div>\n<div><span class=\"userContent\"><span class=\"text_exposed_show\"> Connecteur DMX: 3pin XLR male \/ femelle<br \/>\nCanaux de contr\u00f4le DMX : 12<\/span><\/span><span class=\"userContent\"><span class=\"text_exposed_show\"><br \/>\n<\/span><\/span><span class=\"userContent\"><span class=\"text_exposed_show\">Diode Laser : Bleu 1000mW 445nm <\/span><\/span><\/div>\n<div><span class=\"userContent\"><span class=\"text_exposed_show\">Laser classe 4<br \/>\nTemp\u00e9rature de fonctionnement: 10\u00b0C \u00e0 40\u00b0C<\/span><\/span><\/div>\n","protected":false},"excerpt":{"rendered":"<p><span class=\"userContent\">Un laser a \u00e9t\u00e9 \u00e9tudi\u00e9 pour produire des effets lumineux saisissants, la succession de programmes r\u00e9alise un v\u00e9ritable \u00ab Show Laser<span class=\"text_exposed_show\"> Bleu \u00bb<\/span><\/span><\/p>\n","protected":false},"featured_media":1060,"comment_status":"open","ping_status":"closed","template":"","meta":[],"product_cat":[26],"product_tag":[],"class_list":["post-1057","product","type-product","status-publish","has-post-thumbnail","hentry","product_cat-laser"],"_links":{"self":[{"href":"https:\/\/locaperche.fr\/index.php\/wp-json\/wp\/v2\/product\/1057","targetHints":{"allow":["GET"]}}],"collection":[{"href":"https:\/\/locaperche.fr\/index.php\/wp-json\/wp\/v2\/product"}],"about":[{"href":"https:\/\/locaperche.fr\/index.php\/wp-json\/wp\/v2\/types\/product"}],"replies":[{"embeddable":true,"href":"https:\/\/locaperche.fr\/index.php\/wp-json\/wp\/v2\/comments?post=1057"}],"wp:featuredmedia":[{"embeddable":true,"href":"https:\/\/locaperche.fr\/index.php\/wp-json\/wp\/v2\/media\/1060"}],"wp:attachment":[{"href":"https:\/\/locaperche.fr\/index.php\/wp-json\/wp\/v2\/media?parent=1057"}],"wp:term":[{"taxonomy":"product_cat","embeddable":true,"href":"https:\/\/locaperche.fr\/index.php\/wp-json\/wp\/v2\/product_cat?post=1057"},{"taxonomy":"product_tag","embeddable":true,"href":"https:\/\/locaperche.fr\/index.php\/wp-json\/wp\/v2\/product_tag?post=1057"}],"curies":[{"name":"wp","href":"https:\/\/api.w.org\/{rel}","templated":true}]}}